{"id":1572,"date":"2015-10-08T18:24:29","date_gmt":"2015-10-08T16:24:29","guid":{"rendered":"http:\/\/anne-thewes.de\/?page_id=1572"},"modified":"2018-10-23T16:12:05","modified_gmt":"2018-10-23T14:12:05","slug":"1572-2","status":"publish","type":"page","link":"https:\/\/anne-thewes.de\/?page_id=1572","title":{"rendered":"Links"},"content":{"rendered":"<p><a class=\"content_link_bold\" href=\"http:\/\/sabina-bockemuehl.de\/\" target=\"_blank\" rel=\"noopener\">sabina-bockemuehl.de<\/a><\/p>\n<p><a class=\"content_link_bold\" href=\"http:\/\/www.freieheilpraktiker.de\" target=\"_blank\" rel=\"noopener\">freieheilpraktiker.de<\/a><\/p>\n<p><a class=\"content_link_bold\" href=\"http:\/\/homoeopathie-zweibruecken.de\/Mensuale.pdf\" target=\"_blank\" rel=\"noopener\">Karl-Josef M\u00fcller Klassische Hom\u00f6opathie<\/a><\/p>\n<p>F\u00fcr alle diese Links gilt: Ich m\u00f6chte ausdr\u00fccklich betonen, dass ich keinen Einfluss auf die Gestaltung und die Inhalte der gelinkten Seiten habe. Deshalb distanziere ich mich hiermit ausdr\u00fccklich von allen Inhalten aller gelinkten Seiten auf meiner Homepage und mache mir ihre Inhalte nicht zu Eigen. Diese Erkl\u00e4rung gilt f\u00fcr alle auf meiner Homepage aufgebrachten Links und f\u00fcr alle Inhalte der Seiten, zu denen die bei mir aufgef\u00fchrten Links f\u00fchren.<\/p>\n","protected":false},"excerpt":{"rendered":"<p>sabina-bockemuehl.de freieheilpraktiker.de Karl-Josef M\u00fcller Klassische Hom\u00f6opathie F\u00fcr alle diese Links gilt: Ich m\u00f6chte ausdr\u00fccklich betonen, dass ich keinen Einfluss auf die Gestaltung und die Inhalte der gelinkten Seiten habe. Deshalb distanziere ich mich hiermit ausdr\u00fccklich von allen Inhalten aller gelinkten Seiten auf meiner Homepage und mache mir ihre Inhalte nicht zu Eigen. Diese Erkl\u00e4rung gilt [&hellip;]<\/p>\n","protected":false},"author":2,"featured_media":0,"parent":552,"menu_order":17,"comment_status":"closed","ping_status":"closed","template":"","meta":{"footnotes":""},"_links":{"self":[{"href":"https:\/\/anne-thewes.de\/index.php?rest_route=\/wp\/v2\/pages\/1572"}],"collection":[{"href":"https:\/\/anne-thewes.de\/index.php?rest_route=\/wp\/v2\/pages"}],"about":[{"href":"https:\/\/anne-thewes.de\/index.php?rest_route=\/wp\/v2\/types\/page"}],"author":[{"embeddable":true,"href":"https:\/\/anne-thewes.de\/index.php?rest_route=\/wp\/v2\/users\/2"}],"replies":[{"embeddable":true,"href":"https:\/\/anne-thewes.de\/index.php?rest_route=%2Fwp%2Fv2%2Fcomments&post=1572"}],"version-history":[{"count":4,"href":"https:\/\/anne-thewes.de\/index.php?rest_route=\/wp\/v2\/pages\/1572\/revisions"}],"predecessor-version":[{"id":4815,"href":"https:\/\/anne-thewes.de\/index.php?rest_route=\/wp\/v2\/pages\/1572\/revisions\/4815"}],"up":[{"embeddable":true,"href":"https:\/\/anne-thewes.de\/index.php?rest_route=\/wp\/v2\/pages\/552"}],"wp:attachment":[{"href":"https:\/\/anne-thewes.de\/index.php?rest_route=%2Fwp%2Fv2%2Fmedia&parent=1572"}],"curies":[{"name":"wp","href":"https:\/\/api.w.org\/{rel}","templated":true}]}}