{"id":1754,"date":"2015-10-12T20:32:18","date_gmt":"2015-10-12T18:32:18","guid":{"rendered":"http:\/\/anne-thewes.de\/?page_id=1754"},"modified":"2022-08-17T16:18:23","modified_gmt":"2022-08-17T14:18:23","slug":"homoeopathie-fuer-friedensstifter","status":"publish","type":"page","link":"https:\/\/anne-thewes.de\/?page_id=1754","title":{"rendered":"Arzneimttelbild: Friedensstifter"},"content":{"rendered":"<p>GRAPHITES GRAFIT<\/p>\n<p>befand sich \u2013 \u00e4hnlich wie Petroleum \u2013 schon als Kind &#8218;in der Mitte&#8216; mit der schweren Aufgabe, Reibungen zwischen streitenden Elternteilen (oder j\u00fcngeren und \u00e4lteren Geschwistern) zu vermindern. Als emsige Vermittlerin agiert sie hin- und hergerissen zwischen den uneinigen Parteien. Dramatisch zerrei\u00dfend wurde die Situation, als die Eltern sich trennten und nur noch zu einem Elternteil Kontakt m\u00f6glich war. Gewissensbisse nagen an ihr, den anderen Elternteil ganz abgeschrieben zu haben.<br \/>\nNach \u00e4hnlichem Muster handelt Graphites noch heute. Sie spielt ihre Lieblingsrolle als Moderatorin zwischen den Streith\u00e4hnen Eltern, Freunden, Geschwistern etc. Wenn keine L\u00f6sung in Sicht ist, kommt es zum Beziehungsbruch. Darauf folgen Selbstvorw\u00fcrfe und Gewissensn\u00f6te. Sie macht dicht und will auch nicht mehr angesprochen werden. Graphites bringt Musik zum Weinen. Auf k\u00f6rperlicher Ebene entsteht folgendes: Fett, faul, frostig, verfressen, verstopft und sie berichtet in letzter Zeit einige Kilos zugelegt zu haben.<\/p>\n<p>PETROLEUM &#8211; STEIN\u00d6L<\/p>\n<p align=\"LEFT\">Petroleum stand schon als Kind &#8218;mitten im Konflikt&#8216; und musste hilflos und verunsichert zuwarten, dass sich die Wogen zwischen den streitenden Erwachsenen wieder gl\u00e4tten und sie ihre Schlammschlachten befriedigen.<br \/>\nAls &#8218;L\u00fcckenb\u00fc\u00dfer&#8216; mit einem \u00e4lteren und einem j\u00fcngeren Geschwister war es seine Rolle,<br \/>\ndas Auseinanderbrechen dieser Dreierfraktion zu verhindern.<\/p>\n<p align=\"LEFT\">Petroleum ist ein Schlichter geblieben. Streit ertr\u00e4gt er nicht und er unterdr\u00fcckt Zorn.<br \/>\nDie Beziehungen unter den Menschen sollen reibungsfrei ablaufen.<br \/>\nPetroleum neigt, wie Graphites, zu trockener, schrundiger und rissiger Haut.<\/p>\n<p>Quelle: In Anlehnung: <strong>Wissmut<\/strong> Materia Medica M\u00fcller 3,0<br \/>\nKarl-Josef M\u00fcller<\/p>\n<p>\u201eDie Wirksamkeit aller hier vorgestellten Verfahren ist wissenschaftlich \/ schulmedizinisch nicht bewiesen\u201d.<\/p>\n","protected":false},"excerpt":{"rendered":"<p>GRAPHITES GRAFIT befand sich \u2013 \u00e4hnlich wie Petroleum \u2013 schon als Kind &#8218;in der Mitte&#8216; mit der schweren Aufgabe, Reibungen zwischen streitenden Elternteilen (oder j\u00fcngeren und \u00e4lteren Geschwistern) zu vermindern. Als emsige Vermittlerin agiert sie hin- und hergerissen zwischen den uneinigen Parteien. Dramatisch zerrei\u00dfend wurde die Situation, als die Eltern sich trennten und nur noch [&hellip;]<\/p>\n","protected":false},"author":2,"featured_media":2718,"parent":2239,"menu_order":9,"comment_status":"closed","ping_status":"closed","template":"","meta":{"footnotes":""},"_links":{"self":[{"href":"https:\/\/anne-thewes.de\/index.php?rest_route=\/wp\/v2\/pages\/1754"}],"collection":[{"href":"https:\/\/anne-thewes.de\/index.php?rest_route=\/wp\/v2\/pages"}],"about":[{"href":"https:\/\/anne-thewes.de\/index.php?rest_route=\/wp\/v2\/types\/page"}],"author":[{"embeddable":true,"href":"https:\/\/anne-thewes.de\/index.php?rest_route=\/wp\/v2\/users\/2"}],"replies":[{"embeddable":true,"href":"https:\/\/anne-thewes.de\/index.php?rest_route=%2Fwp%2Fv2%2Fcomments&post=1754"}],"version-history":[{"count":10,"href":"https:\/\/anne-thewes.de\/index.php?rest_route=\/wp\/v2\/pages\/1754\/revisions"}],"predecessor-version":[{"id":1766,"href":"https:\/\/anne-thewes.de\/index.php?rest_route=\/wp\/v2\/pages\/1754\/revisions\/1766"}],"up":[{"embeddable":true,"href":"https:\/\/anne-thewes.de\/index.php?rest_route=\/wp\/v2\/pages\/2239"}],"wp:featuredmedia":[{"embeddable":true,"href":"https:\/\/anne-thewes.de\/index.php?rest_route=\/wp\/v2\/media\/2718"}],"wp:attachment":[{"href":"https:\/\/anne-thewes.de\/index.php?rest_route=%2Fwp%2Fv2%2Fmedia&parent=1754"}],"curies":[{"name":"wp","href":"https:\/\/api.w.org\/{rel}","templated":true}]}}