{"id":1995,"date":"2015-11-03T11:31:41","date_gmt":"2015-11-03T09:31:41","guid":{"rendered":"http:\/\/anne-thewes.de\/?page_id=1995"},"modified":"2022-07-22T11:39:14","modified_gmt":"2022-07-22T09:39:14","slug":"homoeopathie-bei-kummer","status":"publish","type":"page","link":"https:\/\/anne-thewes.de\/?page_id=1995","title":{"rendered":"Arzneimttelbild: Einsamkeit und Kummer"},"content":{"rendered":"<p>AURUM ARSENICOSUM<br \/>\nVerantwortung und Perfektion, angstvoll, ruhelos, gottverlassen.<br \/>\nAngst vor lebensbedrohlicher Krankheit. Hat die Hoffnung auf Heilung verloren.<br \/>\nD\u00fcnnh\u00e4utig und empathische Verletzlichkeit.<\/p>\n<p>AURUM METALLICUM GOLD Metall des &gt;Lichts&lt; Affirmation: &#8222;Ich bin wert&#8220;<\/p>\n<p><a href=\"http:\/\/anne-thewes.de\/wp-content\/uploads\/2022\/02\/pexels-photo-6765369.jpg\"><img decoding=\"async\" loading=\"lazy\" class=\"size-medium wp-image-6340 alignleft\" src=\"http:\/\/anne-thewes.de\/wp-content\/uploads\/2022\/02\/pexels-photo-6765369-300x185.jpg\" alt=\"\" width=\"300\" height=\"185\" srcset=\"https:\/\/anne-thewes.de\/wp-content\/uploads\/2022\/02\/pexels-photo-6765369-300x185.jpg 300w, https:\/\/anne-thewes.de\/wp-content\/uploads\/2022\/02\/pexels-photo-6765369-1024x633.jpg 1024w, https:\/\/anne-thewes.de\/wp-content\/uploads\/2022\/02\/pexels-photo-6765369-768x474.jpg 768w, https:\/\/anne-thewes.de\/wp-content\/uploads\/2022\/02\/pexels-photo-6765369.jpg 1473w\" sizes=\"(max-width: 300px) 100vw, 300px\" \/><\/a>\u00dcberverantwortung, da sie der Gesellschaft und oder Gott beweisen wollen, dass sie wertvoll sind.<br \/>\nGesch\u00e4ftliche R\u00fcckschl\u00e4ge. Festhalten an Macht und Verantwortung und F\u00fchrung. Alleinsein. Menschenfurcht.<\/p>\n<p>K\u00f6rperlich: Herzerkrankungen, hoher Blutdruck, Angina pectoris, Knochenerkrankungen. Erkrankungen der Genitalorgane und der Nebennnieren. Aurum ist das von mir am meisten verordnete Mittel zur Impfbegleitung. Es dienst dem Herzschutz, dem Gef\u00e4\u00dfschutz f\u00f6rdert die Durchblutung und harmonisiert die Blutgerinnung.<\/p>\n<p>AURUM METALLICUM, die hom\u00f6opathische Gold &#8222;Pers\u00f6nlichkeit&#8220; hat den Glauben an seine Leistungsf\u00e4higkeit verloren. Er leidet unter dem Verlust von Wertsch\u00e4tzung durch seine Umwelt und f\u00fchlt sich von Gott und seiner Vaterfigur versto\u00dfen. In dieser Dunkelheit sieht er keinen Hoffnungsschimmer. Aurum f\u00fchlt sich im Stich gelassen und einsam. Finanzieller Abstieg ist ein typischer Ausl\u00f6ser f\u00fcr solches Befinden, denn \u2018Geld\u2018 bedeutet \u2018Wert\u2019. Liebesverlust durch eine Person, die vorher hohe Erwartungen in ihn gesetzt hat und ihn entt\u00e4uscht fallen gelassen hat, ist desastr\u00f6s. Aurum verkraftet seine ungen\u00fcgende Leistung nicht. Aurum ist der K\u00f6nig der Metalle.<\/p>\n<p><a href=\"http:\/\/anne-thewes.de\/wp-content\/uploads\/2021\/11\/20201216_150446-scaled.jpg\"><img decoding=\"async\" loading=\"lazy\" class=\"size-medium wp-image-6279 alignleft\" src=\"http:\/\/anne-thewes.de\/wp-content\/uploads\/2021\/11\/20201216_150446-300x169.jpg\" alt=\"\" width=\"300\" height=\"169\" srcset=\"https:\/\/anne-thewes.de\/wp-content\/uploads\/2021\/11\/20201216_150446-300x169.jpg 300w, https:\/\/anne-thewes.de\/wp-content\/uploads\/2021\/11\/20201216_150446-1024x576.jpg 1024w, https:\/\/anne-thewes.de\/wp-content\/uploads\/2021\/11\/20201216_150446-768x432.jpg 768w, https:\/\/anne-thewes.de\/wp-content\/uploads\/2021\/11\/20201216_150446-1536x864.jpg 1536w, https:\/\/anne-thewes.de\/wp-content\/uploads\/2021\/11\/20201216_150446-2048x1152.jpg 2048w\" sizes=\"(max-width: 300px) 100vw, 300px\" \/><\/a>Im Laufe einer hom\u00f6opathischen Behandlung ist es bei Aurum zuerst die Hoffnung, die wieder zum Leben erweckt wird. Der Bezug zu Geld wird milde, verliert seine H\u00e4rte. Licht und Leichtigkeit entsteht. Aurum erkennt wieder seinen WERT und er besteigt wieder seinen Thron und setzt sich wieder seine Krone auf.<\/p>\n<p>IODUM JOD (Aurum iodatum ist eine Kombination aus Beidem)<br \/>\nDas Gef\u00fchl alles zu verlieren, alles loslassen zu m\u00fcssen. (Heimat, Besitz, Ideen, Kreativit\u00e4t).<br \/>\nRastlose Bem\u00fchung zur Selbstdarstellung und Beachtung. Ruhelos, getrieben, nerv\u00f6s, impulsiv, vergesslich.<br \/>\nBeschwerden durch Heimatverlust, Katastrophen, Fliehen m\u00fcssen.<\/p>\n<p>\u00c4ngste: \u201eWegen seiner Ideen verurteilt zu werden\u201c.<\/p>\n<p>K\u00f6rperlich: Hitzig, Schilddr\u00fcsen\u00fcberfunktion, Hei\u00dfhunger, Ruhelosigkeit, Eile, Nervosit\u00e4t, Schw\u00e4che, Herzklopfen,<br \/>\nStimmprobleme, Lungenbeschwerden, Allergien, Asthma, Lungenentz\u00fcndung, Rheuma, Schwei\u00dfbildung, Wassereinlagerung.<\/p>\n<p>&nbsp;<\/p>\n<p>NATRIUM MURIATICUM KOCHSALZ\u00a0 &#8222;Ich lasse los, was nicht zu mir geh\u00f6rt.&#8220;<br \/>\n<a href=\"http:\/\/anne-thewes.de\/wp-content\/uploads\/2015\/11\/20151121_155338-001.jpg\"><img decoding=\"async\" loading=\"lazy\" class=\"size-medium wp-image-2070 alignleft\" src=\"http:\/\/anne-thewes.de\/wp-content\/uploads\/2015\/11\/20151121_155338-001-300x169.jpg\" alt=\"20151121_155338-001\" width=\"300\" height=\"169\" srcset=\"https:\/\/anne-thewes.de\/wp-content\/uploads\/2015\/11\/20151121_155338-001-300x169.jpg 300w, https:\/\/anne-thewes.de\/wp-content\/uploads\/2015\/11\/20151121_155338-001-1024x576.jpg 1024w\" sizes=\"(max-width: 300px) 100vw, 300px\" \/><\/a>Wie Kochsalz Wasser anzieht und Lebensmittel konserviert, so verschlie\u00dft Natrium muriaticum alle Gef\u00fchle in sich und l\u00e4sst sie nicht mehr los. Kummer und Entt\u00e4uschungen bewahrt Natrium muriaticum tief im Inneren auf und redet ungern dar\u00fcber. Nach au\u00dfen tr\u00e4gt sie eine oberfl\u00e4chliche kommunikative Maske. Natrium muriaticum kann sehr nachtragend sein. Dann verwandelt sich die Gef\u00fchlsverletzung in echten Hass. Sie weint nur, wenn es niemand bemerken kann und dann bittere Tr\u00e4nen. Sie kann den Verlust oder die Trennung eines geliebten Menschen kaum \u00fcberwinden.<\/p>\n<p>&nbsp;<\/p>\n<p>IGANTIA AMARA IGNAZBOHNE<br \/>\n<a href=\"http:\/\/anne-thewes.de\/wp-content\/uploads\/2015\/11\/20151121_155150-001.jpg\"><img decoding=\"async\" loading=\"lazy\" class=\"size-medium wp-image-2071 alignleft\" src=\"http:\/\/anne-thewes.de\/wp-content\/uploads\/2015\/11\/20151121_155150-001-169x300.jpg\" alt=\"20151121_155150-001\" width=\"169\" height=\"300\" srcset=\"https:\/\/anne-thewes.de\/wp-content\/uploads\/2015\/11\/20151121_155150-001-169x300.jpg 169w, https:\/\/anne-thewes.de\/wp-content\/uploads\/2015\/11\/20151121_155150-001-576x1024.jpg 576w\" sizes=\"(max-width: 169px) 100vw, 169px\" \/><\/a>In Ignatia lodert ein emotionaler Fl\u00e4chenbrand. Es geht um ungl\u00fcckliches Verliebtsein.<br \/>\nSie setzt \u00fcbersteigerte Hoffnungen in einen Partner und ist dann entt\u00e4uscht und leidet unter Liebeskummer.<br \/>\nSie schwankt zwischen Trennung und Vers\u00f6hnung. In der lange ungl\u00fccklichen Ehe empfindet sie Kummer und Kr\u00e4nkung. Sie l\u00e4sst sich unterdr\u00fccken von ihrem Mann oder ihrem Chef. Sie h\u00e4lt es zu aussichtslos zu widersprechen. Kummer, Entt\u00e4uschung, Zorn und Entr\u00fcstung konglomerieren zu einem Klumpen widerspr\u00fcchlicher Stimmungen. Diesen empfindet sie dann als Klo\u00df im Hals. Ignatia wei\u00df einfach nicht, was sie will und kann f\u00fcr ihre Umgebung sehr anstrengend sein.<br \/>\nEs ist das Akutmittel beim Tod oder Verlust eines geliebten Menschen!<\/p>\n<p>&nbsp;<\/p>\n<p>&nbsp;<\/p>\n<p>&nbsp;<\/p>\n<p>BUFO RANA GIFT EINER KR\u00d6TE<\/p>\n<p><strong>Das Haus, in dem es mit seinen Eltern lebt, existiert als Ort von Schutz, <\/strong><br \/>\n<strong>Sicherheit und Liebe nicht mehr.<\/strong><\/p>\n<p><strong>&#8218;Es ist keiner mehr da, der mich liebt&#8216;,<\/strong><br \/>\nk\u00f6nnte der Ausspruch eines Bufo-Kindes sein,<br \/>\nwenn es in der Lage w\u00e4re, seinen tiefsten Gef\u00fchlen verbalen Ausdruck zu geben.<\/p>\n<p>Es macht M\u00fche, den Eltern, die sich mit Hom\u00f6opathie besch\u00e4ftigen, zu erkl\u00e4ren, warum ausgerechnet ihr Kind Bufo rana als Heilmittel ben\u00f6tigt. Eltern, die die emotionalen Bed\u00fcrfnisse, die das Kind hat, im Moment nicht abdecken k\u00f6nnen. Diese soziale oder emotionale Isolation, die durch die mangelhafte Eltern-Kind-Beziehung entsteht, f\u00fchrt das Kind in eine Art Bet\u00e4ubung. Der Hunger nach Ber\u00fchrung, der Hunger nach Liebe macht einen ganz k\u00f6rperlichen Schmerz, der durch Zuwendung, gehalten werden oder Anteilnahme und Verst\u00e4ndnis gelindert werden kann. Aber gerade dazu sind die Eltern manchmal aufgrund ihrer eigenen emotionalen Belastung (Schwierigkeiten in der Ehe, Scheidung, Krankheit, Tod des Partners, andere Schicksalsschl\u00e4ge oder einfach die Geburt des Geschwisterchens) nicht in der Lage. Wie soll eine ungl\u00fcckliche Mutter oder ein ungl\u00fccklicher Vater, die selber Trost und Halt brauchen, ihr Kind tr\u00f6sten? Das Kind tr\u00e4umt sich weg. Es hat Zust\u00e4nde, die als Trance bezeichnet werden k\u00f6nnen, und es bleibt in der seelisch-geistigen Entwicklung stehen und das Bufo-Kind spielt sexuell gern mit sich allein. Es kaut gerne Fingern\u00e4gel und bei\u00dft auf den Fingerspitzen herum. Sie g\u00e4hnen oft. Wenn der Kontakt zur Mutter gut ist, halten sie gerne K\u00f6rperkontakt. Es sind ruhelose Kinder, die gerne laut schreiend durchs Haus laufen oder im Garten ihre Runden drehen. Im Freien f\u00fchlen sie sich besser. Sie haben Angst vor Hunden, aber auch vor anderen Tieren (K\u00fchen, Ochsen, Pferden). Durch die emotionale Bet\u00e4ubung haben sie Schulschwierigkeiten und <a href=\"http:\/\/anne-thewes.de\/?page_id=2108\">Konzentrationsst\u00f6rungen<\/a>, wirken etwas zur\u00fcckgeblieben oder entwickeln sich nicht mehr weiter und machen einen kindischen, d. h. nicht altersgem\u00e4\u00dfen Eindruck. Wenn eine 5-J\u00e4hrige nicht ohne Schnuller auskommt, sollten wir schon an Bufo denken.<\/p>\n<p>MERKE: Bufo ist ein h\u00e4ufig verordnetes Mittel im Schulalltag und es mu\u00df nicht immer eine \u00e4u\u00dfere emotionale Ursache f\u00fcr den Bufo-Zustand geben. Oft sind die Kinder auch den Anforderungen des Schulalltags, mit Unruhe, Stress, Zeitdruck, Handy-Strahlung und Multimedia etc. \u00fcberfordert.<\/p>\n<p>MERKE: Die hom\u00f6opathische Akut- oder Konstitutionsbehandlung geh\u00f6rt IMMER in die Hand eines erfahrenen Hom\u00f6opathen!<\/p>\n<p>\u201eDie Wirksamkeit aller hier vorgestellten Verfahren ist wissenschaftlich \/ schulmedizinisch nicht bewiesen\u201d.<\/p>\n<p>Quelle: Christina Baumann &amp; Roswitha Stark<br \/>\nHOM\u00d6OPATHISCHE SYMBOLAPOTHEKE<\/p>\n<p>Quelle: In Anlehnung: <strong>Wissmut<\/strong> Materia Medica M\u00fcller 3,0<br \/>\nKarl-Josef M\u00fcller<\/p>\n<p>Quelle: <strong>Wesentliches auf den Punkt gebracht<\/strong><br \/>\nEssenzen der hom\u00f6opathischen Familien &amp; Naturreiche<br \/>\nAmati Holle<\/p>\n","protected":false},"excerpt":{"rendered":"<p>AURUM ARSENICOSUM Verantwortung und Perfektion, angstvoll, ruhelos, gottverlassen. Angst vor lebensbedrohlicher Krankheit. Hat die Hoffnung auf Heilung verloren. D\u00fcnnh\u00e4utig und empathische Verletzlichkeit. AURUM METALLICUM GOLD Metall des &gt;Lichts&lt; Affirmation: &#8222;Ich bin wert&#8220; \u00dcberverantwortung, da sie der Gesellschaft und oder Gott beweisen wollen, dass sie wertvoll sind. Gesch\u00e4ftliche R\u00fcckschl\u00e4ge. Festhalten an Macht und Verantwortung und F\u00fchrung. [&hellip;]<\/p>\n","protected":false},"author":2,"featured_media":2415,"parent":2239,"menu_order":6,"comment_status":"closed","ping_status":"closed","template":"","meta":{"footnotes":""},"_links":{"self":[{"href":"https:\/\/anne-thewes.de\/index.php?rest_route=\/wp\/v2\/pages\/1995"}],"collection":[{"href":"https:\/\/anne-thewes.de\/index.php?rest_route=\/wp\/v2\/pages"}],"about":[{"href":"https:\/\/anne-thewes.de\/index.php?rest_route=\/wp\/v2\/types\/page"}],"author":[{"embeddable":true,"href":"https:\/\/anne-thewes.de\/index.php?rest_route=\/wp\/v2\/users\/2"}],"replies":[{"embeddable":true,"href":"https:\/\/anne-thewes.de\/index.php?rest_route=%2Fwp%2Fv2%2Fcomments&post=1995"}],"version-history":[{"count":45,"href":"https:\/\/anne-thewes.de\/index.php?rest_route=\/wp\/v2\/pages\/1995\/revisions"}],"predecessor-version":[{"id":6466,"href":"https:\/\/anne-thewes.de\/index.php?rest_route=\/wp\/v2\/pages\/1995\/revisions\/6466"}],"up":[{"embeddable":true,"href":"https:\/\/anne-thewes.de\/index.php?rest_route=\/wp\/v2\/pages\/2239"}],"wp:featuredmedia":[{"embeddable":true,"href":"https:\/\/anne-thewes.de\/index.php?rest_route=\/wp\/v2\/media\/2415"}],"wp:attachment":[{"href":"https:\/\/anne-thewes.de\/index.php?rest_route=%2Fwp%2Fv2%2Fmedia&parent=1995"}],"curies":[{"name":"wp","href":"https:\/\/api.w.org\/{rel}","templated":true}]}}