{"id":2,"date":"2013-02-23T23:16:36","date_gmt":"2013-02-23T23:16:36","guid":{"rendered":"http:\/\/www.anne-thewes.de\/wp\/?page_id=2"},"modified":"2026-04-30T18:02:02","modified_gmt":"2026-04-30T16:02:02","slug":"beispiel-seite","status":"publish","type":"page","link":"https:\/\/anne-thewes.de\/","title":{"rendered":"Start"},"content":{"rendered":"<p style=\"text-align: right;\"><strong>Das Geheimnis des Wandels<\/strong><br \/>\n<strong>\u201cNicht das Alte bek\u00e4mpfen,<\/strong><br \/>\n<strong>sondern das Neue forme<\/strong><strong>n.\u201d<br \/>\n<\/strong>Sokrates<\/p>\n<p>&nbsp;<\/p>\n<h5><strong>Die Praxis bleibt bis Ende Mai geschlossen.<br \/>\nNeue Terminabsprachen sind ab dem 01.06.2026 wieder m\u00f6glich!<\/strong><\/h5>\n<p>&nbsp;<\/p>\n<p style=\"text-align: left;\"><strong>\u201cHerzlich Willkommen auf der Homepage meiner<br \/>\nPraxis f\u00fcr Naturheilkunde und Kinesiologie Anne Thewes!<br \/>\nIch freue mich, dass Sie mich auf meiner Internetseite besuchen.<\/strong><\/p>\n<p>Sollten Sie sich gerade frisch gegen Covid 19 haben impfen lassen,<br \/>\nwarten Sie bitte 4 Wochen, bevor Sie mich aufsuchen.<br \/>\nEin Telefontermin hingegen ist m\u00f6glich!<\/p>\n<h3><strong>Das biete ich Ihnen: Siehe unter <a href=\"https:\/\/anne-thewes.de\/?page_id=552\">Anwendungen<\/a>:<\/strong><\/h3>\n<p><strong><a href=\"http:\/\/anne-thewes.de\/?page_id=62\">Hom\u00f6opathische<\/a>, <a href=\"http:\/\/anne-thewes.de\/?page_id=3678\">ganzheitliche und kinesiologische Behandlung <\/a><\/strong><strong><br \/>\naller akuten und chronischen Erkrankungen<\/strong><\/p>\n<p style=\"padding-left: 40px;\"><strong>Klassische miasmatische Hom\u00f6opathie<\/strong><br \/>\n<strong>Hom\u00f6opathische Prozessarbeit<\/strong><br \/>\n<strong>Kinesiologische Diagnostik<\/strong><\/p>\n<p><strong><a href=\"https:\/\/anne-thewes.de\/?page_id=6914\">Hom\u00f6opathische Nosoden-Therapie:<\/a><br \/>\n<\/strong><strong><a href=\"https:\/\/anne-thewes.de\/?page_id=1995\">&#8222;Long-Covid&#8220; &#8222;Post-Covid&#8220;<\/a><br \/>\n<a href=\"https:\/\/anne-thewes.de\/?page_id=3678\">&#8222;MACS&#8220;<\/a><\/strong> (Mastzellenaktivierungssyndrom)<strong><br \/>\n<\/strong><a href=\"https:\/\/anne-thewes.de\/?page_id=6914\"><strong>&#8222;Impf-Covid&#8220; <\/strong><\/a>Bitte immer den Impfausweis als Kopie mitbringen!<\/p>\n<p><a href=\"https:\/\/anne-thewes.de\/?page_id=3678\"><strong>I<\/strong><\/a><strong>mpfausleitung unter Ber\u00fccksichtigung der ganz individuellen Situation mit der <a href=\"https:\/\/anne-thewes.de\/?page_id=6914\">Nosodentherapie<\/a><\/strong><br \/>\n<strong>und\/oder Hom\u00f6opathie, sowie der Unterst\u00fctzung mit Nahrungserg\u00e4nzung.<\/strong><\/p>\n<p><strong><a href=\"https:\/\/anne-thewes.de\/?page_id=83\">Traumatherapie<\/a><br \/>\n<a href=\"https:\/\/anne-thewes.de\/?page_id=90\">Lebensberatung<\/a><br \/>\nPotentialentfaltung f\u00fcr Therapeuten<\/strong><\/p>\n<p><strong>Geeignet f\u00fcr Erwachsene<br \/>\n<a href=\"http:\/\/anne-thewes.de\/?page_id=2242\">Jugendliche<\/a> und <a href=\"http:\/\/anne-thewes.de\/?page_id=2242\">Kinder <\/a><\/strong><br \/>\n<strong><a href=\"http:\/\/anne-thewes.de\/?page_id=1659\">HSP-Persons <\/a><\/strong>(Hochsensible Pers\u00f6nlichkeiten)<strong><br \/>\n<\/strong><\/p>\n<p><strong>Termine nur nach Vereinbarung<br \/>\n0212\/ 230 93 64\u00a0 <\/strong>Beim ersten Termin bitte immer \u00fcber FESTNETZ!<strong><br \/>\n0151 \/ 111 84 330<br \/>\n<\/strong><strong>praxis@anne-thewes.de<\/strong><\/p>\n<p><a href=\"http:\/\/anne-thewes.de\/?page_id=4706\"><strong>Kos<\/strong><\/a><a href=\"http:\/\/anne-thewes.de\/?page_id=4706\"><strong>ten<\/strong><\/a><\/p>\n<p><a href=\"http:\/\/anne-thewes.de\/?page_id=15\"><strong>Praxis f\u00fcr Naturheilkunde und Kinesiologie<\/strong><\/a><br \/>\n<strong>Anne Margret Thewes<br \/>\nHeilpraktikerin &#8211; Hom\u00f6opathin<\/strong><br \/>\n<strong><a href=\"https:\/\/anne-thewes.de\/?page_id=15\">Neuenhofer Stra\u00dfe 39 Raum 1.13a<\/a><\/strong><br \/>\n<strong><a href=\"https:\/\/anne-thewes.de\/?page_id=15\">Villa Lindenhof (ehemalige Familienbildungsst\u00e4tte)<\/a><\/strong><br \/>\n<a href=\"https:\/\/anne-thewes.de\/?page_id=15\"><strong>42657 Solingen \u2013 H\u00f6hscheid<\/strong><\/a><\/p>\n<p>Bitte keine WhatsApp (siehe Datenschutz)<br \/>\n<strong>www.anne-thewes.de<br \/>\n<\/strong><\/p>\n<p>Alle privaten Kassen und Beihilfe<br \/>\nParkpl\u00e4tze vorhanden<\/p>\n<p><strong>&#8222;Alles, was sie tr\u00e4umen k\u00f6nnen, k\u00f6nnen Sie auch tun.&#8220; Walt Disney<\/strong><\/p>\n<p><a href=\"http:\/\/anne-thewes.de\/wp-content\/uploads\/2015\/05\/IMG_1895-002.jpg\" rel=\"attachment wp-att-3382\"><img decoding=\"async\" loading=\"lazy\" class=\"size-medium wp-image-3382 alignleft\" src=\"http:\/\/anne-thewes.de\/wp-content\/uploads\/2015\/05\/IMG_1895-002-264x300.jpg\" alt=\"IMG_1895-002\" width=\"264\" height=\"300\" srcset=\"https:\/\/anne-thewes.de\/wp-content\/uploads\/2015\/05\/IMG_1895-002-264x300.jpg 264w, https:\/\/anne-thewes.de\/wp-content\/uploads\/2015\/05\/IMG_1895-002-768x874.jpg 768w, https:\/\/anne-thewes.de\/wp-content\/uploads\/2015\/05\/IMG_1895-002-900x1024.jpg 900w\" sizes=\"(max-width: 264px) 100vw, 264px\" \/><\/a><\/p>\n<p>&nbsp;<\/p>\n<p>&nbsp;<\/p>\n<p>&nbsp;<\/p>\n<p>&nbsp;<\/p>\n<p>&nbsp;<\/p>\n<p>&nbsp;<\/p>\n<p>&nbsp;<\/p>\n<p>&nbsp;<\/p>\n<p><strong>\u00a0<\/strong><\/p>\n<p>Wenn Sie oben in der Menue \u2013 Leiste auf <a href=\"http:\/\/anne-thewes.de\/?page_id=552\">Anwendungen<\/a> klicken, haben Sie die Gelegenheit, sich \u00fcber meine hom\u00f6opathischen und ganzheitlichen Behandlungsmethoden zu informieren.<\/p>\n","protected":false},"excerpt":{"rendered":"<p>Das Geheimnis des Wandels \u201cNicht das Alte bek\u00e4mpfen, sondern das Neue formen.\u201d Sokrates &nbsp; Die Praxis bleibt bis Ende Mai geschlossen. Neue Terminabsprachen sind ab dem 01.06.2026 wieder m\u00f6glich! &nbsp; \u201cHerzlich Willkommen auf der Homepage meiner Praxis f\u00fcr Naturheilkunde und Kinesiologie Anne Thewes! Ich freue mich, dass Sie mich auf meiner Internetseite besuchen. Sollten Sie [&hellip;]<\/p>\n","protected":false},"author":1,"featured_media":7386,"parent":0,"menu_order":0,"comment_status":"open","ping_status":"open","template":"","meta":{"footnotes":""},"_links":{"self":[{"href":"https:\/\/anne-thewes.de\/index.php?rest_route=\/wp\/v2\/pages\/2"}],"collection":[{"href":"https:\/\/anne-thewes.de\/index.php?rest_route=\/wp\/v2\/pages"}],"about":[{"href":"https:\/\/anne-thewes.de\/index.php?rest_route=\/wp\/v2\/types\/page"}],"author":[{"embeddable":true,"href":"https:\/\/anne-thewes.de\/index.php?rest_route=\/wp\/v2\/users\/1"}],"replies":[{"embeddable":true,"href":"https:\/\/anne-thewes.de\/index.php?rest_route=%2Fwp%2Fv2%2Fcomments&post=2"}],"version-history":[{"count":810,"href":"https:\/\/anne-thewes.de\/index.php?rest_route=\/wp\/v2\/pages\/2\/revisions"}],"predecessor-version":[{"id":7394,"href":"https:\/\/anne-thewes.de\/index.php?rest_route=\/wp\/v2\/pages\/2\/revisions\/7394"}],"wp:featuredmedia":[{"embeddable":true,"href":"https:\/\/anne-thewes.de\/index.php?rest_route=\/wp\/v2\/media\/7386"}],"wp:attachment":[{"href":"https:\/\/anne-thewes.de\/index.php?rest_route=%2Fwp%2Fv2%2Fmedia&parent=2"}],"curies":[{"name":"wp","href":"https:\/\/api.w.org\/{rel}","templated":true}]}}