{"id":2208,"date":"2015-12-25T12:28:19","date_gmt":"2015-12-25T10:28:19","guid":{"rendered":"http:\/\/anne-thewes.de\/?page_id=2208"},"modified":"2025-11-26T17:05:47","modified_gmt":"2025-11-26T15:05:47","slug":"immer-mehr-kinder-und-jugendliche-erkranken-am-pfeifferschen-druesenfieber","status":"publish","type":"page","link":"https:\/\/anne-thewes.de\/?page_id=2208","title":{"rendered":"Immer mehr Kinder und Jugendliche erkranken am Pfeifferschen Dr\u00fcsenfieber!"},"content":{"rendered":"<p style=\"text-align: right;\">Wir alle waren einst erleuchtet.<br \/>\nJedes Kind, das geboren wird, ist es.<br \/>\nSusanne Dinkelmann<\/p>\n<p><strong>Viren als Ausl\u00f6ser f\u00fcr Chronische Erkankungen!<\/strong><\/p>\n<p><a href=\"http:\/\/anne-thewes.de\/wp-content\/uploads\/2020\/08\/20200816_005227-001.jpg\"><img decoding=\"async\" loading=\"lazy\" class=\"size-medium wp-image-5714 alignleft\" src=\"http:\/\/anne-thewes.de\/wp-content\/uploads\/2020\/08\/20200816_005227-001-296x300.jpg\" alt=\"\" width=\"296\" height=\"300\" srcset=\"https:\/\/anne-thewes.de\/wp-content\/uploads\/2020\/08\/20200816_005227-001-296x300.jpg 296w, https:\/\/anne-thewes.de\/wp-content\/uploads\/2020\/08\/20200816_005227-001.jpg 506w\" sizes=\"(max-width: 296px) 100vw, 296px\" \/><\/a><\/p>\n<p>&nbsp;<\/p>\n<p>Es liegt die Vermutung nahe, dass das <a href=\"http:\/\/anne-thewes.de\/?page_id=4422\">Epstein-Barr Virus<\/a>, Cytomegalie oder die Herpes-Virengruppe bei vielen chronischen Erkrankungen der Ausl\u00f6ser ist.<\/p>\n<p><a href=\"http:\/\/anne-thewes.de\/?page_id=3010\">Schulversagen<\/a>, <a href=\"http:\/\/anne-thewes.de\/?page_id=2242\">chronische Ersch\u00f6pfung<\/a>, <a href=\"http:\/\/anne-thewes.de\/?page_id=3501\">Versagens\u00e4ngste<\/a>, vermeintliche Faulheit, L\u00fcgen, Unverst\u00e4ndnis und Kummer bei den Betroffenen &#8211;<br \/>\nbis hin zu zerst\u00f6rischen Familienstreits sind die Folge.<\/p>\n<p><strong>Lesen Sie bitte hierzu folgenden Zeitungsartikel!<\/strong><br \/>\n<strong>Faul oder doch krank? Von der Hoffnung auf Heilung!<\/strong><\/p>\n<p>Anna, 15 Jahre alt, ist verzweifelt: Seit Wochen f\u00fchlt sie sich so ersch\u00f6pft, dass sie nur noch schlafen m\u00f6chte. Ihre Leistungen in der Schule brechen ein, mit den Freunden mag sie sich kaum noch verabreden. Die Eltern machen sich Sorgen: Warum ist Anna so faul? Warum klappt es in der Schule nicht mehr? Warum zieht sich unsere Tochter immer mehr zur\u00fcck?<br \/>\nDer Leistungseinbruch kam mit einer \u201eganz normalen\u201c Erk\u00e4ltung. Anna hatte Halsschmerzen, geschwollene Lymphknoten und Fieber. Ein Rachenabstrich kann hier Klarheit bringen, um eine Streptococcen-Infektion, wie Scharlach etc., auszuschlie\u00dfen. Hier w\u00e4re das Antibiotika die richtige Therapie.<br \/>\nDie Beschwerden lie\u00dfen trotz Einnahme von Antibiotika nicht nach. Anna merkte auch, dass sie nicht mehr so leistungsf\u00e4hig war, wie sonst. Auf Empfehlung einer Nachbarin geht die Mutter schlie\u00dflich mit Anna zur Heilpraktikerin Anne Thewes.<br \/>\nDiese f\u00fchrt zun\u00e4chst ein langes Gespr\u00e4ch mit der Jugendlichen, stellt viele Fragen, schreibt Vieles auf. Die Heilpraktikerin pr\u00fcft weiter. Sie wendet dabei einen Muskeltest, die sogenannte kinesiologische Testung, an. So kontrolliert sie m\u00f6gliche Belastungen und Allergien und erf\u00e4hrt, ob Anna an Nahrungsmittel-Unvertr\u00e4glichkeiten leidet, ob der Schlafplatz energetisch gut ist, ob es Belastungen durch Schimmelpilze gibt, eine Hausstaub-Milbenallergie vorliegt und Vieles mehr. Der Organ-Check zeigt, dass die Milz geschw\u00e4cht ist. Ein weiterer Test liefert den Beweis: Anna leidet am Pfeifferschen Dr\u00fcsenfieber, das durch den <a href=\"http:\/\/anne-thewes.de\/?page_id=4422\">Epstein-Barr Virus<\/a> ausgel\u00f6st wird. Unbehandelt k\u00f6nnen die Symptome, zu denen vor allem Ersch\u00f6pfungszust\u00e4nde geh\u00f6ren, viele Monate anhalten. Anna bekommt nun die notwendige Unterst\u00fctzung, um wieder gesund zu werden. Die Heilpraktikerin verschreibt hom\u00f6opathische Mittel, die ihr Immunsystem unterst\u00fctzen und st\u00e4rken. Vor allem aber wird die Jugendliche nun ernst genommen: Sie ist krank, auch wenn man es nicht sofort sieht. Sie braucht Ruhe und Schlaf und sollte auch eine Zeit lang keinen Sport treiben. So wie Anna geht es vielen Menschen: Sie leiden unter Symptomen, f\u00fcr die es scheinbar keine Erkl\u00e4rung gibt. Ersch\u00f6pfungszust\u00e4nde oder Konzentrationsschw\u00e4che, pl\u00f6tzliches Versagen in Schule oder Beruf, Burnout, Schlafprobleme und vieles mehr. Oft haben sie eine lange Reise zu verschiedenen Therapeuten hinter sich, sind mutlos und f\u00fchlen sich mit ihren Beschwerden nicht ernst genommen.<\/p>\n<p>\u201eSie haben Ihre Krankheit nicht kreiert oder angezogen. Sie ist auch nicht eingebildet. Sie sind auch nicht krank, weil Sie ein bisschen tr\u00e4ge oder willensschwach sind. Und Sie haben ihre Symptome keinesfalls durch falsches Denken oder zu starke \u00c4ngste herbeigerufen.\u201c Anthony Williams<\/p>\n<p><a href=\"http:\/\/anne-thewes.de\/wp-content\/uploads\/2020\/08\/IMG-20200822-WA0033-001.jpg\"><img decoding=\"async\" loading=\"lazy\" class=\"size-medium wp-image-5730 alignleft\" src=\"http:\/\/anne-thewes.de\/wp-content\/uploads\/2020\/08\/IMG-20200822-WA0033-001-300x139.jpg\" alt=\"\" width=\"300\" height=\"139\" srcset=\"https:\/\/anne-thewes.de\/wp-content\/uploads\/2020\/08\/IMG-20200822-WA0033-001-300x139.jpg 300w, https:\/\/anne-thewes.de\/wp-content\/uploads\/2020\/08\/IMG-20200822-WA0033-001.jpg 551w\" sizes=\"(max-width: 300px) 100vw, 300px\" \/><\/a>Oft kann die ausgebildete Heilpraktikerin Anne Thewes (67) eine Unterst\u00fctzung geben. Sie setzt in ihrer Behandlung auf eine Kombination aus Hom\u00f6opathie und Kinesiologie. Oberste Priorit\u00e4t hat f\u00fcr sie die Anamnese: Die Vorgeschichte des Patienten in Bezug auf seine aktuelle Erkrankung, Besonderheiten in seinem Leben, seine aktuelle Lebenssituation, aber auch die Familiengeschichte und die genetische Veranlagung. Dies alles steht im Mittelpunkt ausf\u00fchrlicher Gespr\u00e4che. Ganz wichtig ist es Anne Thewes, Symptome und Beschwerden ernst zu nehmen: \u201eSymptome sind nie der Feind, sondern ein Freund, der helfen kann, den Weg zur Heilung zu finden.\u201c<\/p>\n","protected":false},"excerpt":{"rendered":"<p>Wir alle waren einst erleuchtet. Jedes Kind, das geboren wird, ist es. Susanne Dinkelmann Viren als Ausl\u00f6ser f\u00fcr Chronische Erkankungen! &nbsp; Es liegt die Vermutung nahe, dass das Epstein-Barr Virus, Cytomegalie oder die Herpes-Virengruppe bei vielen chronischen Erkrankungen der Ausl\u00f6ser ist. Schulversagen, chronische Ersch\u00f6pfung, Versagens\u00e4ngste, vermeintliche Faulheit, L\u00fcgen, Unverst\u00e4ndnis und Kummer bei den Betroffenen &#8211; [&hellip;]<\/p>\n","protected":false},"author":2,"featured_media":6006,"parent":552,"menu_order":14,"comment_status":"closed","ping_status":"closed","template":"","meta":{"footnotes":""},"_links":{"self":[{"href":"https:\/\/anne-thewes.de\/index.php?rest_route=\/wp\/v2\/pages\/2208"}],"collection":[{"href":"https:\/\/anne-thewes.de\/index.php?rest_route=\/wp\/v2\/pages"}],"about":[{"href":"https:\/\/anne-thewes.de\/index.php?rest_route=\/wp\/v2\/types\/page"}],"author":[{"embeddable":true,"href":"https:\/\/anne-thewes.de\/index.php?rest_route=\/wp\/v2\/users\/2"}],"replies":[{"embeddable":true,"href":"https:\/\/anne-thewes.de\/index.php?rest_route=%2Fwp%2Fv2%2Fcomments&post=2208"}],"version-history":[{"count":24,"href":"https:\/\/anne-thewes.de\/index.php?rest_route=\/wp\/v2\/pages\/2208\/revisions"}],"predecessor-version":[{"id":7249,"href":"https:\/\/anne-thewes.de\/index.php?rest_route=\/wp\/v2\/pages\/2208\/revisions\/7249"}],"up":[{"embeddable":true,"href":"https:\/\/anne-thewes.de\/index.php?rest_route=\/wp\/v2\/pages\/552"}],"wp:featuredmedia":[{"embeddable":true,"href":"https:\/\/anne-thewes.de\/index.php?rest_route=\/wp\/v2\/media\/6006"}],"wp:attachment":[{"href":"https:\/\/anne-thewes.de\/index.php?rest_route=%2Fwp%2Fv2%2Fmedia&parent=2208"}],"curies":[{"name":"wp","href":"https:\/\/api.w.org\/{rel}","templated":true}]}}