{"id":2239,"date":"2016-01-06T18:42:48","date_gmt":"2016-01-06T16:42:48","guid":{"rendered":"http:\/\/anne-thewes.de\/?page_id=2239"},"modified":"2025-12-29T19:09:51","modified_gmt":"2025-12-29T17:09:51","slug":"special-homoeoathie","status":"publish","type":"page","link":"https:\/\/anne-thewes.de\/?page_id=2239","title":{"rendered":"&#8222;Hom\u00f6opathische Pers\u00f6nlichkeiten&#8220;"},"content":{"rendered":"<p><b>Beispiel f\u00fcr ein gro\u00dfes Kindermittel:<\/b><\/p>\n<p>CALCIUM PHOSPHORICUM CALCIUM PHOSPHAT<br \/>\nist ein wichtiges Mittel in allen Wachstums- und Entwicklungsphasen, das zum Beispiel Wachstumssch\u00fcbe oder den \u00dcbergang vom Kind in den Kindergarten, in die Schule oder w\u00e4hrend der Pubert\u00e4t gut begleiten kann. Aus dem Spannungsfeld \u00bbFesthalten wollen am Gewohnten\u00ab und \u00bbWeitergehen zum n\u00e4chsten Entwicklungsschritt\u00ab entstehen immer wieder k\u00f6rperliche und psychische Konflikte, die schmerzhaft sein k\u00f6nnen.<br \/>\nCalcium phosphoricum Kinder und Erwachsene sind schnell ersch\u00f6pft und leiden unter Konzentrationsschw\u00e4che.<br \/>\nInnere Unruhe, aber gleichzeitige Langeweile und viele Unsicherheiten halten sie st\u00e4ndig in Bewegung, auf der Suche nach Neuem.<br \/>\nAber auch das Neue und das N\u00e4chste langweilen sie schnell und macht sie unzufrieden. Calcium phosphoricum Pers\u00f6nlichkeiten m\u00f6chten am liebsten mit dem Wind fliegen und frei sein. Schule und Verpflichtungen engen sie ein.<\/p>\n<p>Affirmation:<br \/>\n\u00bbIch bin frei, auch wenn ich bleibe.\u00ab<\/p>\n<p>Themen:<br \/>\nGeburtstrauma<br \/>\nMassive Bedrohung in der Kindheit<br \/>\nDauernde Zurechtweisung<br \/>\nFolge von schlechten Nachrichten<br \/>\n\u00c4ngste:<br \/>\nGewitter<br \/>\nDunkelheit<br \/>\nZur\u00fcckweisung<br \/>\nNicht Einsch\u00e4tzbares<br \/>\nAlleinsein und verlassen werden<br \/>\nK\u00f6rperlich<br \/>\nWachstumsschmerzen<br \/>\n<a href=\"https:\/\/anne-thewes.de\/?page_id=4617\">Wachstumshemmung<\/a><br \/>\nSchulkopfschmerz<br \/>\nNervosit\u00e4t<br \/>\nKonzentrationsschw\u00e4che<br \/>\n<a href=\"https:\/\/anne-thewes.de\/?page_id=4617\">Unruhe<\/a><\/p>\n","protected":false},"excerpt":{"rendered":"<p>Beispiel f\u00fcr ein gro\u00dfes Kindermittel: CALCIUM PHOSPHORICUM CALCIUM PHOSPHAT ist ein wichtiges Mittel in allen Wachstums- und Entwicklungsphasen, das zum Beispiel Wachstumssch\u00fcbe oder den \u00dcbergang vom Kind in den Kindergarten, in die Schule oder w\u00e4hrend der Pubert\u00e4t gut begleiten kann. Aus dem Spannungsfeld \u00bbFesthalten wollen am Gewohnten\u00ab und \u00bbWeitergehen zum n\u00e4chsten Entwicklungsschritt\u00ab entstehen immer wieder [&hellip;]<\/p>\n","protected":false},"author":2,"featured_media":38,"parent":552,"menu_order":10,"comment_status":"closed","ping_status":"closed","template":"","meta":{"footnotes":""},"_links":{"self":[{"href":"https:\/\/anne-thewes.de\/index.php?rest_route=\/wp\/v2\/pages\/2239"}],"collection":[{"href":"https:\/\/anne-thewes.de\/index.php?rest_route=\/wp\/v2\/pages"}],"about":[{"href":"https:\/\/anne-thewes.de\/index.php?rest_route=\/wp\/v2\/types\/page"}],"author":[{"embeddable":true,"href":"https:\/\/anne-thewes.de\/index.php?rest_route=\/wp\/v2\/users\/2"}],"replies":[{"embeddable":true,"href":"https:\/\/anne-thewes.de\/index.php?rest_route=%2Fwp%2Fv2%2Fcomments&post=2239"}],"version-history":[{"count":9,"href":"https:\/\/anne-thewes.de\/index.php?rest_route=\/wp\/v2\/pages\/2239\/revisions"}],"predecessor-version":[{"id":7252,"href":"https:\/\/anne-thewes.de\/index.php?rest_route=\/wp\/v2\/pages\/2239\/revisions\/7252"}],"up":[{"embeddable":true,"href":"https:\/\/anne-thewes.de\/index.php?rest_route=\/wp\/v2\/pages\/552"}],"wp:featuredmedia":[{"embeddable":true,"href":"https:\/\/anne-thewes.de\/index.php?rest_route=\/wp\/v2\/media\/38"}],"wp:attachment":[{"href":"https:\/\/anne-thewes.de\/index.php?rest_route=%2Fwp%2Fv2%2Fmedia&parent=2239"}],"curies":[{"name":"wp","href":"https:\/\/api.w.org\/{rel}","templated":true}]}}