{"id":2882,"date":"2016-08-19T23:38:34","date_gmt":"2016-08-19T21:38:34","guid":{"rendered":"http:\/\/anne-thewes.de\/?page_id=2882"},"modified":"2020-12-08T18:32:16","modified_gmt":"2020-12-08T16:32:16","slug":"ich-vergebe-mir-ich-vergebe-dir","status":"publish","type":"page","link":"https:\/\/anne-thewes.de\/?page_id=2882","title":{"rendered":"Datenschutz Anne Thewes, Heilpraktikerin-Hom\u00f6opathin"},"content":{"rendered":"<p lang=\"en\" style=\"text-align: left;\" align=\"center\"><span lang=\"de-DE\">Datenschutzerkl\u00e4rung (Stand 07.06.2018)<br \/>\n<\/span><\/p>\n<p lang=\"en\" style=\"text-align: left;\" align=\"center\">Siehe auch unter IMPRESSUM<\/p>\n<p>Wir freuen uns \u00fcber Ihren Besuch auf unserer Internetpr\u00e4senz. Wir nehmen den Schutz Ihrer pers\u00f6nlichen Daten ernst und halten uns an die Regeln der gesetzlichen Vorgaben, insbesondere der Datenschutzgesetze. Die in dieser Erkl\u00e4rung verwendeten Begrifflichkeiten sind geschlechtsneutral zu verstehen und umfassen jeweils die weibliche und m\u00e4nnliche Form.<\/p>\n<p>\u00a7 1 Information \u00fcber die Erhebung personenbezogener Daten<\/p>\n<p>In dieser Datenschutzerkl\u00e4rung informieren wir Sie \u00fcber die Erhebung personenbezogener Daten bei Nutzung unserer Internetpr\u00e4senz. Personenbezogene Daten sind alle Daten, die auf Sie pers\u00f6nlich beziehbar sind, beispielsweise Ihr Name, Ihre Anschrift oder Ihre E-Mail-Adresse.<\/p>\n<p lang=\"en\"><span lang=\"de-DE\">Verantwortlicher gem. Art.\u00a04 Abs.\u00a07 EU-Datenschutz-Grundverordnung (DS-GVO) sind wir:<br \/>\n<\/span><\/p>\n<p lang=\"en\"><span lang=\"de-DE\">Praxis f\u00fcr Naturheilkunde und Kinesiologie Anne Thewes<br \/>\nNeuenhofer Str. 39<br \/>\n42657 Solingen<\/span><\/p>\n<p lang=\"en\"><span lang=\"de-DE\">0212\/230 93 64<\/span><span lang=\"de-DE\"><br \/>\n<a href=\"mailto:praxis@anne-thewes.de\">praxis@anne-thewes.de<\/a><\/span><\/p>\n<p lang=\"en\"><span lang=\"de-DE\">Alle Angaben \u00fcber uns finden Sie in unserem Impressum <\/span><\/p>\n<p lang=\"en\"><span lang=\"de-DE\">F\u00fcr eine Kontaktaufnahme k\u00f6nnen Sie uns eine E-Mail zusenden. Dabei ist die Angabe einer g\u00fcltigen E-Mail-Adresse erforderlich, um Ihre Anfrage beantworten zu k\u00f6nnen. Sofern Sie dies w\u00fcnschen, k\u00f6nnen Sie hierzu eine E-Mailadresse verwenden, die keine R\u00fcckschl\u00fcsse auf Ihre Person zul\u00e4sst. Wenn Sie uns eine E-Mail schreiben, speichern wir die von Ihnen mitgeteilten Daten (z.B. Ihre E-Mail-Adresse, ggf. Ihren Namen und Ihre Telefonnummer), um Ihre Fragen zu beantworten. Ist eine Speicherung nicht mehr erforderlich, l\u00f6schen wir die erhobenen personenbezogenen Daten. Falls eine gesetzliche Aufbewahrungspflicht besteht, schr\u00e4nken wir die Verarbeitung ein. Die Rechtsgrundlage f\u00fcr die Datenverarbeitung zum Zwecke der Kontaktaufnahme bildet Art. 6 Abs. 1 S. 1 lit. f DS-GVO. <\/span><\/p>\n<p>Wir m\u00f6chten Sie darauf hinweisen, dass eine Daten\u00fcbertragung per E-Mail Sicherheitsl\u00fccken aufweisen kann. Ein l\u00fcckenloser Schutz der Daten vor dem Zugriff durch Dritte ist hier nicht m\u00f6glich. Wir empfehlen deshalb, sensible oder gesundheitsbezogene Daten nicht per Email zu \u00fcbermitteln. Sofern Sie an einer verschl\u00fcsselten E-Mail-Korrespondenz interessiert sind, teilen Sie uns dies bitte mit.<\/p>\n<p>F\u00fcr einzelne Funktionen unserer Website ben\u00f6tigen wir die Mitwirkung von externen Dienstleistern. \u00dcber die jeweiligen Vorg\u00e4nge informieren wir Sie im weiteren Verlauf dieser Erkl\u00e4rung.<\/p>\n<p>\u00a7 2 Erhebung und Speicherung personenbezogener Daten bei Aufruf unserer Website<\/p>\n<p>Wenn Sie unsere Internetpr\u00e4senz informatorisch nutzen &#8211; also lediglich betrachten -, erheben wir bei deren Aufruf diejenigen personenbezogenen Daten, die Ihr Browser automatisch an den Server unserer Website \u00fcbermittelt. Diese Informationen werden tempor\u00e4r in einem sog. Logfile gespeichert. Folgende Informationen werden dabei ohne Ihr Zutun erfasst und bis zur automatisierten L\u00f6schung gespeichert (Logfile-Daten):<\/p>\n<p>&#8211; IP-Adresse des anfragenden Rechners,<\/p>\n<p>&#8211; Datum und Uhrzeit der Anfrage bzw. des Zugriffs,<\/p>\n<p>&#8211; Zeitzonendifferenz zur Greenwich Mean Time (GMT),<\/p>\n<p>&#8211; Inhalt der Anforderung (konkrete Seite),<\/p>\n<p>&#8211; Name und URL der abgerufenen Datei,<\/p>\n<p>&#8211; Zugriffsstatus\/HTTP-Statuscode,<\/p>\n<p>&#8211; jeweils \u00fcbertragene Datenmenge,<\/p>\n<p>&#8211; Website, von der die Anforderung bzw. der Zugriff erfolgt (Referrer-URL),<\/p>\n<p>&#8211; verwendeter Browser,<\/p>\n<p>&#8211; Betriebssystem Ihres Rechners und dessen Oberfl\u00e4che sowie der Name Ihres Access-Providers,<\/p>\n<p>&#8211; Sprache und Version der Browsersoftware.<\/p>\n<p>Die genannten Daten verarbeiten wir, um Ihnen unsere Website anzuzeigen und dabei Stabilit\u00e4t und Sicherheit zu gew\u00e4hrleisten. Insbesondere um einen reibungslosen Verbindungsaufbau und eine komfortable Nutzung unserer Website sicherzustellen sowie f\u00fcr eine Auswertung der Systemsicherheit bzw. Systemstabilit\u00e4t und zu weiteren administrativen Zwecken.<\/p>\n<p>Die Rechtsgrundlage f\u00fcr die Datenverarbeitung bildet Art.\u00a06 Abs.\u00a01 S.\u00a01 lit. f DS-GVO. Unser berechtigtes Interesse folgt aus den vorstehend aufgelisteten Zwecken zur Datenerhebung.<\/p>\n<p>\u00a7 3 Weitergabe von Daten \/ Daten\u00fcbermittlung<\/p>\n<p>Wir \u00fcbermitteln Ihre pers\u00f6nlichen Daten an Dritte ausschlie\u00dflich in folgenden F\u00e4llen:<\/p>\n<p>&#8211; nach Erteilung einer ausdr\u00fccklichen Einwilligung gem\u00e4\u00df Art. 6 Abs. 1 S. 1 lit. a DSGVO,<\/p>\n<p>&#8211; die Weitergabe ist nach Art. 6 Abs. 1 S. 1 lit. f DSGVO zur Geltendmachung, Aus\u00fcbung oder Verteidigung von Rechtsanspr\u00fcchen erforderlich und es besteht kein Grund zur Annahme, dass Sie ein \u00fcberwiegendes schutzw\u00fcrdiges Interesse an der Nichtweitergabe Ihrer Daten haben,<\/p>\n<p>&#8211; falls f\u00fcr die Weitergabe nach Art. 6 Abs. 1 S. 1 lit. c DSGVO eine gesetzliche Verpflichtung besteht,<\/p>\n<p>&#8211; sofern dies gesetzlich zul\u00e4ssig und nach Art. 6 Abs. 1 S. 1 lit. b DSGVO f\u00fcr die Abwicklung von Vertragsverh\u00e4ltnissen mit Ihnen erforderlich ist.<\/p>\n<p>\u00a7 4 Ihre Rechte<\/p>\n<p>Sie haben gegen\u00fcber uns Rechte hinsichtlich der Sie betreffenden personenbezogenen Daten. Hierbei handelt es sich um das:<\/p>\n<p>&#8211; Recht auf Auskunft: gem\u00e4\u00df Art. 15 DSGVO k\u00f6nnen Sie Auskunft \u00fcber Ihre von uns verarbeiteten personenbezogenen Daten verlangen.<\/p>\n<p lang=\"en\"><span lang=\"de-DE\">&#8211; Recht auf Berichtigung: gem\u00e4\u00df Art. 16 DSGVO k\u00f6nnen Sie unverz\u00fcglich die Berichtigung unrichtiger oder Vervollst\u00e4ndigung Ihrer bei uns gespeicherten personenbezogenen Daten verlangen.<\/span><\/p>\n<p lang=\"en\"><span lang=\"de-DE\">&#8211; Recht auf L\u00f6schung: gem\u00e4\u00df Art. 17 DSGVO k\u00f6nnen Sie die L\u00f6schung Ihrer bei uns gespeicherten personenbezogenen Daten verlangen.<\/span><\/p>\n<p lang=\"en\"><span lang=\"de-DE\">&#8211; Recht auf Einschr\u00e4nkung der Verarbeitung: gem\u00e4\u00df Art. 18 DSGVO k\u00f6nnen Sie die Einschr\u00e4nkung der Verarbeitung Ihrer bei uns gespeicherten personenbezogenen Daten verlangen.<\/span><\/p>\n<p lang=\"en\"><span lang=\"de-DE\">&#8211; Recht auf Widerspruch gegen die Verarbeitung: gem\u00e4\u00df Art. 7 Abs. 3 DSGVO k\u00f6nnen Sie Ihre einmal erteilte Einwilligung jederzeit gegen\u00fcber uns widerrufen.<\/span><\/p>\n<p lang=\"en\"><span lang=\"de-DE\">&#8211; Recht auf Daten\u00fcbertragbarkeit: gem\u00e4\u00df Art. 20 DSGVO k\u00f6nnen Sie verlangen, Ihre personenbezogenen Daten, die Sie uns bereitgestellt haben, in einem strukturierten, g\u00e4ngigen und maschinenlesebaren Format zu erhalten oder die \u00dcbermittlung an einen anderen Verantwortlichen verlangen.<\/span><\/p>\n<p lang=\"en\"><span lang=\"de-DE\">&#8211; Sie haben gem\u00e4\u00df Art. 77 DSGVO zudem das Recht, sich bei einer Datenschutz-Aufsichtsbeh\u00f6rde \u00fcber die Verarbeitung Ihrer personenbezogenen Daten durch uns zu beschweren.<\/span><\/p>\n<p>\u00a7 5 Cookies<\/p>\n<p>Neben den Logfile-Daten werden bei Ihrer Nutzung unserer Website sogenannte Cookies auf Ihrem Endger\u00e4t (Laptop, Tablet, Smartphone o.\u00e4.) gespeichert. Dies sind kleine Textdateien, die auf Ihrer Festplatte dem von Ihnen verwendeten Browser zugeordnet gespeichert werden; durch Cookies erh\u00e4lt die Stelle, die den Cookie setzt, bestimmte Informationen. Cookies dienen dazu, unser Internetangebot nutzerfreundlicher und effektiver zu machen. Wir erhalten durch Cookies nicht unmittelbar Kenntnis von Ihrer Identit\u00e4t. Cookies k\u00f6nnen keine Programme ausf\u00fchren oder Viren auf Ihren Computer \u00fcbertragen.<\/p>\n<p>Unsere Website nutzt ausschlie\u00dflich Session-Cookies. Diese speichern eine sogenannte Session-ID, mit welcher sich verschiedene Anfragen Ihres Browsers der Sitzung zuordnen lassen. Durch Session-Cookies kann erkannt werden, dass Sie einzelne Seiten unserer Website bereits besucht haben. Die Session-Cookies werden automatisch gel\u00f6scht, wenn Sie unsere Seite verlassen oder Ihren Browser schlie\u00dfen. Sie k\u00f6nnen die Cookies in den Sicherheitseinstellungen Ihres Browsers zudem jederzeit l\u00f6schen.<\/p>\n<p>Sie k\u00f6nnen unsere Webseite auch ohne Cookies besuchen. Sie m\u00fcssen hierzu Ihre Browser-Einstellung so konfigurieren, dass die Annahme von Cookies unterbleibt. In diesem Fall k\u00f6nnen Sie m\u00f6glicherweise nicht alle Funktionen unserer Website nutzen.<\/p>\n<p>Die durch Cookies verarbeiteten Daten sind f\u00fcr die genannten Zwecke zur Wahrung unserer berechtigten Interessen sowie der Dritter nach Art. 6 Abs. 1 S. 1 lit. f DSGVO erforderlich.<\/p>\n<p>\u00dcber Cookies, die durch eingebundene Dienste (z.B. YouTube) gesetzt werden, informieren wir Sie bei der Beschreibung des jeweiligen Dienstes.<\/p>\n<p><a name=\"_Hlk514944015\"><\/a> \u00a7 6 Weitere Funktionen und Angebote unserer Website \/ Einbindung von Diensten und Inhalten Dritter (Plug-in-Anbieter)<\/p>\n<p lang=\"en\"><span lang=\"de-DE\">Neben der rein informatorischen (betrachtenden) Nutzung unserer Website bieten wir verschiedene Leistungen an, die Sie bei Interesse aktiv nutzen k\u00f6nnen. Hierdurch werden weitere Datenverarbeitungsvorg\u00e4nge ausgel\u00f6st. Sie m\u00fcssen in der Regel weitere personenbezogene Daten angeben; diese werden verwendet, um die jeweilige Leistung zu erbringen. Die Nutzung der nachfolgenden Dienste setzt voraus, dass die Drittanbieter Ihre IP-Adresse erfahren; ohne die IP-Adresse k\u00f6nnen die Inhalte nicht an Ihren Browser \u00fcbermittelt werden.<\/span><\/p>\n<p lang=\"en\"><a name=\"_Hlk514944003\"><\/a> <span lang=\"de-DE\">Folgende Angebote \/ Dienste von Drittfirmen sind auf unserer Internetpr\u00e4senz eingebunden. Die nachfolgend beschriebenen Datenverarbeitungen sind zur Wahrung unserer berechtigten Interessen sowie der Dritter nach Art. 6 Abs. 1 S. 1 lit. f DSGVO erforderlich. Diese liegen insbesondere in der Optimierung und komfortablen Nutzung unserer Website sowie der Gestaltung unserer Internetpr\u00e4senz. Die Einbindung ist jeweils erforderlich, um die Angebote der Drittanbieter auf unserer Internetpr\u00e4senz nutzen zu k\u00f6nnen.<\/span><\/p>\n<p lang=\"en\">\u2022 <span lang=\"de-DE\">Einbindung von Google Maps <\/span><\/p>\n<p>Wir nutzen auf unserer Website Google Maps. Dies erm\u00f6glicht es uns, Ihnen interaktive Landkarten direkt auf unserer Website anzuzeigen; Sie k\u00f6nnen die Karten-Funktionen von Google Maps hierdurch komfortabel nutzen. Bei der Nutzung werden von Google Daten \u00fcber Ihre Nutzung der Kartenfunktionen erhoben, verarbeitet und genutzt.<\/p>\n<p>Durch den Besuch auf unserer Website erh\u00e4lt Google die Information, dass Sie die entsprechende Unterseite unserer Website aufgerufen haben. Zudem werden die Logfile-Daten \u00fcbermittelt. Dies erfolgt sowohl dann, wenn Sie in einem Google-Nutzerkonto eingeloggt sind, als auch dann, wenn kein Nutzerkonto besteht oder Sie dort abgemeldet sind.<\/p>\n<p>Wenn Sie bei einem Google-Konto eingeloggt sind, werden Ihre Daten direkt diesem Konto zugeordnet. Wenn Sie die Zuordnung mit Ihrem Profil bei Google nicht w\u00fcnschen, m\u00fcssen Sie sich vor der Nutzung aus Ihrem Google-Konto ausloggen.<\/p>\n<p>Google speichert Ihre Daten als Nutzungsprofile und nutzt sie f\u00fcr Zwecke der Werbung, Marktforschung, zu statistischen Zwecken und\/oder bedarfsgerechten Gestaltung seiner Website. Eine solche Auswertung erfolgt insbesondere (selbst f\u00fcr nicht eingeloggte Nutzer) zur Erbringung von bedarfsgerechter Werbung und um andere Nutzer des sozialen Netzwerks \u00fcber Ihre Aktivit\u00e4ten auf unserer Website zu informieren.<\/p>\n<p>Ihnen steht ein Widerspruchsrecht gegen die Bildung dieser Nutzerprofile zu; zu dessen Aus\u00fcbung wenden Sie sich an Google.<\/p>\n<p lang=\"en\"><span lang=\"de-DE\">Weitere Informationen zu Zweck und Umfang der Datenerhebung und ihrer Verarbeitung durch Google erhalten Sie in den Datenschutzerkl\u00e4rungen dieses Anbieters. Dort erhalten Sie auch weitere Informationen zu Ihren diesbez\u00fcglichen Rechten und Einstellungsm\u00f6glichkeiten zum Schutze Ihrer Privatsph\u00e4re: http:\/\/www.google.de\/intl\/de\/policies\/privacy. Google verarbeitet Ihre personenbezogenen Daten auch in den USA und hat sich dem EU-US Privacy Shield unterworfen, <\/span><a href=\"https:\/\/www.privacyshield.gov\/EU-US-Framework\"><span lang=\"de-DE\">https:\/\/www.privacyshield.gov\/EU-US-Framework<\/span><\/a><span lang=\"de-DE\">.<\/span><\/p>\n<p lang=\"en\"><span lang=\"de-DE\">GoogleMaps ist ein Dienst der Google LLC, 1600 Amphitheatre Parkway, Mountain View, CA 94043 USA. E-Mail: <\/span><a href=\"mailto:support-de@google.com\"><span lang=\"de-DE\">support-de@google.com<\/span><\/a><span lang=\"de-DE\">. <\/span><\/p>\n<p lang=\"en\"><span lang=\"de-DE\">\u00a7 8 Widerspruch oder Widerruf gegen die Verarbeitung Ihrer Daten<\/span><\/p>\n<p>Sofern wir Ihre personenbezogenen Daten auf Grundlage von berechtigten Interessen gem\u00e4\u00df Art. 6 Abs. 1 S. 1 lit. f DSGVO verarbeiten, k\u00f6nnen Sie gem\u00e4\u00df Art. 21 DS-GVO Widerspruch gegen die Verarbeitung Ihrer personenbezogenen Daten einlegen. In diesem Fall teilen Sie uns bitte die Gr\u00fcnde &#8211; die sich aus Ihrer besonderen Situation ergeben &#8211; mit, aufgrund derer wir Ihre personenbezogenen Daten nicht verarbeiten sollen. Nach Pr\u00fcfung Ihres Widerspruchs stellen wir entweder die Datenverarbeitung ein, passen diese an oder f\u00fchren die Verarbeitung fort. In zuletzt genannten Fall legen wir Ihnen unsere zwingenden schutzw\u00fcrdigen Gr\u00fcnde dar.<\/p>\n<p>Der Verarbeitung Ihrer personenbezogenen Daten f\u00fcr Zwecke der Werbung und\/oder Datenanalyse k\u00f6nnen Sie jederzeit ohne Angabe von Gr\u00fcnden widersprechen. Ihr diesbez\u00fcgliches Widerspruchsrecht setzen wir um; die Angabe von Gr\u00fcnden ist hierzu nicht erforderlich.<\/p>\n<p>Falls Sie eine Einwilligung zur Verarbeitung Ihrer Daten erteilt haben, k\u00f6nnen Sie diese jederzeit mit Wirkung f\u00fcr die Zukunft widerrufen.<\/p>\n<p lang=\"en\"><span lang=\"de-DE\">Zur Aus\u00fcbung Ihres Widerrufs- oder Widerspruchsrecht richten Sie eine E-Mail an folgende Adresse:<br \/>\n<\/span><span lang=\"de-DE\">praxis@anne-thewes.de<\/span><\/p>\n<p>\u00dcber Ihren Widerspruch oder Widerruf k\u00f6nnen Sie uns auch unter folgenden Kontaktdaten informieren:<\/p>\n<p>Praxis f\u00fcr Naturheilkunde und Kinesiologie Anne Thewes<br \/>\nNeuenhofer Str. 39<br \/>\n42657 Solingen<br \/>\n0212\/230 93 64<\/p>\n<p>\u00a7 9 Verschl\u00fcsselung<\/p>\n<p>Zur Sicherung Ihrer Daten verwenden wir auf unserer Internetpr\u00e4senz eine SSL-Verschl\u00fcsselung. Zertifikate zur Verwendung der SSL-Verschl\u00fcsselung werden von uns regelm\u00e4\u00dfig erneuert. Ob eine Seite unseres Internetauftrittes verschl\u00fcsselt \u00fcbertragen wird, erkennen Sie an der geschlossenen Darstellung des Sch\u00fcssel-\/Schloss-Symbols in der Statusleiste Ihres Browsers.<\/p>\n<p>\u00a7 10 Weitere Fragen<\/p>\n<p>Konnte unsere Datenschutzerkl\u00e4rung eine Ihrer Fragen nicht beantworten? W\u00fcnschen Sie zu einem Punkt weitere Informationen? Dann lassen Sie uns dies wissen. Wir geben Ihnen jederzeit gern weitere Auskunft. F\u00fcr alle Anfragen zum Datenschutz wenden Sie sich bitte an folgende E-Mail-Adresse:<\/p>\n<p>praxis@anne-thewes.de<\/p>\n<p>Diese Datenschutzerkl\u00e4rung hat den Stand Juni 2018.<\/p>\n<p class=\"western\" lang=\"en\">\n","protected":false},"excerpt":{"rendered":"<p>Datenschutzerkl\u00e4rung (Stand 07.06.2018) Siehe auch unter IMPRESSUM Wir freuen uns \u00fcber Ihren Besuch auf unserer Internetpr\u00e4senz. Wir nehmen den Schutz Ihrer pers\u00f6nlichen Daten ernst und halten uns an die Regeln der gesetzlichen Vorgaben, insbesondere der Datenschutzgesetze. Die in dieser Erkl\u00e4rung verwendeten Begrifflichkeiten sind geschlechtsneutral zu verstehen und umfassen jeweils die weibliche und m\u00e4nnliche Form. \u00a7 [&hellip;]<\/p>\n","protected":false},"author":2,"featured_media":0,"parent":2,"menu_order":11,"comment_status":"closed","ping_status":"closed","template":"","meta":{"footnotes":""},"_links":{"self":[{"href":"https:\/\/anne-thewes.de\/index.php?rest_route=\/wp\/v2\/pages\/2882"}],"collection":[{"href":"https:\/\/anne-thewes.de\/index.php?rest_route=\/wp\/v2\/pages"}],"about":[{"href":"https:\/\/anne-thewes.de\/index.php?rest_route=\/wp\/v2\/types\/page"}],"author":[{"embeddable":true,"href":"https:\/\/anne-thewes.de\/index.php?rest_route=\/wp\/v2\/users\/2"}],"replies":[{"embeddable":true,"href":"https:\/\/anne-thewes.de\/index.php?rest_route=%2Fwp%2Fv2%2Fcomments&post=2882"}],"version-history":[{"count":15,"href":"https:\/\/anne-thewes.de\/index.php?rest_route=\/wp\/v2\/pages\/2882\/revisions"}],"predecessor-version":[{"id":4870,"href":"https:\/\/anne-thewes.de\/index.php?rest_route=\/wp\/v2\/pages\/2882\/revisions\/4870"}],"up":[{"embeddable":true,"href":"https:\/\/anne-thewes.de\/index.php?rest_route=\/wp\/v2\/pages\/2"}],"wp:attachment":[{"href":"https:\/\/anne-thewes.de\/index.php?rest_route=%2Fwp%2Fv2%2Fmedia&parent=2882"}],"curies":[{"name":"wp","href":"https:\/\/api.w.org\/{rel}","templated":true}]}}