{"id":336,"date":"2015-08-04T22:34:38","date_gmt":"2015-08-04T20:34:38","guid":{"rendered":"http:\/\/www.anne-thewes.de\/wp\/?page_id=336"},"modified":"2026-03-15T12:18:22","modified_gmt":"2026-03-15T10:18:22","slug":"kinderseelen-in-not","status":"publish","type":"page","link":"https:\/\/anne-thewes.de\/?page_id=336","title":{"rendered":"Hochsensitivit\u00e4t bei Kindern"},"content":{"rendered":"<p><strong>\u201cJeder Mensch<\/strong><br \/>\n<strong> ist ein besonderer Gedanke Gottes.\u201d<\/strong><br \/>\nPaul Anton de Lagarde<\/p>\n<p><strong>Viele Kinder, die in meine Praxis kommen, sind hochsensitiv.<br \/>\nWenn wir zusammen arbeiten, entsteht unglaublich viel Liebe.<\/strong><\/p>\n<p><strong><a href=\"http:\/\/anne-thewes.de\/wp-content\/uploads\/2015\/08\/20160516_113547-005.jpg\"><img decoding=\"async\" loading=\"lazy\" class=\"alignnone wp-image-2721 size-large\" src=\"http:\/\/anne-thewes.de\/wp-content\/uploads\/2015\/08\/20160516_113547-005-1024x353.jpg\" alt=\"\" width=\"1024\" height=\"353\" srcset=\"https:\/\/anne-thewes.de\/wp-content\/uploads\/2015\/08\/20160516_113547-005-1024x353.jpg 1024w, https:\/\/anne-thewes.de\/wp-content\/uploads\/2015\/08\/20160516_113547-005-300x103.jpg 300w, https:\/\/anne-thewes.de\/wp-content\/uploads\/2015\/08\/20160516_113547-005-768x265.jpg 768w\" sizes=\"(max-width: 1024px) 100vw, 1024px\" \/><\/a><\/strong><\/p>\n<p>Hochsensitive Kinder und Erwachsene haben eine <a href=\"http:\/\/anne-thewes.de\/?page_id=1492\">erh\u00f6hte Empf\u00e4nglichkeit f\u00fcr Reize <\/a>von au\u00dfen, das hei\u00dft, sie nehmen mehr wahr als andere Menschen. Aufgrund ihrer feinen Sensoren reagieren hochsensitive Menschen sehr viel intensiver auf alle Sinneseindr\u00fccke.<br \/>\nMan k\u00f6nnte sagen, sie haben st\u00e4rkere \u201eAntennen\u201c.<\/p>\n<p>Sie sind sehr <a href=\"http:\/\/anne-thewes.de\/?page_id=1659\">feinf\u00fchlig und empfindsam<\/a>, sie sp\u00fcren, wie es dem Anderen geht und k\u00f6nnen sich schlecht abgrenzen. Sie sind sehr<a href=\"http:\/\/anne-thewes.de\/?page_id=3501\"> verletzlich<\/a> und sp\u00fcren die Not anderer Menschen. Oft f\u00fchlen sich hochsensitive Kinder durch kleine <a href=\"http:\/\/anne-thewes.de\/?page_id=1850\">Grausamkeiten<\/a> und <a href=\"http:\/\/anne-thewes.de\/?page_id=1503\">Ungerechtigkeiten im Alltag<\/a> schnell <a href=\"https:\/\/anne-thewes.de\/?page_id=4617\">ersch\u00f6pft und gekr\u00e4nkt<\/a>. Gerne \u00fcbernehmen sie <a href=\"http:\/\/anne-thewes.de\/?page_id=1492\">Verantwortung f\u00fcr leidende Personen<\/a> in ihrer Umgebung. Sie haben fr\u00fch gelernt Signale ihrer Eltern und Geschwistern zu deuten und versuchen innerhalb der Familie Harmonie herzustellen oder fungieren oft sogar als Friedenstifter.<\/p>\n<p><strong>Was Hochsensitivit\u00e4t im Alltag von Kindern und Jugendlichen bedeutet:<\/strong><\/p>\n<p>Normalerweise wird nur ein kleiner Teil<br \/>\nder Informationen, <a href=\"http:\/\/anne-thewes.de\/wp-content\/uploads\/2015\/08\/Scan-002.jpg\" rel=\"attachment wp-att-831\"><img decoding=\"async\" loading=\"lazy\" class=\"alignright wp-image-831 size-medium\" src=\"http:\/\/anne-thewes.de\/wp-content\/uploads\/2015\/08\/Scan-002-300x197.jpg\" alt=\"Scan-002\" width=\"300\" height=\"197\" srcset=\"https:\/\/anne-thewes.de\/wp-content\/uploads\/2015\/08\/Scan-002-300x197.jpg 300w, https:\/\/anne-thewes.de\/wp-content\/uploads\/2015\/08\/Scan-002-1024x672.jpg 1024w\" sizes=\"(max-width: 300px) 100vw, 300px\" \/><\/a>der durch die Sinne aufgenommen wird, auch in das Bewusstsein durchgelassen. Der gro\u00dfe andere Teil wird rausgefiltert. Diese Filter sind bei Hochsensitivit\u00e4t durchl\u00e4ssiger. Da die Wahrnehmung hochsensitiver Menschen deutlich intensiver und auch ihre Reizverarbeitung tiefer ist, kostet sie der <a href=\"https:\/\/anne-thewes.de\/?page_id=4617\">Alltag oft viel Kraft<\/a>. Sie werden unruhig oder schalten ganz ab, wodurch sie des \u00d6fteren als\u00a0 <a href=\"https:\/\/anne-thewes.de\/?page_id=4617\">ADHS oder ADS<\/a> Kinder betitelt werden. Hochsensitive Kinder und Erwachsene geraten schnell in einen unangenehmen <a href=\"https:\/\/anne-thewes.de\/?page_id=4617\">Zustand der Reiz\u00fcberflutung<\/a>.<\/p>\n<p>Hochsensitivit\u00e4t kann angeboren sein.<br \/>\nOft befinden sich in der Familie weitere hochsensitive Menschen.<\/p>\n<p>Manchmal entsteht Hochsensitivit\u00e4t aber auch auf Grund <a href=\"http:\/\/anne-thewes.de\/?page_id=1995\">traumatischer Erfahrungen in der Kindheit<\/a>. Diese Kinder werden schnell\u00a0in innere <a href=\"https:\/\/anne-thewes.de\/?page_id=4617\">Alarmbereitschaft<\/a> versetzt und reagieren \u00fcberempfindlich. Ihre ausgebildete hohe Sensitivit\u00e4t ist ihr <a href=\"http:\/\/anne-thewes.de\/?page_id=1175\">\u201eFr\u00fchwarnsystem\u201c<\/a>, das sie vor erneuten <a href=\"http:\/\/anne-thewes.de\/?page_id=3501\">Verletzungen<\/a> warnen und sch\u00fctzen soll.<\/p>\n<p>In der weiteren Entwicklung zeigt sich, dass hochsensitiven Jugendliche und Erwachsene ein ehrliches und wertorientiertes Leben sehr am Herzen liegt.<\/p>\n<blockquote><p>\u201eIch will dort mitmachen, <a href=\"http:\/\/anne-thewes.de\/?page_id=1754\">wo ich etwas ver\u00e4ndern kann<\/a>.<br \/>\nIch will mich mit aufrichtigen Menschen umgeben,<br \/>\ndie nicht verurteilen, sondern mich inspirieren\u201d.<\/p><\/blockquote>\n<p>Sie streben nach <a href=\"http:\/\/anne-thewes.de\/?page_id=2823\">Selbstentfaltung<\/a> und einem sinnvollen Leben, in dem die Grenzen der Natur und anderer Menschen respektiert werden. In der heutigen Konsumgesellschaft, in der Erfolg vor allem an Einkommen und materiellen G\u00fctern gemessen wird, k\u00f6nnen sich Jugendliche insbesondere w\u00e4hrend der Pubert\u00e4t oft anders und <a href=\"http:\/\/anne-thewes.de\/?page_id=1503\">falsch verstanden f\u00fchlen<\/a>. Sie versuchen sich anzupassen, dies f\u00e4llt Ihnen aufgrund Ihrer Besonderheiten nat\u00fcrlich schwer. Oft leidet ihr <a href=\"http:\/\/anne-thewes.de\/?page_id=1498\">Selbstbewusstsein<\/a> darunter sehr.<\/p>\n<p>Durch die Intensit\u00e4t und den Eifer, mit dem sensitive Kinder und Jugendliche ins Leben gehen, geraten sie manchmal in Konflikt mit der Menge an neuen Erfahrungen. Oft ist das mehr, als sie verarbeiten k\u00f6nnen \u2013 vor allem bei Kindern und Jugendlichen mit einem offenen, kreativen und unternehmungslustigen Charakter.<br \/>\nWenn der Drang zu leben, zu erfahren, mitzumachen, zu schmecken, zu riechen, zu sehen und gesehen zu werden viel gr\u00f6\u00dfer ist als es der Organismus eigentlich verarbeiten kann, besteht fr\u00fcher oder sp\u00e4ter die Gefahr eines<a href=\"https:\/\/anne-thewes.de\/?page_id=4617\"> Zusammenbruchs.<\/a> Oft sind Krankheiten und Ersch\u00f6pfung die Folge einer langen Phase von \u00dcberreizung.<\/p>\n<div id=\"attachment_2440\" style=\"width: 310px\" class=\"wp-caption alignnone\"><a href=\"http:\/\/anne-thewes.de\/wp-content\/uploads\/2015\/05\/P4179192-001.jpg\"><img aria-describedby=\"caption-attachment-2440\" decoding=\"async\" loading=\"lazy\" class=\"size-medium wp-image-2440\" src=\"http:\/\/anne-thewes.de\/wp-content\/uploads\/2015\/05\/P4179192-001-300x130.jpg\" alt=\"\" width=\"300\" height=\"130\" srcset=\"https:\/\/anne-thewes.de\/wp-content\/uploads\/2015\/05\/P4179192-001-300x130.jpg 300w, https:\/\/anne-thewes.de\/wp-content\/uploads\/2015\/05\/P4179192-001-768x334.jpg 768w, https:\/\/anne-thewes.de\/wp-content\/uploads\/2015\/05\/P4179192-001-1024x445.jpg 1024w\" sizes=\"(max-width: 300px) 100vw, 300px\" \/><\/a><p id=\"caption-attachment-2440\" class=\"wp-caption-text\">Diese Kinder und Jugendliche werden auch gerne als Lastentr\u00e4ger bezeichnet.<\/p><\/div>\n<p>Betrachten Sie es wie eine Balkenwaage:<br \/>\nNach einem starken Ausschlag zu einer Seite (Reize oder Aktivit\u00e4ten),<br \/>\nfolgt ein starker Ausschlag zur anderen Seite. (Ersch\u00f6pfung oder Krankheit).<\/p>\n<p class=\"western\">Jutta Nebel geh\u00f6rt zu den HSP \u201cHigh sensitive Person\u201d Menschen.<br \/>\nSie schreibt in ihrem Buch: \u201cWenn du zu viel f\u00fchlst\u201d folgendes:<\/p>\n<p><strong><em>\u201cIch begab mich in eine <a href=\"http:\/\/anne-thewes.de\/?page_id=1659\">hom\u00f6opathische Behandlung<\/a>: Und auf einmal meinte ich zu sp\u00fcren, wie es sein k\u00f6nnte, wenn ich \u201cnormal\u201d w\u00e4re, Energie h\u00e4tte und Kraft.\u201d<br \/>\n<\/em><\/strong><br \/>\nDie <a href=\"http:\/\/anne-thewes.de\/?page_id=2108\">hom\u00f6opathische Behandlung<\/a> hilft Kindern, Jugendlichen und Erwachsen ihre seelischen <a href=\"http:\/\/anne-thewes.de\/?page_id=1175\">Verletzungen<\/a> aufzuarbeiten. Die Verletzlichkeit verliert sich und die Kinder und Jugendlichen und Erwachsenen k\u00f6nnen entspannter in Beziehungen leben und die guten Seiten der erworbenen oder angeborenen Hochsensitivit\u00e4t sch\u00e4tzen lernen. Sie bekommen ein \u201cetwas\u201d dickeres Fell und lernen in meiner Sprechstunde, dass Sensitivit\u00e4t keine Krankheit ist, sondern eine wunderbare Begabung, die es gilt, in den normalen Alltag und Schulalltag zu integrieren.<br \/>\nLesen Sie hier noch ein<\/p>\n<p><a href=\"http:\/\/anne-thewes.de\/?page_id=3243\"><span style=\"text-decoration: underline;\"><strong><span style=\"color: #008080; text-decoration: underline;\">Feedback <\/span><\/strong><\/span><span style=\"text-decoration: underline;\"><strong><span style=\"color: #008080; text-decoration: underline;\">19.11.2016 <\/span><\/strong><\/span><\/a><br \/>\n<strong>Endlich meinen Lebenstraum leben!<\/strong><\/p>\n<p class=\"western\">Liebe Anne, seit meiner Kindheit befinde ich mich schon in deiner naturheilkundlichen Behandlung. <span style=\"color: #008000;\"><a href=\"http:\/\/anne-thewes.de\/wp-content\/uploads\/2016\/01\/180-001.jpg\" rel=\"attachment wp-att-2425\"><img decoding=\"async\" loading=\"lazy\" class=\"size-medium wp-image-2425 alignleft\" src=\"http:\/\/anne-thewes.de\/wp-content\/uploads\/2016\/01\/180-001-300x121.jpg\" alt=\"180-001\" width=\"300\" height=\"121\" srcset=\"https:\/\/anne-thewes.de\/wp-content\/uploads\/2016\/01\/180-001-300x121.jpg 300w, https:\/\/anne-thewes.de\/wp-content\/uploads\/2016\/01\/180-001-768x309.jpg 768w, https:\/\/anne-thewes.de\/wp-content\/uploads\/2016\/01\/180-001-1024x412.jpg 1024w\" sizes=\"(max-width: 300px) 100vw, 300px\" \/><\/a><\/span><br \/>\nF\u00fcr alle diese Jahre bin ich dir dankbar. Besonders danken m\u00f6chte ich Dir jedoch daf\u00fcr, dass ich es in diesem Jahr mit deiner Begleitung endlich geschafft habe, mein Leben zu ver\u00e4ndern.<br \/>\nIm August 2015 war mein Leben gepr\u00e4gt, durch einen neuen hohen beruflichen und sportlichen Leistungsdruck. Gleichzeitig zog ich in die erste gemeinsame Wohnung mit meinem Freund. Alle diese Faktoren l\u00f6sten in mir, einem sehr perfektionistischen und sensiblen Menschen, Stress aus. Meine Gedanken kamen nicht mehr zur Ruhe. Mein Magen produzierte zu viel Magens\u00e4ure. Der Hausarzt verschrieb mir Magens\u00e4urehemmer. Meine k\u00f6rperlichen und seelischen Beschwerden verst\u00e4rkten sich immer mehr. Einen Monat sp\u00e4ter bekam ich eine Magenschleimhautentz\u00fcndung. Ich verzweifelte an der Krankheit und ebenso an meiner stressigen Lebenssituation. Mir war sehr wohl klar, dass mein stressiges Leben der Ausl\u00f6ser war, war jedoch \u00fcberzeugt, ich gew\u00f6hne mich schon an die neue Belastung. Das passierte jedoch nicht. Erst sp\u00e4t begab ich mich in deine naturheilkundliche Behandlung. Spielte den Stressfaktor durch die Arbeit runter. Zeigte mich stark und zufrieden mit der Arbeit, denn daran wollte ich nichts \u00e4ndern. Da teiltest du mir mit, dass ich hochsensibel sei. Zuhause setzte ich mich intensiv mit der Hochsensibilit\u00e4t auseinander. Erkannte endlich, dass ich richtig so bin, wie ich bin. Und dass alles was ich f\u00fchle, richtig und wahr ist. Ich begann, einige Ursachen f\u00fcr den Stress zu reduzieren. Die k\u00f6rperlichen und seelischen Beschwerden kamen jedoch immer wieder. Im Verlauf der Zeit wurde mir so immer deutlicher, dass mein derzeitiges Leben nicht das richtige f\u00fcr mich ist. Dies zeigte mein K\u00f6rper mir ganz deutlich. In einem l\u00e4ngeren gemeinsamen Prozess mit dir, entschied ich mich, selbst Heilpraktikerin zu werden. Ein unterbewusster Berufstraum kam ans Licht.<\/p>\n<p>Texte oben: In Anlehnung an:<br \/>\nSusan Marletta-Hart<br \/>\nLeben mit hochsensiblen Kindern<\/p>\n<p><strong>Buchtipp:<\/strong><br \/>\n<em>Hochsensibel<\/em><br \/>\nWas tun?<br \/>\nSylvia Harke<\/p>\n<p>\u201eDie Wirksamkeit aller hier vorgestellten Verfahren ist wissenschaftlich \/ schulmedizinisch nicht bewiesen\u201d.<\/p>\n<p>\u00a9 Anne Thewes 2017<br \/>\n<a href=\"http:\/\/anne-thewes.de\/?page_id=810\">Impressum<\/a><\/p>\n<p>&nbsp;<\/p>\n","protected":false},"excerpt":{"rendered":"<p>\u201cJeder Mensch ist ein besonderer Gedanke Gottes.\u201d Paul Anton de Lagarde Viele Kinder, die in meine Praxis kommen, sind hochsensitiv. Wenn wir zusammen arbeiten, entsteht unglaublich viel Liebe. Hochsensitive Kinder und Erwachsene haben eine erh\u00f6hte Empf\u00e4nglichkeit f\u00fcr Reize von au\u00dfen, das hei\u00dft, sie nehmen mehr wahr als andere Menschen. Aufgrund ihrer feinen Sensoren reagieren hochsensitive [&hellip;]<\/p>\n","protected":false},"author":2,"featured_media":5984,"parent":2239,"menu_order":3,"comment_status":"open","ping_status":"closed","template":"","meta":{"footnotes":""},"_links":{"self":[{"href":"https:\/\/anne-thewes.de\/index.php?rest_route=\/wp\/v2\/pages\/336"}],"collection":[{"href":"https:\/\/anne-thewes.de\/index.php?rest_route=\/wp\/v2\/pages"}],"about":[{"href":"https:\/\/anne-thewes.de\/index.php?rest_route=\/wp\/v2\/types\/page"}],"author":[{"embeddable":true,"href":"https:\/\/anne-thewes.de\/index.php?rest_route=\/wp\/v2\/users\/2"}],"replies":[{"embeddable":true,"href":"https:\/\/anne-thewes.de\/index.php?rest_route=%2Fwp%2Fv2%2Fcomments&post=336"}],"version-history":[{"count":181,"href":"https:\/\/anne-thewes.de\/index.php?rest_route=\/wp\/v2\/pages\/336\/revisions"}],"predecessor-version":[{"id":7186,"href":"https:\/\/anne-thewes.de\/index.php?rest_route=\/wp\/v2\/pages\/336\/revisions\/7186"}],"up":[{"embeddable":true,"href":"https:\/\/anne-thewes.de\/index.php?rest_route=\/wp\/v2\/pages\/2239"}],"wp:featuredmedia":[{"embeddable":true,"href":"https:\/\/anne-thewes.de\/index.php?rest_route=\/wp\/v2\/media\/5984"}],"wp:attachment":[{"href":"https:\/\/anne-thewes.de\/index.php?rest_route=%2Fwp%2Fv2%2Fmedia&parent=336"}],"curies":[{"name":"wp","href":"https:\/\/api.w.org\/{rel}","templated":true}]}}