{"id":3678,"date":"2017-05-20T12:27:41","date_gmt":"2017-05-20T10:27:41","guid":{"rendered":"http:\/\/anne-thewes.de\/?page_id=3678"},"modified":"2026-03-31T17:33:19","modified_gmt":"2026-03-31T15:33:19","slug":"haben-sie-den-vollen-durchblick","status":"publish","type":"page","link":"https:\/\/anne-thewes.de\/?page_id=3678","title":{"rendered":"Ursachen von chronischen Erkrankungen und ihre ganzheitliche Behandlung"},"content":{"rendered":"<h4 style=\"text-align: left;\">&#8222;Haben Sie den vollen Durchblick?<br \/>\n<strong>Und wissen Sie, wie und wodurch chronische Erkrankungen, wie zum Beispiel Burnout, <\/strong><strong>das chronische Ersch\u00f6pfungssyndrom, MCAS, <\/strong>(Mastzellenaktivierungssyndrom), <strong>Allergien, <\/strong><strong>Impf-Covid, <\/strong><strong>Long-Covid, <\/strong><strong>\u00dcberforderungssyndrome sowie \u201ePsychische St\u00f6rungen\u201c entstehen k\u00f6nnen?&#8220;<\/strong><\/h4>\n<h4><strong><span style=\"text-decoration: underline;\"> Vergleichen wir unseren K\u00f6rper mit einem Aquarium:<\/span><\/strong><\/h4>\n<p><a href=\"http:\/\/anne-thewes.de\/wp-content\/uploads\/2017\/05\/20170503_132104-010.jpg\" rel=\"attachment wp-att-4038\"><img decoding=\"async\" loading=\"lazy\" class=\"size-medium wp-image-4038 alignleft\" src=\"http:\/\/anne-thewes.de\/wp-content\/uploads\/2017\/05\/20170503_132104-010-300x225.jpg\" alt=\"20170503_132104-010\" width=\"300\" height=\"225\" srcset=\"https:\/\/anne-thewes.de\/wp-content\/uploads\/2017\/05\/20170503_132104-010-300x225.jpg 300w, https:\/\/anne-thewes.de\/wp-content\/uploads\/2017\/05\/20170503_132104-010-768x576.jpg 768w, https:\/\/anne-thewes.de\/wp-content\/uploads\/2017\/05\/20170503_132104-010-1024x768.jpg 1024w\" sizes=\"(max-width: 300px) 100vw, 300px\" \/><\/a><strong>Vergleichen wir unsere K\u00f6rperzellen mit Fischen im Wasser, sehen wir, anhand des Fotos, auf den ersten Blick einen Fisch &#8211; eine K\u00f6rperzelle. Bei genauer Betrachtung sehen wir auch, dass die Umgebung, n\u00e4mlich die Pfl\u00e4nzchen und das Wasser um ihn herum nicht sauber sind. Auf den Pflanzen und im Wasser k\u00f6nnten z.B. Pilze, Bakterien oder Abfallprodukte von Viren sein, abgestorbene Partikel, Schwermetalle, S\u00e4uren, oder einfach Dreck. Da unser K\u00f6rper mit der <a href=\"https:\/\/anne-thewes.de\/?page_id=4617\">Ausscheidung<\/a> von Abfallprodukten und S\u00e4uren oft \u00fcberfordert ist, bindet er Gifte an Eiwei\u00dfe oder an Fett.<\/strong><\/p>\n<p>&nbsp;<\/p>\n<p>Der K\u00f6rper erkennt diese Verbindungen nicht mehr und lagert sie im Wasser des Zwischenzellgewebes ab. Dieses Wasser wird zu einer tr\u00e4gen, gelartigen Masse. Bleibt der Fisch, die Zelle, in diesem Wasser, dem Milieu, wird er ersticken, denn ihm fehlt der lebensnotwendige Sauerstoff. Es entsteht ein Teufelskreis an <a href=\"https:\/\/anne-thewes.de\/?page_id=4617\">Selbstvergiftung<\/a>.<\/p>\n<p><strong>\u00dcbers\u00e4uerung: Als Ursache f\u00fcr Allgemeinerkrankungen?<br \/>\n<\/strong>Durch S\u00e4uren gerinnen die in der Lymphe enthaltenen Eiwei\u00dfe, die Lymphfl\u00fcssigkeit wird dickfl\u00fcssig und kann ihre Transportfunktion nicht mehr aufrechterhalten. Als Folge herrscht Sauerstoffmangel in der Zelle, sowie eine Unterversorgung der Zellen mit N\u00e4hrstoffen. Auf den Sauerstoffmangel reagiert der K\u00f6rper mit Bluthochdruck, den N\u00e4hrstoffmangel versucht er mit der Anhebung des Blutzuckerspiegels (Diabetis) auszugleichen.<\/p>\n<p><strong>Nichts flie\u00dft mehr&#8230;<br \/>\n<\/strong>Eine gewisse Zeit kann der K\u00f6rper diese Belastungen kompensieren,<br \/>\naber irgendwann l\u00e4uft das Fass \u00fcber, es entstehen Krankheiten, wie zum Beispiel ein <a href=\"https:\/\/anne-thewes.de\/?page_id=4617\">\u00dcberforderungssyndrom. <\/a><\/p>\n<p><strong>Allgemeine Krankheitsursachen:<\/strong><br \/>\n<a href=\"http:\/\/anne-thewes.de\/?page_id=4422\">Viruserkrankungen wie:<br \/>\nCorona,<br \/>\nHerpes simplex und Herpes Zoster (G\u00fcrtelrose),<br \/>\nPapilloma,<br \/>\nEpstein-Barr Virus<\/a><\/p>\n<p><a href=\"https:\/\/anne-thewes.de\/?page_id=1995\">\u201cLong-Covid\u201d &#8222;Post-Covid&#8220;<\/a><br \/>\n<a href=\"https:\/\/anne-thewes.de\/?page_id=6914\">\u201cImpf-Covid\u201d<\/a><br \/>\n&#8222;MACS\u201c (Mastzellenaktivierungssyndrom) ist eine chronische Multisystemerkrankung, bei der Mastzellen f\u00e4lschlicherweise aktiviert werden und \u00fcberm\u00e4\u00dfig Entz\u00fcndungsmediatoren wie Histamin aussch\u00fctten. Dies f\u00fchrt zu allergie\u00e4hnlichen Symptomen in Haut, Magen-Darm-Trakt und Atemwegen, Panikattacken.<\/p>\n<p><a href=\"http:\/\/anne-thewes.de\/?page_id=117\">Nahrungsmittelunvertr\u00e4glichkeiten<\/a><br \/>\n<a href=\"https:\/\/anne-thewes.de\/?page_id=4617\">\u00dcbers\u00e4uerung<\/a><br \/>\nFehlern\u00e4hrung<br \/>\n<a href=\"http:\/\/anne-thewes.de\/?p=3671\">Vitamin D Mangel<\/a><br \/>\n<a href=\"https:\/\/anne-thewes.de\/?page_id=4617\">Vitamin- und Mineralstoffmangel<\/a><br \/>\nAlkohol\/Rauchen<br \/>\n<a href=\"http:\/\/anne-thewes.de\/?page_id=4645\">Impfungen<\/a><br \/>\n<a href=\"http:\/\/anne-thewes.de\/?page_id=4657\">Schwermetallbelastungen &#8211; Amalgam und Quecksilberbelastungen<\/a><br \/>\n<a href=\"http:\/\/anne-thewes.de\/?page_id=956\">Zahnherde wie chronische Zahnkieferknochenentz\u00fcndungen (Ostitis &#8211; Nico&#8217;s)<\/a><a href=\"http:\/\/anne-thewes.de\/?p=2317\"><br \/>\n<\/a>Umweltgifte &#8211; Glyphosat &#8211; PCB<br \/>\nFolgen von Operationen, Blutverlust und Narkosen<br \/>\nFolgen von langen Cortison- oder Antibiotikabehandlungen<br \/>\nFolgen von Knochenverletzungen und Wundheilungsst\u00f6rungen<br \/>\nNarbenbildung<br \/>\n<a href=\"https:\/\/anne-thewes.de\/?page_id=4617\">Darm-Pilze und Dysbiose des Darmes<\/a><br \/>\nChronische Entz\u00fcndungen, Herderkrankungen<br \/>\nKlimakterium, Hormonst\u00f6rungen<br \/>\nGenetische Veranlagung<br \/>\n<a href=\"http:\/\/anne-thewes.de\/?page_id=2239\"><br \/>\n<\/a><a href=\"http:\/\/anne-thewes.de\/?page_id=2569\">Handystrahlung-Kunstlicht-Energiesparlampen<br \/>\n<\/a><a href=\"http:\/\/anne-thewes.de\/?page_id=671\">Computer- und Fernsehstrahlung<br \/>\n<\/a><a href=\"http:\/\/anne-thewes.de\/?page_id=671\">Elektrosmog-Wasseradern<\/a><\/p>\n<p style=\"text-align: left;\">Der Einfluss der Psyche a<strong>uf die Wasserqualit\u00e4t<\/strong><\/p>\n<p><a href=\"http:\/\/anne-thewes.de\/?page_id=1995\">Emotionale Belastung<br \/>\nVerlust des Partners, Verlust des Jobs<br \/>\nMobbing<br \/>\nBeschwerden durch \u00c4rger und Zorn<br \/>\nTrauer<br \/>\n<\/a><a href=\"http:\/\/anne-thewes.de\/?page_id=1659\">Verlust des Selbstwertgef\u00fchls durch Kr\u00e4nkung<\/a><\/p>\n<p align=\"left\"><strong>Emotionale Belastung<\/strong> sowie,<br \/>\nzwischenmenschliche Konflikte, die nicht im &#8218;Au\u00dfen&#8216;, also im Gespr\u00e4ch mit dem beteiligten Menschen gel\u00f6st wurden, werden h\u00e4ufig nach &#8218;Innen&#8216; verlagert. Krankheiten k\u00f6nnen also Ausdruck eines seelischen Konfliktes sein. Manchmal sind wir nicht in der Lage unsere Bed\u00fcrfnisse und Gef\u00fchle in Worte zu fassen. Deshalb w\u00e4hlt sich der K\u00f6rper ein Organ aus, das f\u00fcr ihn &#8217;spricht&#8216;.<br \/>\nDann ist es wunderbar, wenn sich der erkrankte Mensch f\u00fcr die Botschaft, den \u201eSinn\u201c seiner Krankheit, und f\u00fcr die Heilung \u00f6ffnet. Der Patient ist aufgefordert zu sich selbst, mit all seinen Problemen \u201eJA\u201c zu sagen. Hieraus entwickelt sich ein neues Bewusstsein \u2013 UND die Hinwendung zu einer neuen Lebensform.<\/p>\n<p align=\"left\"><strong>Das kennt doch jeder!<\/strong><br \/>\nAuf einem Auge blind sein<br \/>\nDie Nase voll haben<br \/>\nEinen dicken Hals haben<br \/>\nDas geht mir an die Nieren&#8230;etc.<\/p>\n<p align=\"left\"><strong><span lang=\"zxx\">Heilung f\u00fcr die Seele<\/span><\/strong><span lang=\"zxx\"><br \/>\nZur Heilung des Organsystems w\u00fcnscht sich unsere Seele, das Erkennen der zugrunde liegenden seelischen St\u00f6rung. Die Heilarbeit und auch die hom\u00f6opathischen Mittel helfen dabei, Traumata und Verletzungsfolgen zu heilen, Wunden zu schlie\u00dfen, \u00c4ngste zu l\u00f6sen und Frieden zu finden.<\/span><\/p>\n<p>Das hei\u00dft, Gef\u00fchle und Emotionen k\u00f6nnen Auswirkungen auf die k\u00f6rperliche Ebene haben, ebenso beeinflussen k\u00f6rperliche Befindlichkeiten psychische Reaktionen.<br \/>\nZum Beispiel: Glutenintoleranz mit Bauchschmerzen bei autistischen Kindern.<\/p>\n<p><a href=\"http:\/\/anne-thewes.de\/?page_id=1659\">\u201c<span lang=\"zxx\">Willst du den K\u00f6rper heilen,<\/span><\/a><br \/>\n<span lang=\"zxx\"> <a href=\"http:\/\/anne-thewes.de\/?page_id=1850\">musst du zuerst die Seele heilen.\u201d<\/a><\/span><br \/>\n<span lang=\"zxx\"> Platon<\/span><\/p>\n<p><strong>Hilfsma\u00dfnahmen in der Naturheilkundlichen Behandlung:<\/strong><br \/>\nSchritt 1: <a href=\"http:\/\/anne-thewes.de\/?page_id=62\">Ursachenforschung<\/a><br \/>\nSchritt 2: <a href=\"http:\/\/anne-thewes.de\/?page_id=2451\">Entgiftung und Entschlackung<\/a><br \/>\nSchritt 3: <a href=\"http:\/\/anne-thewes.de\/?page_id=83\">Regeneration<\/a><\/p>\n<p>Das Aquarium wird also erst einmal ordentlich ges\u00e4ubert, mit frischem Wasser gef\u00fcllt &#8211;<br \/>\ndann werden auch die Fische darin wieder quicklebendig.<\/p>\n<p><a href=\"http:\/\/anne-thewes.de\/wp-content\/uploads\/2017\/05\/20170503_132104-011.jpg\"><img decoding=\"async\" loading=\"lazy\" src=\"http:\/\/anne-thewes.de\/wp-content\/uploads\/2017\/05\/20170503_132104-011-300x225.jpg\" alt=\"\" width=\"300\" height=\"225\" \/><\/a><\/p>\n<p><strong>Schritt 1 und 2: Ursachenforschung und das Aquarium s\u00e4ubern<\/strong><br \/>\n\u201eWer oder was hat die Erkrankung ausgel\u00f6st?\u201c<br \/>\nMit <a href=\"http:\/\/anne-thewes.de\/?page_id=62\">gr\u00fcndlicher Anamnese, Ursachenforschung<\/a> sowie gr\u00fcndlichem <a href=\"http:\/\/anne-thewes.de\/?page_id=79\">kinesiologischen Check up<\/a><\/p>\n<p><a href=\"http:\/\/anne-thewes.de\/wp-content\/uploads\/2013\/02\/IMG_8984-002.jpg\"><img decoding=\"async\" loading=\"lazy\" src=\"http:\/\/anne-thewes.de\/wp-content\/uploads\/2013\/02\/IMG_8984-002-1024x419.jpg\" alt=\"\" width=\"1024\" height=\"419\" \/><\/a><\/p>\n<p><strong>Schritt 3: Regeneration durch Umstimmung<\/strong><br \/>\nDie Fische werden wieder fit gemacht<br \/>\nAnregung der k\u00f6rpereigenen Kr\u00e4fte durch Anregung der K\u00f6rperfunktionen und der Lebenskraft<\/p>\n<p>Umstimmung<br \/>\nDurch ein<a href=\"http:\/\/anne-thewes.de\/?page_id=2239\"> Hom\u00f6opathisches Einzelmittel<\/a><\/p>\n<p>Durch pflanzliche und mineralische Arzneien &#8211;<br \/>\nSie verbessern die Durchblutung und<br \/>\ndie Flie\u00dfeigenschaft des Blutes<\/p>\n<p>Ern\u00e4hrungsumstellung<\/p>\n<p>Substitution mit:<br \/>\nVitaminen, Enzymen, N\u00e4hrstoffen<\/p>\n<p>Energetische St\u00e4rkung durch<br \/>\n<a href=\"http:\/\/anne-thewes.de\/?page_id=90\">Heilarbeit<\/a><br \/>\n<a href=\"http:\/\/anne-thewes.de\/?page_id=83\">Arbeit mit der Quantenenergie<\/a><br \/>\n<a href=\"http:\/\/anne-thewes.de\/?page_id=2357\">EFT<\/a><br \/>\nLichtarbeit<\/p>\n<p>Reduzierung der emotionalen Belastungen<br \/>\nmit Hilfe von <a href=\"http:\/\/anne-thewes.de\/?page_id=79\">Kinesiologie<\/a><br \/>\n<a href=\"http:\/\/anne-thewes.de\/?page_id=79\">Stressrelease<\/a><br \/>\n<a href=\"http:\/\/anne-thewes.de\/?page_id=90\">Entspannungstechniken<br \/>\nHeilarbeit<\/a><\/p>\n<p>Motivationstraining<br \/>\n<a href=\"http:\/\/anne-thewes.de\/?page_id=79\">&#8222;DAS tut mir gut&#8220;<\/a><br \/>\nBewegung-Meditation-Ern\u00e4hrung-Freizeit<\/p>\n<p style=\"text-align: left;\" align=\"CENTER\">&#8222;Die Wirksamkeit aller hier vorgestellten Verfahren ist<br \/>\nwissenschaftlich \/schulmedizinisch nicht bewiesen&#8220;.<\/p>\n<p>&nbsp;<\/p>\n","protected":false},"excerpt":{"rendered":"<p>&#8222;Haben Sie den vollen Durchblick? Und wissen Sie, wie und wodurch chronische Erkrankungen, wie zum Beispiel Burnout, das chronische Ersch\u00f6pfungssyndrom, MCAS, (Mastzellenaktivierungssyndrom), Allergien, Impf-Covid, Long-Covid, \u00dcberforderungssyndrome sowie \u201ePsychische St\u00f6rungen\u201c entstehen k\u00f6nnen?&#8220; Vergleichen wir unseren K\u00f6rper mit einem Aquarium: Vergleichen wir unsere K\u00f6rperzellen mit Fischen im Wasser, sehen wir, anhand des Fotos, auf den ersten Blick [&hellip;]<\/p>\n","protected":false},"author":2,"featured_media":7357,"parent":975,"menu_order":1,"comment_status":"closed","ping_status":"closed","template":"","meta":{"footnotes":""},"_links":{"self":[{"href":"https:\/\/anne-thewes.de\/index.php?rest_route=\/wp\/v2\/pages\/3678"}],"collection":[{"href":"https:\/\/anne-thewes.de\/index.php?rest_route=\/wp\/v2\/pages"}],"about":[{"href":"https:\/\/anne-thewes.de\/index.php?rest_route=\/wp\/v2\/types\/page"}],"author":[{"embeddable":true,"href":"https:\/\/anne-thewes.de\/index.php?rest_route=\/wp\/v2\/users\/2"}],"replies":[{"embeddable":true,"href":"https:\/\/anne-thewes.de\/index.php?rest_route=%2Fwp%2Fv2%2Fcomments&post=3678"}],"version-history":[{"count":210,"href":"https:\/\/anne-thewes.de\/index.php?rest_route=\/wp\/v2\/pages\/3678\/revisions"}],"predecessor-version":[{"id":7381,"href":"https:\/\/anne-thewes.de\/index.php?rest_route=\/wp\/v2\/pages\/3678\/revisions\/7381"}],"up":[{"embeddable":true,"href":"https:\/\/anne-thewes.de\/index.php?rest_route=\/wp\/v2\/pages\/975"}],"wp:featuredmedia":[{"embeddable":true,"href":"https:\/\/anne-thewes.de\/index.php?rest_route=\/wp\/v2\/media\/7357"}],"wp:attachment":[{"href":"https:\/\/anne-thewes.de\/index.php?rest_route=%2Fwp%2Fv2%2Fmedia&parent=3678"}],"curies":[{"name":"wp","href":"https:\/\/api.w.org\/{rel}","templated":true}]}}