{"id":4422,"date":"2018-07-04T16:59:53","date_gmt":"2018-07-04T14:59:53","guid":{"rendered":"http:\/\/anne-thewes.de\/?page_id=4422"},"modified":"2024-08-07T15:25:33","modified_gmt":"2024-08-07T13:25:33","slug":"chronische-erkrankungen-hervorgerufen-durch-epstein-barr","status":"publish","type":"page","link":"https:\/\/anne-thewes.de\/?page_id=4422","title":{"rendered":"Epstein-Barr Virus (EBV) und seine m\u00f6glichen Folgen"},"content":{"rendered":"<p><a href=\"http:\/\/anne-thewes.de\/?page_id=3678\">Ursachen von chronischen Erkrankungen und ganzheitliche Heilungsans\u00e4tze<\/a><\/p>\n<p><strong>Viren als Ausl\u00f6ser f\u00fcr chronische Erkankungen!<br \/>\n<\/strong>Betroffen sind alle Altersgruppen &#8211;<br \/>\nErwachsene, Kinder und Jugendliche<strong>.<br \/>\n<\/strong><\/p>\n<p>Es liegt die Vermutung nahe, dass das Epstein-Barr Virus, die Corona-Viren, die Cytomegalie-Viren oder die Herpes-Virengruppe bei vielen chronischen Erkrankungen der Ausl\u00f6ser ist.<\/p>\n<p>Diagnosen, wie zum Beispiel: Sarkoidose, Endometriose, Psoriasis, Alopezia, Sj\u00f6gren-Syndrom, Hashimoto, Nebennierenschw\u00e4che, \u00dcberforderungssyndrom und viele mehr,<br \/>\nsind eventuelle Folgen einer viralen Erkrankung.<\/p>\n<p>Die Viren setzen sich gerne in Organen, im zentralen Nervensystem sowie im Lymphsystem und in der Haut fest. Sie rufen dort Schwellungen, Entz\u00fcndungen und eine Bildung von Narbengewebe hervor. Gerne setzen sich die Viren in der Schilddr\u00fcse fest und sch\u00e4digen die Schilddr\u00fcse in Form von Schilddr\u00fcsenerkrankungen wie zum Beispiel der immer h\u00e4ufiger werdenden Hashimoto Thyreoiditis.<\/p>\n<p><strong>Sie leiden an einer chronischen Erkrankungen wie:<\/strong><\/p>\n<p><a href=\"http:\/\/anne-thewes.de\/?page_id=4546\">Schilddr\u00fcsenbeschwerden, Hashimoto<br \/>\n<\/a>Fibromyalgie<br \/>\nCFS Chronisches M\u00fcdigkeitssyndrom,<br \/>\nNebennierenschw\u00e4che<br \/>\nLupus<br \/>\nLichen ruber<br \/>\nChronische Entz\u00fcndungen, einschlie\u00dflich Zahnherde<br \/>\nBorreliose<br \/>\nSarkoidose<br \/>\nRheumatoider Arthritis<br \/>\nDiabetis<br \/>\nSodbrennen<br \/>\nRaynaud-Syndrom<br \/>\nPlantarfasziitis<br \/>\nNeuralgien<br \/>\nLip-Lymph-\u00d6dem<br \/>\nProstatabeschwerden<br \/>\n\u00dcberforderungssyndrom<br \/>\nBurnout<\/p>\n<p>Anthony William, der Schreiber des Buches:<br \/>\n<a href=\"http:\/\/anne-thewes.de\/?page_id=4546\"><strong>\u201eHeile deine Schilddr\u00fcse\u201c<\/strong><\/a><br \/>\nschreibt dazu:<\/p>\n<p>\u201eSie haben Ihre Krankheit nicht kreiert oder angezogen. Sie ist auch nicht eingebildet. Sie sind auch nicht krank, weil Sie ein bisschen tr\u00e4ge oder willensschwach sind. Und Sie haben ihre Symptome keinesfalls durch falsches Denken oder zu starke \u00c4ngste herbeigerufen.\u201c<\/p>\n<p><strong>Ihr K\u00f6rper wird in die Knie gezwungen durch:<\/strong><\/p>\n<p>Die Schwere der Erkrankungen richtet sich nach der Schwere des ausl\u00f6senden Moments. Intensive Erlebnisse ziehen physiologische Reaktionen, wie Hormonsch\u00fcbe von Stresshormonen nach sich. Aus <span style=\"color: #ff0000;\">AKUTSTRESS<\/span> = (Adrenalinaussch\u00fcttung)<br \/>\nwird bei anhaltendem Stress <span style=\"color: #ff0000;\">DAUERSTRESS <\/span>= (Cortisolaussch\u00fcttung).<br \/>\nDauert die Cortisolaussch\u00fcttung zu lange, entsteht eine Ersch\u00f6pfung der Nebennierenrinde und es entsteht eine Nebenniereninsuffizienz.<br \/>\n<a href=\"http:\/\/anne-thewes.de\/wp-content\/uploads\/2020\/07\/1.-Hilfe-bei-Dauerstress.pdf\">1. Hilfe bei Dauerstress<\/a><br \/>\nUnser Hormonsystem bricht zusammen. Eine Nebenniereninsuffizienz kann sich in Form von M\u00fcdigkeit, Konzentrationsschwierigkeiten, Stressintoleranz, Infektanf\u00e4lligkeit, Allergieneigung, Herzklopfen, Burnout und vielem mehr \u00e4u\u00dfern.<\/p>\n<p><strong> Stress seelischen Ursprungs z.B.<\/strong><br \/>\nSterbefall in der Familie, Pflege von kranken Angeh\u00f6rigen, Trennung vom Partner, Scheidung, Verlust der Arbeitsstelle, finanzielle Sorgen, Insolvenzen, Mobbing.<\/p>\n<p>Niederlagen signalisieren dem K\u00f6rper ein Gef\u00fchl von Schw\u00e4che des Immunsystems und geben dem Virus damit den Startschuss!<\/p>\n<p><strong>Schwermetallbelastungen<\/strong><br \/>\nQuecksilber, Aluminium und Blei<br \/>\ndurch Amalgamf\u00fcllungen oder Impfungen.<br \/>\nAlle Viren lieben Schwermetalle.<\/p>\n<p><strong>Pestizide oder Schimmel<\/strong><br \/>\nbelasten das Immunsystem, auch frisch gereinigte Teppiche<\/p>\n<p><strong>Zinkmangel<\/strong><\/p>\n<p><strong>Traumata<br \/>\n<\/strong>wie Unf\u00e4lle und Schocks<\/p>\n<p><strong>Impfungen<\/strong><\/p>\n<p><strong>Schlafmangel<\/strong><\/p>\n<p><strong>Insektenstiche \u2013 Zeckenbisse<\/strong><\/p>\n<p><strong>Die Viralen Abfallprodukte<br \/>\n<\/strong>Giftige Abfallprodukte entstehen durch giftige Substanzen im Virus,<br \/>\nsowie deren Virenh\u00fcllen.<br \/>\nDas sind anfallende Substanzen, die der K\u00f6rper entsorgen muss.<br \/>\nGerne deponiert der Organismus sie in Leber und Lymphsystem<br \/>\nin der Muskulatur und im Fasciengewebe.<br \/>\nDas hat schwerwiegende Folgen:<br \/>\nTr\u00e4gheit, Gewichtsszunahme, Fl\u00fcssigkeitsansammlungen, Verstopfung, Hitzewallungen, Gelenk- und Muskelschmerzen, Herzflattern sowie Gehirnnebel.<\/p>\n<p>In sp\u00e4teren Stadien produzieren die Viren Neurotoxine, also Gifte, die die Funktion der Nerven beeintr\u00e4chtigen und es entstehen schmerzhafte Neuralgien, wie Ischialgien oder eine Schienbeinentz\u00fcndung.<br \/>\nMissempfindungen in H\u00e4nden und F\u00fcssen oder ein Restless legs Syndrom.<\/p>\n<p>Die EBV-Dermatoxine dringen von innen durch die Haut und rufen Ekzeme und nicht heilende Wunden hervor.<\/p>\n<p>Die Behandlung von allen chronischen Erkrankungen erfolgt bei Williams nach folgendem Schema.<\/p>\n<p><strong>1. Ausleitung aller Toxine und Gifte<\/strong><\/p>\n<p><strong>2. Meiden von sch\u00e4dlichen,<br \/>\ndem K\u00f6rper Stress zuf\u00fchrenden<br \/>\nNahrungsmitteln.<\/strong><\/p>\n<p><strong>3. <a href=\"http:\/\/anne-thewes.de\/?page_id=4617\">Aufbau und St\u00e4rkung durch <\/a><\/strong><strong>entgiftende und kraftspendende Nahrung.<\/strong><\/p>\n<p><span style=\"color: #003366;\"><strong>Mein Rat: Die Behandlung aller chronischen Erkrankungen und die Ausleitung von Schwermetallen geh\u00f6rt immer in die H\u00e4nde eines erfahrenen Therapeuten.<\/strong><\/span><\/p>\n<p>Die Kombination von Nahrungsmitteln, h\u00f6m\u00f6opathischen Arzneien sowie von pflanzlichen und mineralischen Erg\u00e4nzungsmitteln ist geradezu ideal und unterst\u00fctzt den K\u00f6rper,<br \/>\nw\u00e4hrend er sich selber heilt.<\/p>\n<p><a href=\"http:\/\/anne-thewes.de\/?page_id=3678\">Die Ursachen und die Behandlung chronischer Erkrankungen aus ganzheitlicher Sicht.<\/a><\/p>\n<p>Quelle: Anthony William<br \/>\n&#8222;Heile deine Schilddr\u00fcse&#8220;<\/p>\n<p>\u201eDie Wirksamkeit aller hier vorgestellten Verfahren ist wissenschaftlich \/ schulmedizinisch nicht bewiesen\u201d.<\/p>\n","protected":false},"excerpt":{"rendered":"<p>Ursachen von chronischen Erkrankungen und ganzheitliche Heilungsans\u00e4tze Viren als Ausl\u00f6ser f\u00fcr chronische Erkankungen! Betroffen sind alle Altersgruppen &#8211; Erwachsene, Kinder und Jugendliche. Es liegt die Vermutung nahe, dass das Epstein-Barr Virus, die Corona-Viren, die Cytomegalie-Viren oder die Herpes-Virengruppe bei vielen chronischen Erkrankungen der Ausl\u00f6ser ist. Diagnosen, wie zum Beispiel: Sarkoidose, Endometriose, Psoriasis, Alopezia, Sj\u00f6gren-Syndrom, Hashimoto, [&hellip;]<\/p>\n","protected":false},"author":2,"featured_media":4698,"parent":552,"menu_order":15,"comment_status":"closed","ping_status":"closed","template":"","meta":{"footnotes":""},"_links":{"self":[{"href":"https:\/\/anne-thewes.de\/index.php?rest_route=\/wp\/v2\/pages\/4422"}],"collection":[{"href":"https:\/\/anne-thewes.de\/index.php?rest_route=\/wp\/v2\/pages"}],"about":[{"href":"https:\/\/anne-thewes.de\/index.php?rest_route=\/wp\/v2\/types\/page"}],"author":[{"embeddable":true,"href":"https:\/\/anne-thewes.de\/index.php?rest_route=\/wp\/v2\/users\/2"}],"replies":[{"embeddable":true,"href":"https:\/\/anne-thewes.de\/index.php?rest_route=%2Fwp%2Fv2%2Fcomments&post=4422"}],"version-history":[{"count":67,"href":"https:\/\/anne-thewes.de\/index.php?rest_route=\/wp\/v2\/pages\/4422\/revisions"}],"predecessor-version":[{"id":6453,"href":"https:\/\/anne-thewes.de\/index.php?rest_route=\/wp\/v2\/pages\/4422\/revisions\/6453"}],"up":[{"embeddable":true,"href":"https:\/\/anne-thewes.de\/index.php?rest_route=\/wp\/v2\/pages\/552"}],"wp:featuredmedia":[{"embeddable":true,"href":"https:\/\/anne-thewes.de\/index.php?rest_route=\/wp\/v2\/media\/4698"}],"wp:attachment":[{"href":"https:\/\/anne-thewes.de\/index.php?rest_route=%2Fwp%2Fv2%2Fmedia&parent=4422"}],"curies":[{"name":"wp","href":"https:\/\/api.w.org\/{rel}","templated":true}]}}