{"id":4546,"date":"2018-07-31T16:02:22","date_gmt":"2018-07-31T14:02:22","guid":{"rendered":"http:\/\/anne-thewes.de\/?page_id=4546"},"modified":"2018-12-11T11:26:33","modified_gmt":"2018-12-11T09:26:33","slug":"gedanken-zur-einnahme-von-schildruesenhormonen","status":"publish","type":"page","link":"https:\/\/anne-thewes.de\/?page_id=4546","title":{"rendered":"Gedanken zur Einnahme von Schildr\u00fcsenhormonen"},"content":{"rendered":"<p><strong>Gedanken zur Einnahme von Schildr\u00fcsenhormonen \u2013 Thyroxin<\/strong><br \/>\nNach dem Buch \u201eHeile deine Schilddr\u00fcse\u201c von AnthonyWilliam<\/p>\n<p>Immer wieder h\u00f6re ich von Patienten, dass auch Schulmediziner die Wirksamkeit von Schilddr\u00fcsenhormonen in Frage stellen. Wenn Sie sich Gedanken machen, diese abzusetzen,<br \/>\nlesen Sie hierzu folgende Gedanken.<\/p>\n<blockquote><p>Sowohl tierische, als auch synthetische Schilddr\u00fcsenhormone sind NICHT mit menschlichen Schilddr\u00fcsenhormonen vergleichbar. Vergleich Muttermilch:<br \/>\nKein Imitat kann an die Qualit\u00e4t der Muttermilch herankommen.<\/p>\n<p>Schilddr\u00fcsenhormone gaukeln der Hypophyse vor, sie produziere genug Thyroxin.<\/p>\n<p>Einnahme von Schilddr\u00fcsenhormonen kann die Funktion der Schilddr\u00fcse herabsetzen.<\/p>\n<p>Schilddr\u00fcsenhormone heilen keine Schilddr\u00fcse.<\/p>\n<p>Auch unter Einnahme von Thyroxin schreitet die Sch\u00e4digung der Schilddr\u00fcse weiter fort, weil die Ursache nicht behoben ist.<\/p>\n<p>Auch unter Einnahme von Schilddr\u00fcsenhormonen k\u00f6nnen Schilddr\u00fcsensymptome, wie Haarausfall und M\u00fcdigkeit weiter zunehmen.<\/p>\n<p>Menschen, die KEINE Schilddr\u00fcsenhormone einnehmen, k\u00f6nnen sich pudelwohl f\u00fchlen, denn die Nebennieren bilden Ersatzstoffe f\u00fcr die fehlenden Hormone. Leider sind diese Ersatzstoffe im Blut noch nicht messbar, sodass trotzdem Thyroxin verordnet wird, obwohl der K\u00f6rper ausreichend versorgt ist.<\/p>\n<p>Die im Blut gemessenen TSH-Werte sind nicht immer aussagekr\u00e4ftig.<\/p>\n<p>Bei einer \u00dcberdosierung von Thyroxin nimmt die Leber diese Hormone auf, speichert sie und macht sie tr\u00e4ge.<\/p>\n<p>Nimmt die \u00dcberdosierung der Hormone weiter zu, gibt die Leber die gespeicherten Hormone wieder frei, das Blutbild schwankt und man kann annehmen, die Schilddr\u00fcse produziere wieder Hormone, was aber nicht zutrifft.<\/p><\/blockquote>\n<p>&#8222;Wenn Sie sich sich schon l\u00e4nger nicht wohl f\u00fchlen mit ihren Schilddr\u00fcsenhormonen und wenn Sie diese absetzen m\u00f6chten, sollten Sie folgendes beachten.&#8220;<\/p>\n<p>Nur mit \u00e4rztlicher Begleitung!<\/p>\n<p>Schilddr\u00fcsenhormone d\u00fcrfen nur unter Aufsicht und mit Absprache mit Ihrem Arzt ganz LANGSAM reduziert werden.<\/p>\n<p>Nach Reduktion von Schilddr\u00fcsenhormonen gibt die Leber die Hormone wieder frei, was zu heftigen Symptomen f\u00fchren kann.<\/p>\n<p>Das Ausschleichen der Medikamente kann 6 Monate bis ein Jahr dauern, je nachdem wie lange man die Hormone eingenommen hat.<\/p>\n<p>Ziel ist es, die Ursachen f\u00fcr die Schilddr\u00fcsenst\u00f6rungen zu finden und sie zu beseitigen, damit die Schilddr\u00fcse wieder gesund werden kann und der K\u00f6rper wieder sein Gleichgewicht finden kann.<\/p>\n<p>Unterst\u00fctzen Sie die Heilung der Schilddr\u00fcse mit einer ganzheitlichen Behandlung und mit einer gesunden, vollwertigen Ern\u00e4hrung. Verwenden Sie auch <a href=\"http:\/\/anne-thewes.de\/?page_id=4617\">immunst\u00e4rkende Superfoods<\/a>, nicht nur im Winter.<\/p>\n<p><a href=\"http:\/\/anne-thewes.de\/?page_id=3678\">Ursachen von chronischen Erkrankungen und ihre ganzheitliche Behandlung.<\/a><\/p>\n","protected":false},"excerpt":{"rendered":"<p>Gedanken zur Einnahme von Schildr\u00fcsenhormonen \u2013 Thyroxin Nach dem Buch \u201eHeile deine Schilddr\u00fcse\u201c von AnthonyWilliam Immer wieder h\u00f6re ich von Patienten, dass auch Schulmediziner die Wirksamkeit von Schilddr\u00fcsenhormonen in Frage stellen. Wenn Sie sich Gedanken machen, diese abzusetzen, lesen Sie hierzu folgende Gedanken. Sowohl tierische, als auch synthetische Schilddr\u00fcsenhormone sind NICHT mit menschlichen Schilddr\u00fcsenhormonen vergleichbar. [&hellip;]<\/p>\n","protected":false},"author":2,"featured_media":4720,"parent":0,"menu_order":0,"comment_status":"closed","ping_status":"closed","template":"","meta":{"footnotes":""},"_links":{"self":[{"href":"https:\/\/anne-thewes.de\/index.php?rest_route=\/wp\/v2\/pages\/4546"}],"collection":[{"href":"https:\/\/anne-thewes.de\/index.php?rest_route=\/wp\/v2\/pages"}],"about":[{"href":"https:\/\/anne-thewes.de\/index.php?rest_route=\/wp\/v2\/types\/page"}],"author":[{"embeddable":true,"href":"https:\/\/anne-thewes.de\/index.php?rest_route=\/wp\/v2\/users\/2"}],"replies":[{"embeddable":true,"href":"https:\/\/anne-thewes.de\/index.php?rest_route=%2Fwp%2Fv2%2Fcomments&post=4546"}],"version-history":[{"count":18,"href":"https:\/\/anne-thewes.de\/index.php?rest_route=\/wp\/v2\/pages\/4546\/revisions"}],"predecessor-version":[{"id":4822,"href":"https:\/\/anne-thewes.de\/index.php?rest_route=\/wp\/v2\/pages\/4546\/revisions\/4822"}],"wp:featuredmedia":[{"embeddable":true,"href":"https:\/\/anne-thewes.de\/index.php?rest_route=\/wp\/v2\/media\/4720"}],"wp:attachment":[{"href":"https:\/\/anne-thewes.de\/index.php?rest_route=%2Fwp%2Fv2%2Fmedia&parent=4546"}],"curies":[{"name":"wp","href":"https:\/\/api.w.org\/{rel}","templated":true}]}}