{"id":458,"date":"2015-08-25T15:52:53","date_gmt":"2015-08-25T13:52:53","guid":{"rendered":"http:\/\/www.anne-thewes.de\/wp\/?page_id=458"},"modified":"2026-03-15T12:26:30","modified_gmt":"2026-03-15T10:26:30","slug":"treten-sie-ein","status":"publish","type":"page","link":"https:\/\/anne-thewes.de\/?page_id=458","title":{"rendered":"Treten Sie ein!"},"content":{"rendered":"<p><strong>&#8222;Den Puls des eigenen Herzens f\u00fchlen.<\/strong><br \/>\n<strong> Ruhe im Innern, Ruhe im \u00c4u\u00dfern.<\/strong><br \/>\n<strong> Wieder Atem holen, das ist es.&#8220;\u00a0<\/strong> Christian Morgenstern<\/p>\n<p>&nbsp;<\/p>\n<p><a href=\"https:\/\/anne-thewes.de\/wp-content\/uploads\/2026\/03\/sabina-001.jpg\"><img decoding=\"async\" loading=\"lazy\" class=\"alignleft wp-image-7360\" src=\"https:\/\/anne-thewes.de\/wp-content\/uploads\/2026\/03\/sabina-001-131x300.jpg\" alt=\"\" width=\"149\" height=\"341\" srcset=\"https:\/\/anne-thewes.de\/wp-content\/uploads\/2026\/03\/sabina-001-131x300.jpg 131w, https:\/\/anne-thewes.de\/wp-content\/uploads\/2026\/03\/sabina-001.jpg 350w\" sizes=\"(max-width: 149px) 100vw, 149px\" \/><\/a>&#8222;Treten Sie ein!&#8220; Man kann sich meine Praxisarbeit als eine Art &#8222;Sprungbrett&#8220; &#8211; eine Art &#8222;Steg&#8220; vorstellen. Sie werden \u00fcberrascht sein, wenn Sie springen, kann es sich zuerst einmal wie ein Sprung ins na\u00df-kalte Wasser anf\u00fchlen. Es ist ungewohnt und vielleicht auch wirklich ein wenig kalt.<\/p>\n<p>Wenn Sie sich aber drauf einlassen, auf dieses neue Element, dieses Wasser, werden Sie sp\u00fcren, wie alles anf\u00e4ngt zu flie\u00dfen, das Wasser sie erfrischt, umsp\u00fclt, reinigt, tr\u00e4gt, pflegt, n\u00e4hrt, heilt und so werden Sie vielleicht anfangen, es zu genie\u00dfen?<\/p>\n<p>Und wenn Sie m\u00f6gen, lassen Sie sich vom Wasser tragen, bis zum anderen Ufer. Dort erwartet Sie etwas ganz Neues&#8230; anfangs vielleicht noch etwas Ungewisses. Aber es ist hell dort.<br \/>\nNoch versteckt sich die Sonne am Horizont.<\/p>\n<p>Und wer wei\u00df, was sich hinter den Bergh\u00fcgeln versteckt? Hoffnung entsteht, unendlich viele M\u00f6glichkeiten stehen Ihnen offen.<\/p>\n<p>Vielleicht erf\u00fcllt sich ein Wunsch, wenn Sie einen dieser Berge erklommen haben? Vielleicht erreichen Sie ein Ziel, auf das Sie schon so lange gewartet haben?<\/p>\n<p>&nbsp;<\/p>\n<p>&nbsp;<\/p>\n","protected":false},"excerpt":{"rendered":"<p>&#8222;Den Puls des eigenen Herzens f\u00fchlen. Ruhe im Innern, Ruhe im \u00c4u\u00dfern. Wieder Atem holen, das ist es.&#8220;\u00a0 Christian Morgenstern &nbsp; &#8222;Treten Sie ein!&#8220; Man kann sich meine Praxisarbeit als eine Art &#8222;Sprungbrett&#8220; &#8211; eine Art &#8222;Steg&#8220; vorstellen. Sie werden \u00fcberrascht sein, wenn Sie springen, kann es sich zuerst einmal wie ein Sprung ins na\u00df-kalte [&hellip;]<\/p>\n","protected":false},"author":2,"featured_media":7363,"parent":975,"menu_order":1,"comment_status":"open","ping_status":"open","template":"","meta":{"footnotes":""},"_links":{"self":[{"href":"https:\/\/anne-thewes.de\/index.php?rest_route=\/wp\/v2\/pages\/458"}],"collection":[{"href":"https:\/\/anne-thewes.de\/index.php?rest_route=\/wp\/v2\/pages"}],"about":[{"href":"https:\/\/anne-thewes.de\/index.php?rest_route=\/wp\/v2\/types\/page"}],"author":[{"embeddable":true,"href":"https:\/\/anne-thewes.de\/index.php?rest_route=\/wp\/v2\/users\/2"}],"replies":[{"embeddable":true,"href":"https:\/\/anne-thewes.de\/index.php?rest_route=%2Fwp%2Fv2%2Fcomments&post=458"}],"version-history":[{"count":32,"href":"https:\/\/anne-thewes.de\/index.php?rest_route=\/wp\/v2\/pages\/458\/revisions"}],"predecessor-version":[{"id":7365,"href":"https:\/\/anne-thewes.de\/index.php?rest_route=\/wp\/v2\/pages\/458\/revisions\/7365"}],"up":[{"embeddable":true,"href":"https:\/\/anne-thewes.de\/index.php?rest_route=\/wp\/v2\/pages\/975"}],"wp:featuredmedia":[{"embeddable":true,"href":"https:\/\/anne-thewes.de\/index.php?rest_route=\/wp\/v2\/media\/7363"}],"wp:attachment":[{"href":"https:\/\/anne-thewes.de\/index.php?rest_route=%2Fwp%2Fv2%2Fmedia&parent=458"}],"curies":[{"name":"wp","href":"https:\/\/api.w.org\/{rel}","templated":true}]}}