{"id":4617,"date":"2018-08-29T16:45:46","date_gmt":"2018-08-29T14:45:46","guid":{"rendered":"http:\/\/anne-thewes.de\/?page_id=4617"},"modified":"2026-03-13T17:55:52","modified_gmt":"2026-03-13T15:55:52","slug":"immunturbos-fuer-den-winter","status":"publish","type":"page","link":"https:\/\/anne-thewes.de\/?page_id=4617","title":{"rendered":"Immunst\u00e4rkende Superfoods"},"content":{"rendered":"<h4>Nahrungsmittel bei allen viralen und chronischen Erkrankungen!<\/h4>\n<p>&#8222;Sie suchen gesunde Nahrungsmittel, die <a href=\"http:\/\/anne-thewes.de\/?page_id=4422\">antiviral<\/a>, immunst\u00e4rkend, entgiftend, <a href=\"http:\/\/anne-thewes.de\/?page_id=90\">aufbauend<\/a>, <a href=\"http:\/\/anne-thewes.de\/?page_id=2357\">st\u00e4rkend<\/a> und <a href=\"http:\/\/anne-thewes.de\/?page_id=3678\">ausleitend<\/a> sind?&#8220;<\/p>\n<p><img decoding=\"async\" src=\"https:\/\/anne-thewes.de\/wp-content\/uploads\/2018\/08\/MF-Fotos-002.jpg\" \/><\/p>\n<p><a href=\"http:\/\/anne-thewes.de\/wp-content\/uploads\/2020\/09\/Heilende-Lebensmittel-Grippeschutz-Anthony-Willam.pdf\">Heilende Lebensmittel Grippeschutz Anthony Willam<\/a><\/p>\n<p><a href=\"http:\/\/anne-thewes.de\/wp-content\/uploads\/2020\/11\/Heilende-Lebensmittel-f\u00fcr-die-Nebennieren.pdf\">Heilende Lebensmittel f\u00fcr die Nebennieren<\/a><\/p>\n<p><a href=\"http:\/\/anne-thewes.de\/wp-content\/uploads\/2021\/01\/20180819_132038-003.jpg\"><img decoding=\"async\" loading=\"lazy\" src=\"http:\/\/anne-thewes.de\/wp-content\/uploads\/2021\/01\/20180819_132038-003-150x150.jpg\" alt=\"\" width=\"150\" height=\"150\" \/><\/a><\/p>\n<table width=\"700\" cellspacing=\"0\" cellpadding=\"4\">\n<colgroup>\n<col width=\"368\" \/>\n<col width=\"315\" \/> <\/colgroup>\n<tbody>\n<tr valign=\"top\">\n<td width=\"368\">Heiltee: 1 TL Thymian, frisch oder als<br \/>\nPulver oder getrocknet,<br \/>\n1 TL Fenchelsamen, 1 TL Zitronenmelisse,<br \/>\n15 Minuten ziehen lassen.<br \/>\nBei Bedarf Honig.<\/td>\n<td width=\"315\">\u00a0Beruhigend und ausgleichend, antiviral.<\/p>\n<p>Grippeschutz!<\/td>\n<\/tr>\n<tr valign=\"top\">\n<td width=\"368\">&nbsp;<\/p>\n<p>Heilbr\u00fche: 2 S\u00fc\u00dfkartoffeln,<br \/>\n2 Selleriestangen, 2 Zwiebeln,<br \/>\n6 Knoblauchzehen, ein St\u00fcck Ingwer,<br \/>\nKurkuma, 4 Thymianzweige, Wasser.<br \/>\nCa. 1 Std. kochen lassen,<br \/>\n\u00fcber den Tag verteilt trinken.<\/td>\n<td width=\"315\">&nbsp;<\/p>\n<p>Antiviral und mineralstoffreich.<\/p>\n<p>Grippeschutz!<\/td>\n<\/tr>\n<\/tbody>\n<\/table>\n<p>Meiden Sie Gluten und Milchprodukte!<br \/>\nGluten kann oft nicht verstoffwechselt werden. Das f\u00fchrt zu \u00dcbergewicht und Wassereinlagerungen.<br \/>\nMilchprodukte belasten den Stoffwechsel, f\u00fchren zu vermehrter Schleimbildung mit Belastung der Lungen und anderer Organe. Milch ist durch die industrielle Zubereitung schwer verdaulich. Sie enth\u00e4lt viel Fett und Laktose. Durch Laktose entstehen Nahrungsmittelunvertr\u00e4glichkeiten.<br \/>\nDARUM: Meiden Sie diese Nahrungsmittel wenn Sie eine virale Erkrankung haben und oder, wenn Sie Gewicht reduzieren m\u00f6chten.<\/p>\n<p>&#8222;Sie suchen heilende Nahrungsmittel?<br \/>\nAber Sie k\u00f6nnen sich nicht entscheiden?<br \/>\nVertrauen Sie Ihrem Bauch, der wei\u00df, was gut f\u00fcr ihn ist!&#8220;<\/p>\n<p>Anleitung:<br \/>\nDrucken Sie diese Seite in DIN A 4 aus, oder bestellen Sie davon ein Foto.<\/p>\n<p><a href=\"http:\/\/anne-thewes.de\/wp-content\/uploads\/2018\/08\/MF-Fotos-002.jpg\"><img decoding=\"async\" loading=\"lazy\" src=\"http:\/\/anne-thewes.de\/wp-content\/uploads\/2018\/08\/MF-Fotos-002-300x212.jpg\" alt=\"\" width=\"300\" height=\"212\" \/><\/a><\/p>\n<p>Schneiden Sie diesen Plan in einzelne Teile und entfernen Sie die Nahrungsmittel,<br \/>\ndie sie nicht m\u00f6gen.<\/p>\n<p><a href=\"http:\/\/anne-thewes.de\/wp-content\/uploads\/2018\/08\/20180829_164019.jpg\"><img decoding=\"async\" loading=\"lazy\" src=\"http:\/\/anne-thewes.de\/wp-content\/uploads\/2018\/08\/20180829_164019-300x206.jpg\" alt=\"\" width=\"300\" height=\"206\" \/><\/a><\/p>\n<p>Ziehen Sie t\u00e4glich 5 K\u00e4rtchen,<br \/>\nso, wie sie es m\u00f6gen, auch gerne verdeckt und freuen Sie sich auf<br \/>\nihre immunst\u00e4rkenden Superfoods.<\/p>\n<p>Erstellen Sie sich ein Memory Spiel,<br \/>\nindem sie sich alles 2 x ausdrucken.<br \/>\nViel Spa\u00df!<\/p>\n<p>Wie w\u00e4re es mal mit einem Selleriesaft aus dem gr\u00fcnen Stangensellerie?<\/p>\n<h2><a href=\"http:\/\/anne-thewes.de\/wp-content\/uploads\/2021\/01\/20190625_094334-001.jpg\"><img decoding=\"async\" loading=\"lazy\" class=\"alignnone size-medium wp-image-5946\" src=\"http:\/\/anne-thewes.de\/wp-content\/uploads\/2021\/01\/20190625_094334-001-300x170.jpg\" alt=\"\" width=\"300\" height=\"170\" srcset=\"https:\/\/anne-thewes.de\/wp-content\/uploads\/2021\/01\/20190625_094334-001-300x170.jpg 300w, https:\/\/anne-thewes.de\/wp-content\/uploads\/2021\/01\/20190625_094334-001-768x434.jpg 768w, https:\/\/anne-thewes.de\/wp-content\/uploads\/2021\/01\/20190625_094334-001-1024x579.jpg 1024w, https:\/\/anne-thewes.de\/wp-content\/uploads\/2021\/01\/20190625_094334-001.jpg 1065w\" sizes=\"(max-width: 300px) 100vw, 300px\" \/><\/a><\/h2>\n<p>Quelle: Anthony William<br \/>\n\u201cHeile deine Schilddr\u00fcse\u201d<\/p>\n<h6>\u201eDie Wirksamkeit aller hier vorgestellten Verfahren ist wissenschaftlich \/ schulmedizinisch nicht bewiesen\u201d.<\/h6>\n<p><span style=\"color: #ff6600;\"><strong>\u00a0<\/strong><\/span><\/p>\n","protected":false},"excerpt":{"rendered":"<p>Nahrungsmittel bei allen viralen und chronischen Erkrankungen! &#8222;Sie suchen gesunde Nahrungsmittel, die antiviral, immunst\u00e4rkend, entgiftend, aufbauend, st\u00e4rkend und ausleitend sind?&#8220; Heilende Lebensmittel Grippeschutz Anthony Willam Heilende Lebensmittel f\u00fcr die Nebennieren Heiltee: 1 TL Thymian, frisch oder als Pulver oder getrocknet, 1 TL Fenchelsamen, 1 TL Zitronenmelisse, 15 Minuten ziehen lassen. Bei Bedarf Honig. \u00a0Beruhigend und [&hellip;]<\/p>\n","protected":false},"author":2,"featured_media":4619,"parent":87,"menu_order":15,"comment_status":"closed","ping_status":"closed","template":"","meta":{"footnotes":""},"_links":{"self":[{"href":"https:\/\/anne-thewes.de\/index.php?rest_route=\/wp\/v2\/pages\/4617"}],"collection":[{"href":"https:\/\/anne-thewes.de\/index.php?rest_route=\/wp\/v2\/pages"}],"about":[{"href":"https:\/\/anne-thewes.de\/index.php?rest_route=\/wp\/v2\/types\/page"}],"author":[{"embeddable":true,"href":"https:\/\/anne-thewes.de\/index.php?rest_route=\/wp\/v2\/users\/2"}],"replies":[{"embeddable":true,"href":"https:\/\/anne-thewes.de\/index.php?rest_route=%2Fwp%2Fv2%2Fcomments&post=4617"}],"version-history":[{"count":85,"href":"https:\/\/anne-thewes.de\/index.php?rest_route=\/wp\/v2\/pages\/4617\/revisions"}],"predecessor-version":[{"id":7348,"href":"https:\/\/anne-thewes.de\/index.php?rest_route=\/wp\/v2\/pages\/4617\/revisions\/7348"}],"up":[{"embeddable":true,"href":"https:\/\/anne-thewes.de\/index.php?rest_route=\/wp\/v2\/pages\/87"}],"wp:featuredmedia":[{"embeddable":true,"href":"https:\/\/anne-thewes.de\/index.php?rest_route=\/wp\/v2\/media\/4619"}],"wp:attachment":[{"href":"https:\/\/anne-thewes.de\/index.php?rest_route=%2Fwp%2Fv2%2Fmedia&parent=4617"}],"curies":[{"name":"wp","href":"https:\/\/api.w.org\/{rel}","templated":true}]}}