{"id":4645,"date":"2018-08-30T11:06:12","date_gmt":"2018-08-30T09:06:12","guid":{"rendered":"http:\/\/anne-thewes.de\/?page_id=4645"},"modified":"2025-08-23T14:43:55","modified_gmt":"2025-08-23T12:43:55","slug":"impfungen-inhaltsstoffe-und-nebenwirkungen","status":"publish","type":"page","link":"https:\/\/anne-thewes.de\/?page_id=4645","title":{"rendered":"Impfungen &#8211; Inhaltsstoffe und Nebenwirkungen"},"content":{"rendered":"<div id=\"content\" class=\"clearfix\">\n<p><strong>\u201cHand aufs Herz, rechnen Sie damit, dass Sie oder ihr Kind durch eine Impfung<\/strong><br \/>\n<strong> k\u00f6rperlichen oder seelischen Schaden nehmen kann?\u201d<\/strong><\/p>\n<p>Aus aktuellem Anlass biete ich in meiner Praxis f\u00fcr Naturheilkunde und Kinesiologie die Ausleitung von Impftoxinen an. Leider habe ich im vergangenen Jahr <a href=\"http:\/\/anne-thewes.de\/?page_id=3501\">unz\u00e4hlige Impfbelastungen<\/a> bei Kindern und Erwachsenen ausgetestet. Hier ergaben sich unterschiedliche k\u00f6rperliche und seelische St\u00f6rungen.<strong><br \/>\n<\/strong><\/p>\n<p><strong>DARUM MEIN RAT: Zur gesundheitlichen Vorbeugung rate ich allen Eltern ihren eigenen Impfprozess und den Impfprozess ihres Kindes mit <a href=\"http:\/\/anne-thewes.de\/?page_id=393\">hom\u00f6opathischen Mitteln <\/a>begleiten zu lassen.<\/strong><\/p>\n<p><strong>Gibt es Nebenwirkungen bei Impfungen?<\/strong><br \/>\nJa, wie bei allen allopathischen Medikamenten kann es auch bei Impfungen zu Nebenwirkungen kommen. In den internationalen Bescheinigungen \u00fcber Impfungen wird auf medizinische Risikofaktoren bei Impfungen wie Diabetes, Immundefekte und <a href=\"https:\/\/anne-thewes.de\/?page_id=4617\">Allergien<\/a> hingewiesen. Auch besteht die Gefahr, dass sich ungeimpfte Personen bei geimpften Personen anstecken.<\/p>\n<blockquote><p>Infektionsschutzgesetz \u2013 IfSG \u00a7 11<br \/>\n(3) Der dem Gesundheitsamt gem\u00e4\u00df \u00a7 6 Abs. 1 Nr. 3 gemeldete Verdacht einer \u00fcber das \u00fcbliche Ausma\u00df einer Impfreaktion hinausgehenden gesundheitlichen Sch\u00e4digung sowie der dem Gesundheitsamt gemeldete Fall, bei dem der Verdacht besteht, dass ein Arzneimittel die Infektionsquelle ist, sind vom Gesundheitsamt unverz\u00fcglich der zust\u00e4ndigen Landesbeh\u00f6rde und der nach \u00a7 77 Arzneimittelgesetz jeweils zust\u00e4ndigen Bundesoberbeh\u00f6rde zu \u00fcbermitteln\u2026.<\/p><\/blockquote>\n<p><strong>Unsicherheiten bei den Eltern<\/strong><br \/>\nSelten werden Verhaltensauff\u00e4lligkeiten wie <a href=\"https:\/\/anne-thewes.de\/?page_id=4617\">ADS, ADHS oder Autismus<\/a> sowie das Kr\u00e4nkeln der Kinder mit Impfungen in Zusammenhang gebracht. Auch treten f\u00fcr Eltern verschiedenste Schwierigkeiten auf, wenn sie den Verdacht haben, dass ihr Kind Stress mit einer Impfung hat und diesen als Impfschaden verifizieren lassen m\u00f6chten.<br \/>\n<a href=\"http:\/\/anne-thewes.de\/?page_id=3501\">Lokale Impfreaktionen<\/a>, die oftmals als notwendiges \u00dcbel hingestellt werden, sind ein wichtiger Hinweis auf eine beginnende Sch\u00e4digung, bzw. <a href=\"https:\/\/anne-thewes.de\/?page_id=4617\">Giftbelastung des Organismus<\/a>. Schon die kleinste Schwellung und R\u00f6tung zeigt an, dass der K\u00f6rper mit Impftoxinen \u00fcberfordert ist.<\/p>\n<p><strong>Die <a href=\"http:\/\/anne-thewes.de\/?page_id=3501\">hom\u00f6opathische Impfausleitung<\/a><\/strong><br \/>\nEine hom\u00f6opathische Impfausleitung ist in der Lage Toxine wie Schwermetalle auszuleiten und st\u00e4rkende Impulse zu setzen. Sie ist nicht in der Lage die Wirkung einer Impfung einzuschr\u00e4nken oder gar aufzul\u00f6sen.<\/p>\n<p>Das <a href=\"http:\/\/anne-thewes.de\/?page_id=2108\">Hom\u00f6opathische Mittel<\/a> ist mit einem <strong>DJ<\/strong> zu vergleichen. Es bringt das Vorhandene\u00a0 in eine richtige, harmonische und klangvolle Stimmung!<\/p>\n<p><strong>Anzahl der Inhaltsstoffe im Impfstoff<\/strong><br \/>\nIn den letzten 40 Jahren ist die Anzahl der Impfstoffe, die im ersten Lebensjahr vielfach als Mehrfachimpfungen in einer Spritze verabreicht werden, geradezu explosionsartig angestiegen.<br \/>\nK\u00f6nnte es hier einen Zusammenhang mit dem gleichzeitigen explosionsartigen Anstieg von neurologischen Auff\u00e4lligkeiten (<a href=\"https:\/\/anne-thewes.de\/?page_id=4617\">ADS, ADHS, Autismus<\/a>, immunologische Probleme usw.) bei Kindern geben, die zuvor eine medizinische Rarit\u00e4t waren? Und entsteht durch die zunehmenden Verhaltensauff\u00e4lligkeiten unserer Kinder nach Impfungen ein gesellschaftliches Problem?<\/p>\n<p><strong>Robert De Niro<\/strong> durchbrach die globale Medienblockade zum Thema Impfen. Er behauptet, sein Sohn sei direkt nach einer Impfung autistisch geworden. In einem Interview von \u2018Today\u2019 fordert er die Journalisten auf, sich endlich mit diesem unterdr\u00fcckten Thema Impfung auseinanderzusetzen.<br \/>\n\u00bbLasst uns einfach die Wahrheit herausfinden.\u00ab<\/p>\n<p><strong>Zusammensetzung von Impfstoffen \u2013 <a href=\"https:\/\/anne-thewes.de\/?page_id=4617\">Zunahme von Allergien<\/a><br \/>\n<\/strong>Es wird vermutet, dass es ca. 120 Zusatzstoffe gibt, die bei der Produktion von Impfstoffen verwendet werden und uns und unsere Kinder belasten. Dabei handelt es sich neben dem Krankheitserreger um Schwermetalle, Antibiotika und andere Medikamente zur Keimfreimachung, Wirkstoffverst\u00e4rker wie Formaldehyd, <a href=\"https:\/\/anne-thewes.de\/?page_id=4617\">Aluminium<\/a> und Quecksilber, Konservierungsmittel, Stabilisatoren und Emulgatoren. Au\u00dferdem Fremdeiwei\u00dfe, oft tierischer Herkunft, <a href=\"https:\/\/anne-thewes.de\/?page_id=4617\">die direkt in den K\u00f6rper, ins Blut- oder Lymphsystem<\/a> injiziert werden, welche <a href=\"https:\/\/anne-thewes.de\/?page_id=4617\">Allergien<\/a> hervorrufen\u00a0 und eine hohe krankheitsausl\u00f6sende Wirkung besitzen k\u00f6nnen. Diese Substanzen werden \u00fcber eine Verletzung durch den Schutzmantel direkt unter die Haut,<br \/>\nalso ins Blut, injiziert.<\/p>\n<p><strong>Ausl\u00f6ser f\u00fcr Stoffwechselst\u00f6rungen<br \/>\n<\/strong>Immer mehr Kinder in meiner Sprechstunde sind hochgradig belastet und entwickeln Stoffwechselentgleisungen, die einer <a href=\"https:\/\/anne-thewes.de\/?page_id=4617\">HPU (Kryptopyrolurie)<\/a> gleicht oder diese auch ausl\u00f6sen kann. Bei vielen erkrankten Kindern liegt die Ursache ihrer Erkrankung an einem Mangel an Zink, Vitamin B6, Omega 3 Fetts\u00e4uren, Spurenelementen, Vitaminen und Aminos\u00e4uren. Die Zunahme von Umweltgiften und Impftoxinen erh\u00f6ht den <a href=\"https:\/\/anne-thewes.de\/?page_id=4617\">Bedarf an Mineralstoffen und Vitaminen<\/a> des Heranwachsenden. Die Kinder k\u00f6nnen nicht mehr ad\u00e4quat auf Umweltbelastungen reagieren.<\/p>\n<p>Besonders problematisch ist, dass jegliche Nebenwirkungen von Impfungen im K\u00f6rper erhalten bleiben, wie ein Stein im Schuh. Auch nach 50 Jahren finden wir Blockaden, die auf Nebenwirkungen oder <a href=\"https:\/\/anne-thewes.de\/?page_id=4617\">Toxinbelastungen von Impfungen<\/a> zur\u00fcckzuf\u00fchren sind.<\/p>\n<p>Eine ganz besondere Auswirkungen auf die Entwicklung des Gehirns haben folgende Impfzusatzstoffe:<\/p>\n<ul>\n<li><a href=\"https:\/\/anne-thewes.de\/?page_id=4617\">Aluminium<\/a><\/li>\n<li>Thiomersal = Quecksilberverbindung, verboten in Kinderimpfstoffen seit 2001<\/li>\n<li>Formaldehyd<\/li>\n<\/ul>\n<p><a href=\"http:\/\/anne-thewes.de\/?p=2317\">Aluminium<\/a><br \/>\nAluminium wird in Impfstoffen als Wirkverst\u00e4rker eingesetzt.<br \/>\nDie Aufnahme von Aluminium kann Nerven- und Hirnsch\u00e4digungen hervorrufen.<br \/>\n<a href=\"https:\/\/anne-thewes.de\/?page_id=4617\">Aluminium bindet sich zudem an Proteine (Eiwei\u00dfe), die normalerweise Eisen transportieren<\/a>. <a href=\"https:\/\/anne-thewes.de\/?page_id=4617\">Aluminium kann sich anstatt Kalzium an das Phosphat im Knochen binden.<\/a><br \/>\nDas hei\u00dft, es ersetzt dort das Kalzium und f\u00fchrt so zu Knochensch\u00e4den.<\/p>\n<p>An der Impfeinstichstelle ist Aluminium in der Lage Abszesse zu bilden, die wei\u00dfen Blutk\u00f6rperchen erh\u00f6hen sich und es entstehen entz\u00fcndliche Muskelerkrankungen. Hier k\u00f6nnen sich Granulome und Impfsarkome (Verklumpungen von Aluminiumverbindungen) bilden.<\/p>\n<p>Aluminium steht im Verdacht die Giftwirkung von Fluor zu verst\u00e4rken und umgekehrt. Dabei ist zu beachten, dass Fluor (in Form von Fluortabletten, Zahnpasta oder Zahnsp\u00fclungen und fluoridiertem Speisesalz) nicht vom K\u00f6rper ausgeschieden wird, sondern sich im K\u00f6rper anreichert.<\/p>\n<p>Aluminium ist allergieausl\u00f6send und steht im Verdacht an der Entstehung von Alzheimer beteiligt zu sein!<\/p>\n<p>Thiomersal<br \/>\nHeute enth\u00e4lt kein Kinderimpfstoff mehr Thiomersal, aber Ungeborene kommen durch eine Impfung in der Schwangerschaft \u00fcber die Placenta mit Thiomersal in Kontakt. Auch sind die meisten jungen Erwachsenen damit noch geimpft. Das Quecksilber durchdringt die Blut-Hirn-Schranke. Quecksilberablagerungen k\u00f6nnen Charakter- und Pers\u00f6nlichkeitsst\u00f6rungen hervorrufen. Auch steht Quecksilber im Verdacht Nieren- und Hirnsch\u00e4den zu verursachen.<br \/>\nSymptome: Im sp\u00e4teren Leben kann sich eine gesteigerte Erregbarkeit und Reizbarkeit entwickeln.<br \/>\nDie Merkf\u00e4higkeit und Konzentration kann abnehmen.<br \/>\nIm Blut kreist nur eine minimale Menge des Quecksilbers aus Impfstoffen und Amalgamf\u00fcllungen.<br \/>\nDer Organismus isoliert das Gift als Schutzma\u00dfnahme und lagert es im Fettgewebe ein.<\/p>\n<p>Formaldehyd<br \/>\nFormaldehyt dient der Inaktivierung von Viren und macht den Impfstoff keimfrei. Es ist erbgutsch\u00e4digend, krebserregend und allergieausl\u00f6send.<br \/>\nSymptome: Vergesslichkeit, \u00c4ngstlichkeit.<\/p>\n<p>\u201eDie Wirksamkeit aller hier vorgestellten Verfahren ist wissenschaftlich \/ schulmedizinisch nicht bewiesen\u201d.<\/p>\n<p>IMPULS Das unabh\u00e4ngige Magazin f\u00fcr selbstverantwortete Gesundheit 2\/2016<\/p>\n<p>Literatur:<br \/>\nSpiritualit\u00e4t und Impfen<br \/>\nWie Impfungen die Entwicklung des spirituellen Bewusstseins behindern oder verhindern k\u00f6nnen.<br \/>\nDaniel Trappitsch<\/p>\n<p>&nbsp;<\/p>\n<p>[<a class=\"post-edit-link\" href=\"http:\/\/anne-thewes.de\/wp-admin\/post.php?post=3010&amp;action=edit\">Edit<\/a>]<\/p>\n<\/div>\n<aside id=\"sidebar\">\n<div id=\"recent-posts-2\" class=\"widget widget_recent_entries\"><\/div>\n<div id=\"search-2\" class=\"widget widget_search\">\n<form id=\"searchform\" action=\"http:\/\/www.anne-thewes.de\/\" method=\"get\"><input id=\"s\" name=\"s\" type=\"text\" placeholder=\"Suchen\" \/><\/form>\n<\/div>\n<\/aside>\n<div id=\"body\" class=\"pagewidth clearfix\"><\/div>\n<footer id=\"footer\" class=\"pagewidth clearfix\">\n<div class=\"footer-text clearfix\">\u00a9 Anne Thewes 2018<br \/>\n<a href=\"http:\/\/anne-thewes.de\/?page_id=810\">Impressum<\/a><\/div>\n<\/footer>\n","protected":false},"excerpt":{"rendered":"<p>\u201cHand aufs Herz, rechnen Sie damit, dass Sie oder ihr Kind durch eine Impfung k\u00f6rperlichen oder seelischen Schaden nehmen kann?\u201d Aus aktuellem Anlass biete ich in meiner Praxis f\u00fcr Naturheilkunde und Kinesiologie die Ausleitung von Impftoxinen an. Leider habe ich im vergangenen Jahr unz\u00e4hlige Impfbelastungen bei Kindern und Erwachsenen ausgetestet. Hier ergaben sich unterschiedliche k\u00f6rperliche [&hellip;]<\/p>\n","protected":false},"author":2,"featured_media":0,"parent":552,"menu_order":12,"comment_status":"closed","ping_status":"closed","template":"","meta":{"footnotes":""},"_links":{"self":[{"href":"https:\/\/anne-thewes.de\/index.php?rest_route=\/wp\/v2\/pages\/4645"}],"collection":[{"href":"https:\/\/anne-thewes.de\/index.php?rest_route=\/wp\/v2\/pages"}],"about":[{"href":"https:\/\/anne-thewes.de\/index.php?rest_route=\/wp\/v2\/types\/page"}],"author":[{"embeddable":true,"href":"https:\/\/anne-thewes.de\/index.php?rest_route=\/wp\/v2\/users\/2"}],"replies":[{"embeddable":true,"href":"https:\/\/anne-thewes.de\/index.php?rest_route=%2Fwp%2Fv2%2Fcomments&post=4645"}],"version-history":[{"count":7,"href":"https:\/\/anne-thewes.de\/index.php?rest_route=\/wp\/v2\/pages\/4645\/revisions"}],"predecessor-version":[{"id":7194,"href":"https:\/\/anne-thewes.de\/index.php?rest_route=\/wp\/v2\/pages\/4645\/revisions\/7194"}],"up":[{"embeddable":true,"href":"https:\/\/anne-thewes.de\/index.php?rest_route=\/wp\/v2\/pages\/552"}],"wp:attachment":[{"href":"https:\/\/anne-thewes.de\/index.php?rest_route=%2Fwp%2Fv2%2Fmedia&parent=4645"}],"curies":[{"name":"wp","href":"https:\/\/api.w.org\/{rel}","templated":true}]}}