{"id":4653,"date":"2018-08-30T11:24:17","date_gmt":"2018-08-30T09:24:17","guid":{"rendered":"http:\/\/anne-thewes.de\/?page_id=4653"},"modified":"2025-10-31T11:00:26","modified_gmt":"2025-10-31T09:00:26","slug":"impfausleitung-fuer-kinderseelen-in-not","status":"publish","type":"page","link":"https:\/\/anne-thewes.de\/?page_id=4653","title":{"rendered":"Impfbegleitung mit (Impf) &#8211; Nosoden"},"content":{"rendered":"<h5 style=\"text-align: left;\" align=\"center\">&#8230; wann kommt eine Impfnosode zum Einsatz?<\/h5>\n<p class=\"western\" style=\"text-align: right;\" align=\"center\"><strong>\u201cKinder zu erreichen ist das gr\u00f6\u00dfte Gl\u00fcck;<\/strong><br \/>\n<strong>Das ist die Stunde der Wahrheit!\u201d<\/strong><br \/>\nMarianne S\u00e4gebrecht<\/p>\n<p><strong>\u201cHand aufs Herz, rechnen Sie damit, dass Sie oder ihr Kind durch eine Impfung<\/strong><br \/>\n<strong>k\u00f6rperlichen oder seelischen Schaden nehmen kann?\u201d<\/strong><\/p>\n<p class=\"western\">Aus aktuellem Anlass biete ich in meiner Praxis f\u00fcr Naturheilkunde und Kinesiologie die Diagnostik und Ausleitung von Impftoxinen an.<\/p>\n<p class=\"western\"><strong>DARUM MEIN RAT: Zur gesundheitlichen Vorbeugung rate ich allen Eltern ihren eigenen Impfprozess und den Impfprozess ihres Kindes mit <a href=\"https:\/\/anne-thewes.de\/?page_id=3501\">hom\u00f6opathischen Mitteln<\/a> begleiten zu lassen.<\/strong><\/p>\n<p><a href=\"http:\/\/anne-thewes.de\/wp-content\/uploads\/2019\/11\/20191121_153008-004.jpg\"><img decoding=\"async\" loading=\"lazy\" class=\"alignleft wp-image-5285\" src=\"http:\/\/anne-thewes.de\/wp-content\/uploads\/2019\/11\/20191121_153008-004-300x136.jpg\" alt=\"\" width=\"326\" height=\"148\" srcset=\"https:\/\/anne-thewes.de\/wp-content\/uploads\/2019\/11\/20191121_153008-004-300x136.jpg 300w, https:\/\/anne-thewes.de\/wp-content\/uploads\/2019\/11\/20191121_153008-004-768x349.jpg 768w, https:\/\/anne-thewes.de\/wp-content\/uploads\/2019\/11\/20191121_153008-004-1024x466.jpg 1024w\" sizes=\"(max-width: 326px) 100vw, 326px\" \/><\/a>Kinder sind aktiv an der hom\u00f6opathischen Mittelfindung beteiligt und haben Freude daran.<br \/>\nOft finden Sie das passende Mittel ganz von alleine.<\/p>\n<p>&nbsp;<\/p>\n<h5><\/h5>\n<h5><\/h5>\n<h4>Wann kann der Einsatz einer Impfnosode auf k\u00f6rperlicher Ebene hilfreich sein?<\/h4>\n<p><strong>Frau Christiane Petras, Heilpraktikerin,<\/strong><br \/>\n<strong>beschreibt hierzu die k\u00f6rperlichen Einsatzm\u00f6glichkeiten von (Impf-) Nosoden:<\/strong><\/p>\n<p>Der Begriff Nosode stammt vom griechischen Wort \u201enosos\u201c = Krankheit ab. Nosoden sind hom\u00f6opathische Mittel, die aus einem Krankheitsprodukt hergestellt werden. Bei einer Impfnosode handelt es sich um eine hom\u00f6opathische, aus Impfseren hergestellte Arznei. Anspannungen, \u00c4ngste und Verkrampfungen, Konzentrationsst\u00f6rungen, Unruhe, Verletzungsfolgen, Erwartungsspannung, Lampenfieber und vieles mehr kann mit diesen Arzneien behandelt werden. Unabh\u00e4ngig davon, ob geimpft wurde oder nicht.<\/p>\n<p><strong>Poliomyelitis\/ Kinderl\u00e4hmung<\/strong><br \/>\nWichtigste Hinweise f\u00fcr den Einsatz von Polio: Symptome, die an L\u00e4hmungserscheinungen denken lassen:<\/p>\n<p align=\"left\">Eingeschlafene Gliedma\u00dfen, Taubheitsgef\u00fchl, lahme und schwere Beine. Der Patient erwacht mit eingeschlafenem Arm, sobald er auf der Seite liegt, die H\u00e4nde schlafen ein, wenn er l\u00e4nger schreibt oder telefoniert.<\/p>\n<p align=\"left\">Die Beine werden m\u00fcde und schwer nach kurzem Spaziergang.<\/p>\n<p align=\"left\">Tr\u00e4ge Verdauung, der Bauch ist aufgebl\u00e4ht, als ob der Darm seinen Dienst verweigert.<\/p>\n<p align=\"left\">Sodbrennen; Magenreflux<\/p>\n<p align=\"left\">Taubheit und Kribbeln, Empfindungsst\u00f6rungen auf der Haut oder in Extremit\u00e4ten.<\/p>\n<p align=\"left\">Morbus Raynaud (Absterben der Finger).<\/p>\n<p align=\"left\">Entz\u00fcndliche Ver\u00e4nderungen am Bewegungsapparat, die mit eingeschr\u00e4nkter Beweglichkeit einhergehen, dann h\u00e4ufig als Zwischengabe mit Tetanus und Variolinum oder Vaccininum abgewechselt oder kombiniert.<\/p>\n<p align=\"left\">Erg\u00e4nzend bei schmerzhafter Nacken- oder Schultersteife.<\/p>\n<p align=\"left\">Die Nosode kann bei Infektionen im Rachenraum n\u00f6tig sein, wenn der Patient die Impfung einzeln erhalten hat und die angezeigten Konstitutionsmittel keinen Fortschritt bewirken.<\/p>\n<p align=\"left\"><strong>Tetanus &#8211; Wundstarkrampf<\/strong><\/p>\n<p align=\"left\">Die fast in der gesamten Bev\u00f6lkerung vorhandene Tetanusimpfung scheint in fast jedem betroffenen Organismus bleibende Spuren zu hinterlassen, die das Thema &#8222;Krampf&#8220; in unz\u00e4hligen Facetten widerspiegeln.<\/p>\n<p>Bluthochdruck<\/p>\n<p>Chronische R\u00fcckenschmerzen.<\/p>\n<p align=\"left\">Seelische Verkrampfung<\/p>\n<p>Qu\u00e4lende k\u00f6rperliche Symptome mit gro\u00dfer nervlicher Anspannung. Angstzust\u00e4nde, die dem Patienten den Schlaf rauben.<\/p>\n<p align=\"left\">Allgemeine nervliche Angespanntheit.<\/p>\n<p align=\"left\">Atemaussetzer<\/p>\n<p align=\"left\">Z\u00e4hneknirschen im Schlaf. Der Patient erwacht mit verkrampfter Kiefermuskulatur.<\/p>\n<p align=\"left\">Fast immer erg\u00e4nzend n\u00f6tig bei rheumatischen Erkrankungen mit schmerzhaften Sch\u00fcben, schlimmer durch Stress.<\/p>\n<p align=\"left\">Allergien. Nerv\u00f6ser Schnupfen mit heftigen Niesanf\u00e4llen.<\/p>\n<p align=\"left\">Morbus Basedow, auch hier als Erg\u00e4nzung.<\/p>\n<p align=\"left\">Bluthochdruck. Engegef\u00fchl in der Brust. Druckgef\u00fchl auf dem Brustbein.<\/p>\n<p align=\"left\">Migr\u00e4ne mit Sehst\u00f6rungen\u00a0und \u00dcbelkeit.<\/p>\n<p align=\"left\">Kopfschmerzen\u00a0aufgrund\u00a0verspannter Nackenmuskulatur, erg\u00e4nzend bei chronischer Nackenverspannung.<\/p>\n<p align=\"left\">St\u00e4ndig zuckendes Augenlid. Dieses Symptom kann in einer chronischen Behandlung Migr\u00e4neanf\u00e4lle abl\u00f6sen.<\/p>\n<p align=\"left\">Asthma.<\/p>\n<p align=\"left\">W\u00fcrgereiz, wie durch Einschn\u00fcrung im Kehlkopfbereich; dieses Symptom tritt manchmal auch nach der ersten Einnahme auf, w\u00e4hrend sich zeitgleich die Gem\u00fctslage entspannt.<\/p>\n<p align=\"left\">Kolikartige Regelschmerzen. Bauchkr\u00e4mpfe allgemein.<\/p>\n<p align=\"left\">Neigung zu Lumbago, R\u00fcckenschmerzen nach jeder kleinen Anstrengung oder schon dem geringsten Einwirken von Zugluft.<\/p>\n<p align=\"left\">Erg\u00e4nzend bei Morbus Raynaud<\/p>\n<p align=\"left\">Taubheit oder Kribbeln in unterschiedlichen K\u00f6rperregionen, hier oft in Verbindung mit der Polionosode<\/p>\n<p align=\"left\">N\u00e4chtliche Wadenkr\u00e4mpfe\u00a0oder Kr\u00e4mpfe in anderen Extremit\u00e4ten.<\/p>\n<p align=\"left\">Chronische Hautleiden, mit Anspannung und Unruhe im Vorfeld eines neuerlichen Krankheitsschubes.<\/p>\n<p><strong>Diphterinum &#8211; Nosode<\/strong><\/p>\n<p>Diese Belastung zeigt sich sehr oft durch anhalten qu\u00e4lenden Reizhusten, der allgemein in den Wintermonaten stark zunimmt. Fast \u00fcberall, wo sich viele Menschen aufhalten, ist er zu h\u00f6ren, dieser Husten durch ein st\u00e4ndiges Kitzeln im Hals, der sich langsam zu hartn\u00e4ckigen Anf\u00e4llen steigert.<\/p>\n<p>Diphterinum ist unverzichtbar\u00a0f\u00fcr die Behandlung von Pseudokrupp!<\/p>\n<p>Neigung zu Entz\u00fcndungen im\u00a0Kehlkopfbereich; lang anhaltender trockener, krampfartiger Reizhusten in hartn\u00e4ckigen, qu\u00e4lenden Anf\u00e4llen), Pseudokrupp.<br \/>\n(&#8222;Echter Krupp&#8220;!)<\/p>\n<p>Stimmbandentz\u00fcndungen, chronisch rezidive Tonsillitis; Schwellung der Nasenschleimh\u00e4ute, die am Schlafen hindert, bei jeder Erk\u00e4ltung.<\/p>\n<p>Bl\u00e4sse, Schw\u00e4che, m\u00fcde Beine, l\u00e4hmungsartiges Gef\u00fchl.<\/p>\n<p align=\"left\"><strong>Pertussinum &#8211; Keuchhusten<\/strong><\/p>\n<p align=\"left\">Das erste Mittel bei Panik-Attacken, auch nachts!<\/p>\n<p>Unkontrollierbare Wutausbr\u00fcche.<\/p>\n<p>Die Lunge ist offenbar ein Organ, das der zentralen Schaltstelle des Organsystems, der Lebenskraft, besonders nahe steht. Patienten mit chronischen Problemen des &#8222;Gem\u00fctsorgans&#8220; haben h\u00e4ufig Lungenprobleme in der Vorgeschichte.<\/p>\n<p>Dabei spielt die Keuchhusten-Erkrankung eine gr\u00f6\u00dfere Rolle als etwa wiederkehrende unspezifische Bronchial-Infekte.<\/p>\n<p>Nat\u00fcrlich kommt Pertussinum auch zum Einsatz bei Atemwegserkrankungen mit dem typischen Husten in Anf\u00e4llen, mit W\u00fcrgereiz oder sogar Erbrechen, mit h\u00e4ufiger<br \/>\nn\u00e4chtlicher Verschlimmerung.<\/p>\n<p>Pseudokrupp, dann erg\u00e4nzend zu Diphtherinum.Chronischer Reizhusten in nervt\u00f6tenden, lang anhaltenden Anf\u00e4llen.<\/p>\n<p>Chronische Ekzeme mit Juckreiz in qu\u00e4lenden Anf\u00e4llen.<\/p>\n<p style=\"text-align: left;\" align=\"center\">Morbillinum\/ Masern<\/p>\n<p align=\"justify\">Die Masern sind eine Jahrtausende alte Erkrankung.<\/p>\n<p align=\"justify\">Fast alle Patienten hatten entweder in ihrer Kindheit Masern, und\/oder zumindest die Elterngeneration hatte Masern, und\/oder sie sind geimpft. Es ist also nicht \u00fcberraschend, dass diese Nosode wahrscheinlich h\u00e4ufiger angezeigt ist, als sie benutzt wird.<\/p>\n<p align=\"justify\">Ein &#8222;trauriges Mittel&#8220;:<\/p>\n<p align=\"justify\">Ged\u00e4mpfte Stimmung; niedergeschlagen, verdrossen, mutlos und traurig, gerade dann, wenn die Tage l\u00e4nger werden.<\/p>\n<p align=\"justify\">Unterbrochener Schlaf, &#8222;Katzenschlaf&#8220;, der Patient erwacht unerfrischt.<\/p>\n<p align=\"justify\">Kopfschmerzen mit Unvertr\u00e4glichkeit von Sonnenlicht.<\/p>\n<p align=\"justify\">Es gibt kaum ein Symptom an oder in den AUGEN, das nicht an Morbillinum denken l\u00e4sst:<\/p>\n<p align=\"justify\">Allgemeine Neigung zu Entz\u00fcndungen an den Augenh\u00e4uten und Lidern.<\/p>\n<p align=\"justify\">Regenbogenhautentz\u00fcndung<\/p>\n<p align=\"justify\">Ziliarneuralgie<\/p>\n<p align=\"justify\">Wiederkehrende Bindehautreizungen, bakteriell oder in Verbindung mit\u00a0Allergien.<\/p>\n<p align=\"justify\">St\u00e4ndig tr\u00e4nende Augen, auch bei \u00e4lteren Patienten, mit Brennen und Schwellungen der umgebenden H\u00e4ute.<\/p>\n<p align=\"justify\">Schwere Lider, kann sie kaum offen halten.<\/p>\n<p align=\"justify\">Beschwerden der Schleimh\u00e4ute, die verbunden sind mit Juckreiz und Brennen.<\/p>\n<p align=\"justify\">Scheideninfektionen, dann oft erg\u00e4nzt mit Penicillinum und\/oder Streptococcinum.<\/p>\n<p align=\"justify\">Aphten, mit Brennen, hier meistens im Wechsel mit Carcinosinum und Variolinum.<\/p>\n<p align=\"justify\">Chronische Hautausschl\u00e4gemit und ohne Juckreiz oder Brennen, auch hier meist als erg\u00e4nzende Zwischengabe.<\/p>\n<p><strong>Die Mumps-Nosode<\/strong><\/p>\n<p>Der Begriff &#8222;Mumps&#8220; kommt aus dem Englischen und bedeutet so viel wie &#8222;Grimasse&#8220;, was zumindest teilweise auf die schlechte Laune der Patienten im Zusammenhang mit dieser Krankheit zur\u00fcckgef\u00fchrt wird. Dieser Umstand n\u00e4hrt Vermutungen \u00fcber die Wirkung von Parotidinum auf die Gem\u00fctsverfassung.<\/p>\n<p>Parotidinum kann Schleusen \u00f6ffnen.<\/p>\n<p>Eine Patientin entwickelte w\u00e4hrend langj\u00e4hriger, im Ganzen erfolgreicher Begleitung ein schmerzhaftes Druckgef\u00fchl im Bereich der linken Ohrspeicheldr\u00fcse, das sich anf\u00fchlte\u00a0&#8222;wie eine Sperre&#8220;. Diese Patientin hatte nach schweren Schicksalsschl\u00e4gen Jahrzehnte lang nicht weinen k\u00f6nnen. Als Kind hatte sie Mumps gehabt.<\/p>\n<p>Die Symptomatik brachte uns auf Parotidinum. Das Druckgef\u00fchl besserte sich schnell, und\u00a0von Stund an flossen die Tr\u00e4nen. Auch in diesem Fr\u00fchjahr macht die Patienten eine kummer- und sorgenvolle Phase durch und empfindet es befreiend, wieder weinen zu k\u00f6nnen. Es geht ihr den Umst\u00e4nden entsprechen &#8222;erstaunlich gut&#8220;.<\/p>\n<p>Bisher mehrfach best\u00e4tigte Leitsymptome sind:<\/p>\n<p>Schwindelgef\u00fchl; Schwindel aus Schw\u00e4che, aber auch aufgrund von<\/p>\n<p>Verspannungen \u00a0im Schulter-Nackenbereich<\/p>\n<p>Muskelschmerzen und Verkrampfung im Bereich der Lendenwirbels\u00e4ule<\/p>\n<p>St\u00e4ndig wiederkehrende Infektionen im Kopf oder in Kopf-N\u00e4he<\/p>\n<p>Nebenh\u00f6hlen, Mandeln Bronchien, Ohren.<\/p>\n<p>Chronischer Husten mit und ohne Absonderung<\/p>\n<p>Mittelohrentz\u00fcndung, Tubenkatarrh.<\/p>\n<p>Vereiterte Nebenh\u00f6hlen bei jeder Erk\u00e4ltung.<\/p>\n<p>Entz\u00fcndete, geschwollene Dr\u00fcsen allgemein.<\/p>\n<p>Pfeiffersches Dr\u00fcsenfieber in der Vorgeschichte mit zur\u00fcckbleibender Infektanf\u00e4lligkeit.<\/p>\n<p>Schwellung der Schleimh\u00e4ute; der Patient kann nicht schlafen, weil er nicht durch die Nase atmen kann.<\/p>\n<p>Kombinationen\/Anwendung:<\/p>\n<p>Parotidinum muss eine Zeit lang regelm\u00e4\u00dfig eingenommen werden, vor allem dann, wenn ein charakteristisches Symptom fehlt.<\/p>\n<p align=\"left\">Copyright by www.Christiane-Petras.de<\/p>\n<p align=\"left\">\u201eDie Wirksamkeit aller hier vorgestellten Verfahren ist wissenschaftlich \/ schulmedizinisch nicht bewiesen\u201d.<\/p>\n","protected":false},"excerpt":{"rendered":"<p>&#8230; wann kommt eine Impfnosode zum Einsatz? \u201cKinder zu erreichen ist das gr\u00f6\u00dfte Gl\u00fcck; Das ist die Stunde der Wahrheit!\u201d Marianne S\u00e4gebrecht \u201cHand aufs Herz, rechnen Sie damit, dass Sie oder ihr Kind durch eine Impfung k\u00f6rperlichen oder seelischen Schaden nehmen kann?\u201d Aus aktuellem Anlass biete ich in meiner Praxis f\u00fcr Naturheilkunde und Kinesiologie die [&hellip;]<\/p>\n","protected":false},"author":2,"featured_media":2416,"parent":87,"menu_order":8,"comment_status":"closed","ping_status":"closed","template":"","meta":{"footnotes":""},"_links":{"self":[{"href":"https:\/\/anne-thewes.de\/index.php?rest_route=\/wp\/v2\/pages\/4653"}],"collection":[{"href":"https:\/\/anne-thewes.de\/index.php?rest_route=\/wp\/v2\/pages"}],"about":[{"href":"https:\/\/anne-thewes.de\/index.php?rest_route=\/wp\/v2\/types\/page"}],"author":[{"embeddable":true,"href":"https:\/\/anne-thewes.de\/index.php?rest_route=\/wp\/v2\/users\/2"}],"replies":[{"embeddable":true,"href":"https:\/\/anne-thewes.de\/index.php?rest_route=%2Fwp%2Fv2%2Fcomments&post=4653"}],"version-history":[{"count":26,"href":"https:\/\/anne-thewes.de\/index.php?rest_route=\/wp\/v2\/pages\/4653\/revisions"}],"predecessor-version":[{"id":7239,"href":"https:\/\/anne-thewes.de\/index.php?rest_route=\/wp\/v2\/pages\/4653\/revisions\/7239"}],"up":[{"embeddable":true,"href":"https:\/\/anne-thewes.de\/index.php?rest_route=\/wp\/v2\/pages\/87"}],"wp:featuredmedia":[{"embeddable":true,"href":"https:\/\/anne-thewes.de\/index.php?rest_route=\/wp\/v2\/media\/2416"}],"wp:attachment":[{"href":"https:\/\/anne-thewes.de\/index.php?rest_route=%2Fwp%2Fv2%2Fmedia&parent=4653"}],"curies":[{"name":"wp","href":"https:\/\/api.w.org\/{rel}","templated":true}]}}