{"id":4706,"date":"2018-09-11T21:08:46","date_gmt":"2018-09-11T19:08:46","guid":{"rendered":"http:\/\/anne-thewes.de\/?page_id=4706"},"modified":"2025-01-31T11:09:48","modified_gmt":"2025-01-31T09:09:48","slug":"kosten-der-behandlung","status":"publish","type":"page","link":"https:\/\/anne-thewes.de\/?page_id=4706","title":{"rendered":"Kosten"},"content":{"rendered":"<p><strong>Kosten der Erstanamnese :<\/strong><\/p>\n<p><strong>Erstanamnese ca. 1 \u2013 2 Stunden:<\/strong><br \/>\nInclusive gr\u00fcndlicher Anamnese, kinesiologischem Check up,<br \/>\nMedikamentenverordnung und Erl\u00e4uterung der Diagnose.<strong><br \/>\n<\/strong>Nach Bedarf:<br \/>\nErn\u00e4hrungsberatung, Lebensberatung, Stressabl\u00f6sung.<strong><br \/>\n<\/strong><\/p>\n<p>Erwachsene : = <strong>210,00 \u20ac<br \/>\n<\/strong>Kinder: = <strong>140,00 \u20ac<br \/>\n<\/strong><\/p>\n<p><strong>Jede weitere Behandlung- Follow-Up:<\/strong><br \/>\n30 Min. = <strong>70,00 \u20ac<\/strong><br \/>\n60 Min. = <strong>110,00 \u20ac<\/strong><\/p>\n<p><strong>Familienrabatt:<br \/>\n<\/strong>Mutter und Kind: 210 \u20ac &#8211; Das Kind bleibt kostenfrei!<br \/>\nVater, Mutter, Kind: Das Kind bleibt kostenfrei, Vater zahlt den Kinderpreis. 350,00 \u20ac.<br \/>\nKind 2: 100 \u20ac Kind 3: 100\u20ac.<br \/>\n<strong><br \/>\nOft kommen die Eltern mit den Worten&#8230; &#8222;das Kind zuerst!&#8220;<\/strong><br \/>\n<strong>Ab sofort gilt: Mindestens die Mutter zuerst!<\/strong><br \/>\n<strong>Kinder spiegeln ihre Eltern.<br \/>\nDarum:<br \/>\nBei auff\u00e4lligem Verhalten der Kinder:<br \/>\nBitte die Eltern zuerst!<\/strong><br \/>\n<strong>Darum biete ich Eltern mit Kind einen Familienrabatt an.<\/strong><br \/>\n<strong>Bitte sprechen Sie mit mir.<\/strong><br \/>\n<strong>Leidet das Kind, leiden die Eltern mit&#8230;<br \/>\nund\/oder leiden die Eltern, leidet das Kind?<\/strong><\/p>\n<p><strong>Telefonische Beratung &#8211; Akutbehandlung:<br \/>\n<\/strong>Je nach Zeitaufwand:<strong> ca. 15 Min. = 40 \u20ac<br \/>\nHandyberatung\u00a0 &#8211; <\/strong>per sms oder anderer Dienste<br \/>\nerlaube ich mir, je nach Zeitaufwand, in Rechnung zu stellen.<\/p>\n<p><strong>Telefonische Konstitutionsbehandlung: Erstanamnese:<\/strong> <strong>130,00 \u20ac<br \/>\n<a href=\"http:\/\/anne-thewes.de\/wp-content\/uploads\/2021\/01\/Anamnese-Fallerhebung-Fernbehandlung-kurz.pdf\">Anamnese &#8211; Fallerhebung Fernbehandlung kurz<\/a><\/strong><strong><br \/>\n<\/strong><\/p>\n<p><strong>Kinder: 100,00 \u20ac<br \/>\n<a href=\"http:\/\/anne-thewes.de\/wp-content\/uploads\/2021\/01\/Anamnese-Kinder-Fernbehandlung-1.pdf\">Anamnese &#8211; Kinder Fernbehandlung<\/a><br \/>\n<\/strong><\/p>\n<p>Bitte senden Sie mir den ausgef\u00fcllten Anamnesebogen an<br \/>\npraxis@anne-thewes.de<\/p>\n<p><strong>Follow up: Konstitutionelle Behandlung: 70,00 \u20ac<br \/>\nKinder: 40,00 \u20ac<br \/>\n<\/strong><\/p>\n<p>Einen Mehraufwand durch Hom\u00f6opathische Repertorisation erlaube ich mir<br \/>\nin Rechnung zu stellen.<\/p>\n<p><strong>Information zur Kostenstellung<\/strong><\/p>\n<p>Ich bin dr\u00fcber informiert worden, dass die gesamten Kosten von einer gesetzlichen Krankenkasse nicht \u00fcbernommen werden und dass die Kosten von einer evtl. bestehenden privaten Krankenversicherung und\/oder Beihilfestelle m\u00f6glicherweise teilweise oder ganz nicht \u00fcbernommen werden.<br \/>\nIch wurde dar\u00fcber informiert, dass aufgrund der rein naturheilkundlichen Diagnostik und Therapie in der Rechnungsstellung unter Umst\u00e4nden keine klinischen-wissenschaftlichen Diagnosen angegeben werden und dadurch bedingt m\u00f6glicherweise Leistungen von einer bestehenden Privatversicherung oder Beihilfestelle nicht erstattet werden, was keinen Einfluss auf meine Erstattungspflicht zum Ausgleich der Honorarrechnung hat.<br \/>\nIch wurde dar\u00fcber informiert, dass die Behandlungskosten unabh\u00e4ngig von geleisteten oder nicht geleisteten Erstattungen durch Beihilfestellen oder private Kranken &#8211; Versicherungen an die Heilpraktikerin \/ den Heilpraktiker zu zahlen sind.<\/p>\n<p>F\u00fcr nicht abgemeldete Behandlungen (mindestens 24 Std. vorher) berechne ich 20,00 \u20ac.<\/p>\n","protected":false},"excerpt":{"rendered":"<p>Kosten der Erstanamnese : Erstanamnese ca. 1 \u2013 2 Stunden: Inclusive gr\u00fcndlicher Anamnese, kinesiologischem Check up, Medikamentenverordnung und Erl\u00e4uterung der Diagnose. Nach Bedarf: Ern\u00e4hrungsberatung, Lebensberatung, Stressabl\u00f6sung. Erwachsene : = 210,00 \u20ac Kinder: = 140,00 \u20ac Jede weitere Behandlung- Follow-Up: 30 Min. = 70,00 \u20ac 60 Min. = 110,00 \u20ac Familienrabatt: Mutter und Kind: 210 \u20ac [&hellip;]<\/p>\n","protected":false},"author":2,"featured_media":0,"parent":2,"menu_order":11,"comment_status":"closed","ping_status":"closed","template":"","meta":{"footnotes":""},"_links":{"self":[{"href":"https:\/\/anne-thewes.de\/index.php?rest_route=\/wp\/v2\/pages\/4706"}],"collection":[{"href":"https:\/\/anne-thewes.de\/index.php?rest_route=\/wp\/v2\/pages"}],"about":[{"href":"https:\/\/anne-thewes.de\/index.php?rest_route=\/wp\/v2\/types\/page"}],"author":[{"embeddable":true,"href":"https:\/\/anne-thewes.de\/index.php?rest_route=\/wp\/v2\/users\/2"}],"replies":[{"embeddable":true,"href":"https:\/\/anne-thewes.de\/index.php?rest_route=%2Fwp%2Fv2%2Fcomments&post=4706"}],"version-history":[{"count":52,"href":"https:\/\/anne-thewes.de\/index.php?rest_route=\/wp\/v2\/pages\/4706\/revisions"}],"predecessor-version":[{"id":6902,"href":"https:\/\/anne-thewes.de\/index.php?rest_route=\/wp\/v2\/pages\/4706\/revisions\/6902"}],"up":[{"embeddable":true,"href":"https:\/\/anne-thewes.de\/index.php?rest_route=\/wp\/v2\/pages\/2"}],"wp:attachment":[{"href":"https:\/\/anne-thewes.de\/index.php?rest_route=%2Fwp%2Fv2%2Fmedia&parent=4706"}],"curies":[{"name":"wp","href":"https:\/\/api.w.org\/{rel}","templated":true}]}}