{"id":4891,"date":"2018-11-10T14:04:59","date_gmt":"2018-11-10T12:04:59","guid":{"rendered":"http:\/\/anne-thewes.de\/?page_id=4891"},"modified":"2025-12-29T19:19:13","modified_gmt":"2025-12-29T17:19:13","slug":"homoeopathie-bei-ads-adhs-konzentrationsstoerungen-und-lernblockaden","status":"publish","type":"page","link":"https:\/\/anne-thewes.de\/?page_id=4891","title":{"rendered":"Hom\u00f6opathie bei ADS\/ADHS, Konzentrationsst\u00f6rungen und Lernblockaden"},"content":{"rendered":"<p style=\"text-align: right;\"><strong>Das Wesen der Geschichte ist die Wandlung.<\/strong><br \/>\nJacob Christoph Burckhardt<\/p>\n<p><strong><span class=\"st\">Es wird vermutet, dass bei <\/span>ADHS <span class=\"st\">das Gleichgewicht der Botenstoffe im Gehirn ver\u00e4ndert ist.<br \/>\nBesonders die Neurotransmitter &#8211; die chemische Substanz, die eine Erregung im Nervensystem weiterleitet.<br \/>\nDas bedeutet, die <\/span>chemische Signal\u00fcbermittlung funktioniert nicht einwandfrei.<\/strong><\/p>\n<p><strong>\u201cHom\u00f6opathisch-ganzheitlich zu therapieren ist f\u00fcr mich ein wunderbarer Ansatz zur Behandlung aller chemischen Fehlregulationen im K\u00f6rper.&#8220;<br \/>\n<\/strong><\/p>\n<p><strong>Ein kleinster hom\u00f6opathischer Impuls legt den Schalter um.<\/strong><br \/>\n<strong>Am Beispiel von einem Schmetterlingsmittel Pieris brassicae und Bufo Rana, dem Gift einer Kr\u00f6te, m\u00f6chte ich die Wirkungsweise eines hom\u00f6opathischen Mittels bei ADS\/ADHS\u00a0 vorstellen.<\/strong><\/p>\n<p><a href=\"http:\/\/anne-thewes.de\/wp-content\/uploads\/2020\/07\/20200703_153302-001.jpg\"><img decoding=\"async\" loading=\"lazy\" class=\"size-medium wp-image-5624 alignleft\" src=\"http:\/\/anne-thewes.de\/wp-content\/uploads\/2020\/07\/20200703_153302-001-300x203.jpg\" alt=\"\" width=\"300\" height=\"203\" srcset=\"https:\/\/anne-thewes.de\/wp-content\/uploads\/2020\/07\/20200703_153302-001-300x203.jpg 300w, https:\/\/anne-thewes.de\/wp-content\/uploads\/2020\/07\/20200703_153302-001-768x519.jpg 768w, https:\/\/anne-thewes.de\/wp-content\/uploads\/2020\/07\/20200703_153302-001-1024x693.jpg 1024w, https:\/\/anne-thewes.de\/wp-content\/uploads\/2020\/07\/20200703_153302-001.jpg 1860w\" sizes=\"(max-width: 300px) 100vw, 300px\" \/><\/a>KOHLWEISSLING &#8211; PIERIS BRASSICAE<\/p>\n<p>Ein gerne angewandtes Schmetterlingsmittel\u00a0bei ADHS.<\/p>\n<p>Schmetterlingsmenschen haben den Wunsch nach der Verwandlung,<br \/>\ndie allen Schmetterlingen zu eigen ist.<\/p>\n<p>Der Schmetterling unterliegt einem st\u00e4ndig wandelndem Lebenszyklus:<\/p>\n<p>Das hei\u00dft, die Verwandlung vom Ei zur Raupe und danach zur Puppe und zum Kokon \u2013 bis zum fertigen Schmetterling.<\/p>\n<p><strong>Wichtige Symptome aller Schmetterlinge<\/strong><\/p>\n<p>1. Thema Verlassenheitsgef\u00fchl \u2013 Dieses Gef\u00fchl haben alle Schmetterlinge gemeinsam. Kinder, die unter einem Verlassenheitsgef\u00fchl leiden, sei es, dass sie von ihren Eltern getrennt wurden, oder dass es ihnen an elterlicher F\u00fchrung und Grenzen mangelt, verdienen ein Schmetterlingsmittel.<br \/>\nAuch f\u00fchlen sich diese Menschen ungesch\u00fctzt und verletzlich.<\/p>\n<p>2. Thema Ruhelosigkeit \u2013 Schmetterlingskinder und Erwachsene haben Konzentrationsprobleme und einen unruhigen Geist. Darum eigenen sich diese Mittel ganz besonders zur Behandlung von hyperaktiven Kindern, die Probleme haben sich in dieser schnelllebigen Zeit zu fokussieren und zu konzentrieren.<\/p>\n<p>3. Thema Leichtigkeit und Metamorphose \u2013 Kinder die einen Schmetterlingsmittel brauchen, lieben es ihr Aussehen zu ver\u00e4ndern sie lieben es, sich zu verkleiden und sich zu schminken. Sie haben das Verlangen, sich leicht zu kleiden, zum Beispiel wie eine Fee, und sie tr\u00e4umen davon zu fliegen.<br \/>\nVerwandlung ist eines ihrer gro\u00dfen Themen.<\/p>\n<p>3. K\u00f6rperliche Symptome \u2013 Neigung zu Hautirritationen.<\/p>\n<p class=\"western\">4. Thema Vorliebe f\u00fcr wei\u00df, im Falle des Kohlwei\u00dflings.<\/p>\n<p>BUFO RANA GIFT EINER KR\u00d6TE<\/p>\n<p><strong>Das Haus, in dem es mit seinen Eltern lebt, existiert als Ort<br \/>\nvon Schutz, <\/strong><strong>Sicherheit und Liebe nicht mehr.<\/strong><\/p>\n<p><strong>\u2018Es ist keiner mehr da, der mich liebt\u2019,<\/strong><br \/>\nk\u00f6nnte der Ausspruch eines Bufo-Kindes sein,<br \/>\nwenn es in der Lage w\u00e4re, seinen tiefsten Gef\u00fchlen verbalen Ausdruck zu geben.<\/p>\n<p>Es macht M\u00fche, den Eltern, die sich mit Hom\u00f6opathie besch\u00e4ftigen, zu erkl\u00e4ren, warum ausgerechnet ihr Kind Bufo rana als Heilmittel ben\u00f6tigt. Eltern, die die emotionalen Bed\u00fcrfnisse, die das Kind hat, im Moment nicht abdecken k\u00f6nnen. Diese soziale oder emotionale Isolation, die durch die mangelhafte Eltern-Kind-Beziehung entsteht, f\u00fchrt das Kind in eine Art Bet\u00e4ubung. Der Hunger nach Ber\u00fchrung, der Hunger nach Liebe macht einen ganz k\u00f6rperlichen Schmerz, der durch Zuwendung, gehalten werden oder Anteilnahme und Verst\u00e4ndnis gelindert werden kann. Aber gerade dazu sind die Eltern manchmal aufgrund ihrer eigenen emotionalen Belastung (Schwierigkeiten in der Ehe, Scheidung, Krankheit, Tod des Partners, andere Schicksalsschl\u00e4ge oder einfach die Geburt des Geschwisterchens) nicht in der Lage. Wie soll eine ungl\u00fcckliche Mutter oder ein ungl\u00fccklicher Vater, die selber Trost und Halt brauchen, ihr Kind tr\u00f6sten? Das Kind tr\u00e4umt sich weg. Es hat Zust\u00e4nde, die als Trance bezeichnet werden k\u00f6nnen, und es bleibt in der seelisch-geistigen Entwicklung stehen und das Bufo-Kind spielt sexuell gern mit sich allein. Es kaut gerne Fingern\u00e4gel und bei\u00dft auf den Fingerspitzen herum. Sie g\u00e4hnen oft. Wenn der Kontakt zur Mutter gut ist, halten sie gerne K\u00f6rperkontakt. Es sind ruhelose Kinder, die gerne laut schreiend durchs Haus laufen oder im Garten ihre Runden drehen. Im Freien f\u00fchlen sie sich besser. Sie haben Angst vor Hunden, aber auch vor anderen Tieren (K\u00fchen, Ochsen, Pferden). Durch die emotionale Bet\u00e4ubung haben sie Schulschwierigkeiten und <a href=\"http:\/\/anne-thewes.de\/?page_id=2108\">Konzentrationsst\u00f6rungen<\/a>, wirken etwas zur\u00fcckgeblieben oder entwickeln sich nicht mehr weiter und machen einen kindischen, d. h. nicht altersgem\u00e4\u00dfen Eindruck. Wenn eine 5-J\u00e4hrige nicht ohne Schnuller auskommt, sollten wir schon an Bufo denken.<\/p>\n<p>MERKE: Bufo ist ein h\u00e4ufig verordnetes Mittel im Schulalltag und es mu\u00df nicht immer eine \u00e4u\u00dfere emotionale Ursache f\u00fcr den Bufo-Zustand geben. Oft sind die Kinder auch den Anforderungen des Schulalltags, mit Unruhe, Stress, Zeitdruck, Handy-Strahlung und Multimedia etc. \u00fcberfordert.<\/p>\n<p>Quelle:<br \/>\nElisabeth Schulz, 2000<br \/>\nHOM\u00d6OPATHIE F\u00dcR KINDER E.V.<\/p>\n<p>Die Wirksamkeit aller hier vorgestellten Verfahren ist wissenschaftlich \/ schulmedizinisch nicht bewiesen\u201d.<\/p>\n","protected":false},"excerpt":{"rendered":"<p>Das Wesen der Geschichte ist die Wandlung. Jacob Christoph Burckhardt Es wird vermutet, dass bei ADHS das Gleichgewicht der Botenstoffe im Gehirn ver\u00e4ndert ist. Besonders die Neurotransmitter &#8211; die chemische Substanz, die eine Erregung im Nervensystem weiterleitet. Das bedeutet, die chemische Signal\u00fcbermittlung funktioniert nicht einwandfrei. \u201cHom\u00f6opathisch-ganzheitlich zu therapieren ist f\u00fcr mich ein wunderbarer Ansatz zur [&hellip;]<\/p>\n","protected":false},"author":2,"featured_media":5009,"parent":2239,"menu_order":8,"comment_status":"closed","ping_status":"closed","template":"","meta":{"footnotes":""},"_links":{"self":[{"href":"https:\/\/anne-thewes.de\/index.php?rest_route=\/wp\/v2\/pages\/4891"}],"collection":[{"href":"https:\/\/anne-thewes.de\/index.php?rest_route=\/wp\/v2\/pages"}],"about":[{"href":"https:\/\/anne-thewes.de\/index.php?rest_route=\/wp\/v2\/types\/page"}],"author":[{"embeddable":true,"href":"https:\/\/anne-thewes.de\/index.php?rest_route=\/wp\/v2\/users\/2"}],"replies":[{"embeddable":true,"href":"https:\/\/anne-thewes.de\/index.php?rest_route=%2Fwp%2Fv2%2Fcomments&post=4891"}],"version-history":[{"count":34,"href":"https:\/\/anne-thewes.de\/index.php?rest_route=\/wp\/v2\/pages\/4891\/revisions"}],"predecessor-version":[{"id":7260,"href":"https:\/\/anne-thewes.de\/index.php?rest_route=\/wp\/v2\/pages\/4891\/revisions\/7260"}],"up":[{"embeddable":true,"href":"https:\/\/anne-thewes.de\/index.php?rest_route=\/wp\/v2\/pages\/2239"}],"wp:featuredmedia":[{"embeddable":true,"href":"https:\/\/anne-thewes.de\/index.php?rest_route=\/wp\/v2\/media\/5009"}],"wp:attachment":[{"href":"https:\/\/anne-thewes.de\/index.php?rest_route=%2Fwp%2Fv2%2Fmedia&parent=4891"}],"curies":[{"name":"wp","href":"https:\/\/api.w.org\/{rel}","templated":true}]}}