{"id":4904,"date":"2018-11-17T15:59:48","date_gmt":"2018-11-17T13:59:48","guid":{"rendered":"http:\/\/anne-thewes.de\/?page_id=4904"},"modified":"2022-08-17T16:20:57","modified_gmt":"2022-08-17T14:20:57","slug":"homoeopathische-mittel-zur-begleitung-der-hochbegabung","status":"publish","type":"page","link":"https:\/\/anne-thewes.de\/?page_id=4904","title":{"rendered":"Hom\u00f6opathische Arzneinmittelbilder zur Begleitung von Hochbegabung"},"content":{"rendered":"<div>\n<div>\n<p style=\"text-align: right;\"><strong>Alle sagten: &#8222;<\/strong><strong>Das geht nicht.&#8220; <\/strong><br \/>\n<strong> Dann kam einer, der wusste das nicht und hat&#8217;s gemacht.<\/strong><br \/>\nLebenspr\u00fcche<\/p>\n<\/div>\n<\/div>\n<p align=\"left\"><strong><a href=\"http:\/\/anne-thewes.de\/wp-content\/uploads\/2018\/11\/20181127_174756-001.jpg\"><img decoding=\"async\" loading=\"lazy\" class=\"size-medium wp-image-4954 alignleft\" src=\"http:\/\/anne-thewes.de\/wp-content\/uploads\/2018\/11\/20181127_174756-001-300x244.jpg\" alt=\"\" width=\"300\" height=\"244\" srcset=\"https:\/\/anne-thewes.de\/wp-content\/uploads\/2018\/11\/20181127_174756-001-300x244.jpg 300w, https:\/\/anne-thewes.de\/wp-content\/uploads\/2018\/11\/20181127_174756-001.jpg 321w\" sizes=\"(max-width: 300px) 100vw, 300px\" \/><\/a>Adamas &#8211; Diamant<\/strong><\/p>\n<p align=\"left\">hat einen hohen Anspruch an sich selbst und darauf, wie sie\/er auf andere wirkt.<br \/>\n\u00c4hnlich wie bei den Edelmetallen Platin, Gold und Silber steht im Hintergrund ein permanent hoher elterlicher Erwartungsdruck. Diesen Druck, st\u00e4ndig ihr\/sein Bestes geben zu m\u00fcssen, erlegt sie\/er sich inzwischen selbst auf.<\/p>\n<p align=\"left\">Einem verm\u00f6genden Akademiker-Elternhaus entstammend hat sie\/er gelernt, mit klarem Verstand unnahbar und eitel die vielen Facetten des gesellschaftlichen Lebens abzudecken. Immer sollte sie die vorzeigbare Tochter oder Sohn sein.<br \/>\nAls Erwachsene bringt sie die Reduzierung ihrer Rolle auf ein \u2018Schmuckst\u00fcck\u2018 im Schatten ihres erfolgreich Gatten aus der Fassung.<br \/>\nDas K\u00f6rperselbstbild von Adamas ist gepr\u00e4gt von Attributen wie Ausdauer und Beharrlichkeit, Disziplin, Pflicht und H\u00e4rte, nicht kleinzukriegen, ungebrochen, selbst\u00fcbersch\u00e4tzend.<br \/>\nH\u00f6henangst ist, wie bei allen ehrgeizigen Menschen, ein logisches Element.<br \/>\nMitgef\u00fchl ist ihr fremd.<\/p>\n<p align=\"left\">K\u00f6rperlich leidet Adamas an depressiver M\u00fcdigkeit und an trocken-rissigen Ekzemen, weichen N\u00e4geln und Herpes.<\/p>\n<p>&nbsp;<\/p>\n<p><strong><a href=\"http:\/\/anne-thewes.de\/wp-content\/uploads\/2018\/11\/20181118_150440.jpg\"><img decoding=\"async\" loading=\"lazy\" class=\"size-medium wp-image-4937 alignleft\" src=\"http:\/\/anne-thewes.de\/wp-content\/uploads\/2018\/11\/20181118_150440-146x300.jpg\" alt=\"\" width=\"146\" height=\"300\" srcset=\"https:\/\/anne-thewes.de\/wp-content\/uploads\/2018\/11\/20181118_150440-146x300.jpg 146w, https:\/\/anne-thewes.de\/wp-content\/uploads\/2018\/11\/20181118_150440-768x1578.jpg 768w, https:\/\/anne-thewes.de\/wp-content\/uploads\/2018\/11\/20181118_150440-498x1024.jpg 498w, https:\/\/anne-thewes.de\/wp-content\/uploads\/2018\/11\/20181118_150440.jpg 1962w\" sizes=\"(max-width: 146px) 100vw, 146px\" \/><\/a>Rhus toxicodendron Pflanze \u2013 Giftsumach<\/strong><\/p>\n<p>Alles flie\u00dft, nichts ruht. Das Rhus-tox Kind befindet sich in einem seltsam unbeseelten, mechanischen Zustand. Sein Interesse besteht fast ausschlie\u00dflich darum, dass alles aus seinem Wahrnehmungsbereich in Bewegung bleibt, rund l\u00e4uft und funktioniert, wie eine Maschine. Auch in der Nacht lassen ihn diese Dinge nicht los. Es besteht ein Mangel an Emotionalit\u00e4t und Gef\u00fchlsregungen wie Liebe, Zuwendung und Verbundenheit.<br \/>\nDies f\u00fchrt zu permanenter Anspannung.<br \/>\nDurch Sport schaffen sich die Rhus toxicodendron Kinder und Erwachsene Erleichterung.<br \/>\nWir werden vom Rhus toxicodendron Menschen erfahren, dass er in einer Familie aufgewachsen ist, in der menschliche W\u00e4rme keine Rolle gespielt hat. Hauptsache alles funktionierte reibungslos angesichts des gro\u00dfen Arbeitspensums beider berufst\u00e4tiger Eltern.<br \/>\nDas Rhustox Kind kann sich alleine f\u00fchlen, in einer Welt ohne menschliche W\u00e4rme.<br \/>\nZugluft ist f\u00fcr Rhus tox Gift und er neigt zu Beschwerden im Bewegungsapparat, zu Herpes sowie zu Atemwegssymptomen, die denen eines Pollenallergikers leiden.<\/p>\n<p>&nbsp;<\/p>\n<p><strong><a href=\"http:\/\/anne-thewes.de\/wp-content\/uploads\/2018\/11\/20181118_145321-001.jpg\"><img decoding=\"async\" loading=\"lazy\" class=\"size-medium wp-image-4938 alignleft\" src=\"http:\/\/anne-thewes.de\/wp-content\/uploads\/2018\/11\/20181118_145321-001-300x225.jpg\" alt=\"\" width=\"300\" height=\"225\" srcset=\"https:\/\/anne-thewes.de\/wp-content\/uploads\/2018\/11\/20181118_145321-001-300x225.jpg 300w, https:\/\/anne-thewes.de\/wp-content\/uploads\/2018\/11\/20181118_145321-001-768x576.jpg 768w, https:\/\/anne-thewes.de\/wp-content\/uploads\/2018\/11\/20181118_145321-001-1024x768.jpg 1024w\" sizes=\"(max-width: 300px) 100vw, 300px\" \/><\/a>Equisetum arvense \u2013 Acker-Schachtelhalm oder Zinnkraut<\/strong><\/p>\n<p>Equisetum ist sehr beharrlich.<br \/>\nIst es \u201ceiserner Wille\u201c, oder ist es Unflexibilit\u00e4t?<br \/>\nEin Equisetum &#8211; Kind stellt sich stur und quer wie ein Esel.<br \/>\nDar Alltag gleicht einem andauernden Kr\u00e4ftemessen und Seilziehen. Die Meinungen knallen wie knochenharte Sch\u00e4del aufeinander.<br \/>\nDas Durchsetzungsverm\u00f6gen von Equisetum \u2013 Pers\u00f6nlichkeiten ist sehr hoch und er ist sehr beharrlich. Im Kontakt zu Fremden bauen Equisetum &#8211; Kinder manchmal eine hohe Hemmschwelle auf, sind unsicher, z\u00f6gerlich und sch\u00fcchtern.<br \/>\nSie springen gerne wild herum, sind sehr sportlich und machen gerne Kurzstreckensprints.<br \/>\nEquisetum ist ein gro\u00dfes Mittel zur Behandlung von h\u00e4ufigem Harndrang, n\u00e4chtlichem Einn\u00e4ssen, h\u00e4ufigem Nasenbluten und heilt langwierigen, bellenden Husten.<\/p>\n<p>&nbsp;<\/p>\n<p><strong><a href=\"http:\/\/anne-thewes.de\/wp-content\/uploads\/2018\/11\/20181118_145841-001.jpg\"><img decoding=\"async\" loading=\"lazy\" class=\"size-medium wp-image-4939 alignleft\" src=\"http:\/\/anne-thewes.de\/wp-content\/uploads\/2018\/11\/20181118_145841-001-300x245.jpg\" alt=\"\" width=\"300\" height=\"245\" srcset=\"https:\/\/anne-thewes.de\/wp-content\/uploads\/2018\/11\/20181118_145841-001-300x245.jpg 300w, https:\/\/anne-thewes.de\/wp-content\/uploads\/2018\/11\/20181118_145841-001-768x626.jpg 768w, https:\/\/anne-thewes.de\/wp-content\/uploads\/2018\/11\/20181118_145841-001-1024x835.jpg 1024w, https:\/\/anne-thewes.de\/wp-content\/uploads\/2018\/11\/20181118_145841-001.jpg 1540w\" sizes=\"(max-width: 300px) 100vw, 300px\" \/><\/a>Vanilla &#8211; Die Vanille<\/strong><\/p>\n<p>Das Vanilla Kind neigt zum Zusammenbruch und zur Instabilit\u00e4t. Sie hat Angst, der Kreislauf w\u00fcrde versagen und sie w\u00fcrde gleich umfallen.<br \/>\nEinem hohen Anspruch, mit viel innerem Druck, stehen Versagens\u00e4ngste gegen\u00fcber. Souver\u00e4nit\u00e4t wird von Selbstzweifeln attackiert, geistige Hochleistung von Ersch\u00f6pfung und Burnout.<\/p>\n<p>Nachts bei\u00dft Vanilla die Z\u00e4hne zusammen und leidet unter Sodbrennen.<\/p>\n<p>Erwachsene erleben einen Wechsel von Potenz zu Impotenz und<br \/>\nvon Bluthochdruck zu Kreislaufversagen.<\/p>\n<p>Quelle: In Anlehnung: <strong>Wissmut<\/strong> Materia Medica M\u00fcller 3,0<br \/>\nKarl-Josef M\u00fcller<\/p>\n<p>\u201eDie Wirksamkeit aller hier vorgestellten Verfahren ist wissenschaftlich \/ schulmedizinisch nicht bewiesen\u201d.<\/p>\n","protected":false},"excerpt":{"rendered":"<p>Alle sagten: &#8222;Das geht nicht.&#8220; Dann kam einer, der wusste das nicht und hat&#8217;s gemacht. Lebenspr\u00fcche Adamas &#8211; Diamant hat einen hohen Anspruch an sich selbst und darauf, wie sie\/er auf andere wirkt. \u00c4hnlich wie bei den Edelmetallen Platin, Gold und Silber steht im Hintergrund ein permanent hoher elterlicher Erwartungsdruck. Diesen Druck, st\u00e4ndig ihr\/sein Bestes [&hellip;]<\/p>\n","protected":false},"author":2,"featured_media":3658,"parent":2239,"menu_order":11,"comment_status":"closed","ping_status":"closed","template":"","meta":{"footnotes":""},"_links":{"self":[{"href":"https:\/\/anne-thewes.de\/index.php?rest_route=\/wp\/v2\/pages\/4904"}],"collection":[{"href":"https:\/\/anne-thewes.de\/index.php?rest_route=\/wp\/v2\/pages"}],"about":[{"href":"https:\/\/anne-thewes.de\/index.php?rest_route=\/wp\/v2\/types\/page"}],"author":[{"embeddable":true,"href":"https:\/\/anne-thewes.de\/index.php?rest_route=\/wp\/v2\/users\/2"}],"replies":[{"embeddable":true,"href":"https:\/\/anne-thewes.de\/index.php?rest_route=%2Fwp%2Fv2%2Fcomments&post=4904"}],"version-history":[{"count":25,"href":"https:\/\/anne-thewes.de\/index.php?rest_route=\/wp\/v2\/pages\/4904\/revisions"}],"predecessor-version":[{"id":4958,"href":"https:\/\/anne-thewes.de\/index.php?rest_route=\/wp\/v2\/pages\/4904\/revisions\/4958"}],"up":[{"embeddable":true,"href":"https:\/\/anne-thewes.de\/index.php?rest_route=\/wp\/v2\/pages\/2239"}],"wp:featuredmedia":[{"embeddable":true,"href":"https:\/\/anne-thewes.de\/index.php?rest_route=\/wp\/v2\/media\/3658"}],"wp:attachment":[{"href":"https:\/\/anne-thewes.de\/index.php?rest_route=%2Fwp%2Fv2%2Fmedia&parent=4904"}],"curies":[{"name":"wp","href":"https:\/\/api.w.org\/{rel}","templated":true}]}}