{"id":552,"date":"2015-08-26T15:54:33","date_gmt":"2015-08-26T13:54:33","guid":{"rendered":"http:\/\/www.anne-thewes.de\/wp\/?page_id=552"},"modified":"2026-05-08T15:36:06","modified_gmt":"2026-05-08T13:36:06","slug":"anwendungen","status":"publish","type":"page","link":"https:\/\/anne-thewes.de\/?page_id=552","title":{"rendered":"Anwendungen"},"content":{"rendered":"<p style=\"text-align: right;\"><strong>&#8222;Sag immer &#8222;JA&#8220; zum gegenw\u00e4rtigen Moment.<\/strong><br \/>\n<strong>Sage &#8222;JA&#8220; zum Leben- und schau,<\/strong><br \/>\n<strong>wie das Leben pl\u00f6tzlich beginnt f\u00fcr dich zu arbeiten, anstatt gegen dich.&#8220;<\/strong><\/p>\n<p>&nbsp;<\/p>\n<p>&nbsp;<\/p>\n<h4 style=\"text-align: left;\"><strong><a href=\"https:\/\/anne-thewes.de\/wp-content\/uploads\/2026\/05\/IMG-20260508-WA002411-004.jpg\"><img decoding=\"async\" loading=\"lazy\" class=\"alignleft wp-image-7396\" src=\"https:\/\/anne-thewes.de\/wp-content\/uploads\/2026\/05\/IMG-20260508-WA002411-004-300x298.jpg\" alt=\"\" width=\"340\" height=\"337\" srcset=\"https:\/\/anne-thewes.de\/wp-content\/uploads\/2026\/05\/IMG-20260508-WA002411-004-300x298.jpg 300w, https:\/\/anne-thewes.de\/wp-content\/uploads\/2026\/05\/IMG-20260508-WA002411-004-1024x1016.jpg 1024w, https:\/\/anne-thewes.de\/wp-content\/uploads\/2026\/05\/IMG-20260508-WA002411-004-150x150.jpg 150w, https:\/\/anne-thewes.de\/wp-content\/uploads\/2026\/05\/IMG-20260508-WA002411-004-768x762.jpg 768w, https:\/\/anne-thewes.de\/wp-content\/uploads\/2026\/05\/IMG-20260508-WA002411-004-1536x1524.jpg 1536w, https:\/\/anne-thewes.de\/wp-content\/uploads\/2026\/05\/IMG-20260508-WA002411-004.jpg 1887w\" sizes=\"(max-width: 340px) 100vw, 340px\" \/><\/a><\/strong><\/h4>\n<h4><\/h4>\n<h5 style=\"text-align: left;\"><strong>&#8222;Herzlich Willkommen im informellen Teil meiner Homepage,<\/strong><br \/>\n<strong>der Praxis f\u00fcr Naturheilkunde und Kinesiologie Anne Thewes!&#8220;<\/strong><\/h5>\n<p>&nbsp;<\/p>\n<p>Auf der rechten Seite, beim Handy unten, finden Sie &#8222;<em>Links&#8220;<\/em>. Wenn Sie diese \u00f6ffnen, erhalten Sie interessante Informationen<br \/>\n\u00fcber meine hom\u00f6opathischen und ganzheitlichen Behandlungsmethoden.<\/p>\n<h5><\/h5>\n<h4><\/h4>\n<p>&nbsp;<\/p>\n<p>&nbsp;<\/p>\n<p>&nbsp;<\/p>\n<p><a href=\"https:\/\/anne-thewes.de\/wp-content\/uploads\/2023\/10\/Artikel-Co.med-Oktober-2023-Streptokokkinum-DER-WEGBEREITER.pdf\">Artikel Co.med Oktober 2023 Streptokokkinum\u00a0 <strong>DER WEGBEREITER<\/strong><\/a><br \/>\nInformieren Sie sich hier \u00fcber die vielen M\u00f6glichkeiten einer hom\u00f6opathischen Arznei: GAMECHANGER: Streptokokkinum -P-T Dr. Andreas Tilch<\/p>\n<p><strong>Leuchtt\u00fcrme gesucht!<\/strong><\/p>\n<p><img decoding=\"async\" loading=\"lazy\" class=\"\" src=\"https:\/\/www.similimum.de\/wp-content\/uploads\/2025\/06\/streptokokkinum-anwendungs-und-therapiebuch.jpg\" width=\"216\" height=\"306\" \/><\/p>\n<p>Aktuell erschienen&#8230;.das Anwendungsbuch:<\/p>\n<p style=\"text-align: left;\">\n","protected":false},"excerpt":{"rendered":"<p>&#8222;Sag immer &#8222;JA&#8220; zum gegenw\u00e4rtigen Moment. Sage &#8222;JA&#8220; zum Leben- und schau, wie das Leben pl\u00f6tzlich beginnt f\u00fcr dich zu arbeiten, anstatt gegen dich.&#8220; &nbsp; &nbsp; &#8222;Herzlich Willkommen im informellen Teil meiner Homepage, der Praxis f\u00fcr Naturheilkunde und Kinesiologie Anne Thewes!&#8220; &nbsp; Auf der rechten Seite, beim Handy unten, finden Sie &#8222;Links&#8220;. Wenn Sie diese [&hellip;]<\/p>\n","protected":false},"author":1,"featured_media":7387,"parent":0,"menu_order":1,"comment_status":"closed","ping_status":"closed","template":"","meta":{"footnotes":""},"_links":{"self":[{"href":"https:\/\/anne-thewes.de\/index.php?rest_route=\/wp\/v2\/pages\/552"}],"collection":[{"href":"https:\/\/anne-thewes.de\/index.php?rest_route=\/wp\/v2\/pages"}],"about":[{"href":"https:\/\/anne-thewes.de\/index.php?rest_route=\/wp\/v2\/types\/page"}],"author":[{"embeddable":true,"href":"https:\/\/anne-thewes.de\/index.php?rest_route=\/wp\/v2\/users\/1"}],"replies":[{"embeddable":true,"href":"https:\/\/anne-thewes.de\/index.php?rest_route=%2Fwp%2Fv2%2Fcomments&post=552"}],"version-history":[{"count":321,"href":"https:\/\/anne-thewes.de\/index.php?rest_route=\/wp\/v2\/pages\/552\/revisions"}],"predecessor-version":[{"id":7402,"href":"https:\/\/anne-thewes.de\/index.php?rest_route=\/wp\/v2\/pages\/552\/revisions\/7402"}],"wp:featuredmedia":[{"embeddable":true,"href":"https:\/\/anne-thewes.de\/index.php?rest_route=\/wp\/v2\/media\/7387"}],"wp:attachment":[{"href":"https:\/\/anne-thewes.de\/index.php?rest_route=%2Fwp%2Fv2%2Fmedia&parent=552"}],"curies":[{"name":"wp","href":"https:\/\/api.w.org\/{rel}","templated":true}]}}