{"id":62,"date":"2015-04-30T10:32:01","date_gmt":"2015-04-30T08:32:01","guid":{"rendered":"http:\/\/www.anne-thewes.de\/wp\/?page_id=62"},"modified":"2020-07-21T15:06:23","modified_gmt":"2020-07-21T13:06:23","slug":"homoeopathie","status":"publish","type":"page","link":"https:\/\/anne-thewes.de\/?page_id=62","title":{"rendered":"Klassische Hom\u00f6opathie und Miasmatik"},"content":{"rendered":"<p style=\"text-align: right;\"><strong><a href=\"http:\/\/anne-thewes.de\/wp-content\/uploads\/2013\/02\/IMG_1953-001.jpg\" rel=\"attachment wp-att-3357\"><img decoding=\"async\" loading=\"lazy\" class=\"size-medium wp-image-3357 alignleft\" src=\"http:\/\/anne-thewes.de\/wp-content\/uploads\/2013\/02\/IMG_1953-001-300x267.jpg\" alt=\"IMG_1953-001\" width=\"300\" height=\"267\" srcset=\"https:\/\/anne-thewes.de\/wp-content\/uploads\/2013\/02\/IMG_1953-001-300x267.jpg 300w, https:\/\/anne-thewes.de\/wp-content\/uploads\/2013\/02\/IMG_1953-001-768x683.jpg 768w, https:\/\/anne-thewes.de\/wp-content\/uploads\/2013\/02\/IMG_1953-001-1024x910.jpg 1024w\" sizes=\"(max-width: 300px) 100vw, 300px\" \/><\/a>&#8222;Willst du den K\u00f6rper heilen,<br \/>\n<\/strong><strong>musst du zuerst die Seele heilen.&#8220;<\/strong><br \/>\nPlaton<\/p>\n<p>&nbsp;<\/p>\n<p>&nbsp;<\/p>\n<p>&nbsp;<\/p>\n<p>&nbsp;<\/p>\n<p>&nbsp;<\/p>\n<p>&nbsp;<\/p>\n<p style=\"text-align: left;\"><strong><span style=\"text-decoration: underline;\">Die Klassische Hom\u00f6opathie<\/span> <\/strong><br \/>\n<strong>Die Hom\u00f6opathie erfasst den Menschen in seiner Ganzheit. <\/strong><strong>Sie sieht den Charakter des Menschen, seine Gewohnheiten und die psychischen und k\u00f6rperlichen Symptome sowie seine genetische Veranlagung.<\/strong><br \/>\n<strong> Ist das perfekt passende Mittel gefunden, hilft es dem Kranken, seine Selbstheilungskr\u00e4fte zu aktivieren.<\/strong><\/p>\n<p><strong>\u201cWer einmal die harmonisierende, aufrichtende und zentrierende Wirkung einer hom\u00f6opathischen Hochpotenz am eigenen Leib erfahren hat, h\u00f6rt auf nach wissenschaftlichen Beweisen zu forschen. Manchmal ist es nach Einnahme der hom\u00f6opathischen Arznei, wie wenn sich eine w\u00e4rmende, liebevolle Decke sch\u00fctzend um einen legt.\u201d<\/strong><\/p>\n<p><span class=\"element\">\u00a0<\/span><\/p>\n<p><strong><span style=\"text-decoration: underline;\">Die Miasmatische Behandlung<\/span><\/strong><br \/>\nist die &#8222;Ursachenbehandlung&#8220; chronischer Erkrankungen.<a href=\"http:\/\/anne-thewes.de\/wp-content\/uploads\/2015\/08\/IMG_6467-004.jpg\"><img decoding=\"async\" loading=\"lazy\" class=\"size-medium wp-image-2121 alignright\" src=\"http:\/\/anne-thewes.de\/wp-content\/uploads\/2015\/08\/IMG_6467-004-211x300.jpg\" alt=\"IMG_6467-004\" width=\"211\" height=\"300\" srcset=\"https:\/\/anne-thewes.de\/wp-content\/uploads\/2015\/08\/IMG_6467-004-211x300.jpg 211w, https:\/\/anne-thewes.de\/wp-content\/uploads\/2015\/08\/IMG_6467-004.jpg 499w\" sizes=\"(max-width: 211px) 100vw, 211px\" \/><\/a><\/p>\n<p>Der Hom\u00f6opath recherchiert wie ein Detektiv und entwickelt mit den Jahren einen Sp\u00fcrsinn f\u00fcr die genetisch-ererbten oder erworbenen miasmatischen Grundlagen einer Erkrankung.<br \/>\nEr beobachtet eine im Menschen vorliegende Disposition, Bereitschaft oder Dynamik auf bestimmte Faktoren zu reagieren oder nicht. Das GRUND\u00dcBEL = die Krankheit unter der Krankheit muss erkannt und behandelt werden.<\/p>\n<p>&nbsp;<\/p>\n<p>&nbsp;<\/p>\n<p>&nbsp;<\/p>\n<p><a href=\"http:\/\/anne-thewes.de\/wp-content\/uploads\/2015\/04\/image-001.jpg\" rel=\"attachment wp-att-2810\"><img decoding=\"async\" loading=\"lazy\" class=\"size-medium wp-image-2810 alignleft\" src=\"http:\/\/anne-thewes.de\/wp-content\/uploads\/2015\/04\/image-001-229x300.jpg\" alt=\"image-001\" width=\"229\" height=\"300\" srcset=\"https:\/\/anne-thewes.de\/wp-content\/uploads\/2015\/04\/image-001-229x300.jpg 229w, https:\/\/anne-thewes.de\/wp-content\/uploads\/2015\/04\/image-001.jpg 587w\" sizes=\"(max-width: 229px) 100vw, 229px\" \/><\/a><\/p>\n<p><strong>&#8222;Miasmatisch-hom\u00f6opathisch-ganzheitlich zu therapieren ist f\u00fcr mich ein wunderbarer Ansatz zur Behandlung chronischer Erkrankungen.&#8220;<\/strong><\/p>\n<p>&nbsp;<\/p>\n<p>&nbsp;<\/p>\n<p>&nbsp;<\/p>\n<p>&nbsp;<\/p>\n<p>&nbsp;<\/p>\n<p>&nbsp;<\/p>\n<p><span style=\"text-decoration: underline;\"><strong><br \/>\nKann man Hom\u00f6opathie beweisen?<br \/>\n<\/strong><\/span>\u201eDie Hom\u00f6opathie\u201c l\u00e4sst sich ebenso wenig beweisen wie \u201edie konventionelle Pharmakologie\u201c.<br \/>\nBeweisen oder genauer gesagt, belegen lassen sich wissenschaftlich immer nur einzelne Postulate \u2013 und selbst dabei sind Einschr\u00e4nkungen notwendig. Tats\u00e4chlich gibt es in der klinischen Forschung keine einzige Studie, die etwas zweifelsfrei belegt. Die Hom\u00f6opathie ist ein Teilbereich der Schwingungs- und Informationsmedizin. Wie Farbe, Klang und Worte k\u00f6nnen Sie mit dem K\u00f6rper in Resonanz gehen und dort heilende und harmonisierende Impulse setzen.<\/p>\n<p>Probieren Sie es selbst aus. Nehmen Sie folgenden Satz:<br \/>\n&#8222;Ich liebe dich.&#8220;<br \/>\nSp\u00fcren Sie hinein.<br \/>\nK\u00f6nnen Sie die Wirkung dieses Satzes beweisen?<\/p>\n<p>&nbsp;<\/p>\n<p>&nbsp;<\/p>\n","protected":false},"excerpt":{"rendered":"<p>&#8222;Willst du den K\u00f6rper heilen, musst du zuerst die Seele heilen.&#8220; Platon &nbsp; &nbsp; &nbsp; &nbsp; &nbsp; &nbsp; Die Klassische Hom\u00f6opathie Die Hom\u00f6opathie erfasst den Menschen in seiner Ganzheit. Sie sieht den Charakter des Menschen, seine Gewohnheiten und die psychischen und k\u00f6rperlichen Symptome sowie seine genetische Veranlagung. Ist das perfekt passende Mittel gefunden, hilft es [&hellip;]<\/p>\n","protected":false},"author":2,"featured_media":1289,"parent":87,"menu_order":1,"comment_status":"open","ping_status":"closed","template":"","meta":{"footnotes":""},"_links":{"self":[{"href":"https:\/\/anne-thewes.de\/index.php?rest_route=\/wp\/v2\/pages\/62"}],"collection":[{"href":"https:\/\/anne-thewes.de\/index.php?rest_route=\/wp\/v2\/pages"}],"about":[{"href":"https:\/\/anne-thewes.de\/index.php?rest_route=\/wp\/v2\/types\/page"}],"author":[{"embeddable":true,"href":"https:\/\/anne-thewes.de\/index.php?rest_route=\/wp\/v2\/users\/2"}],"replies":[{"embeddable":true,"href":"https:\/\/anne-thewes.de\/index.php?rest_route=%2Fwp%2Fv2%2Fcomments&post=62"}],"version-history":[{"count":104,"href":"https:\/\/anne-thewes.de\/index.php?rest_route=\/wp\/v2\/pages\/62\/revisions"}],"predecessor-version":[{"id":5660,"href":"https:\/\/anne-thewes.de\/index.php?rest_route=\/wp\/v2\/pages\/62\/revisions\/5660"}],"up":[{"embeddable":true,"href":"https:\/\/anne-thewes.de\/index.php?rest_route=\/wp\/v2\/pages\/87"}],"wp:featuredmedia":[{"embeddable":true,"href":"https:\/\/anne-thewes.de\/index.php?rest_route=\/wp\/v2\/media\/1289"}],"wp:attachment":[{"href":"https:\/\/anne-thewes.de\/index.php?rest_route=%2Fwp%2Fv2%2Fmedia&parent=62"}],"curies":[{"name":"wp","href":"https:\/\/api.w.org\/{rel}","templated":true}]}}