{"id":85,"date":"2015-05-01T19:39:09","date_gmt":"2015-05-01T17:39:09","guid":{"rendered":"http:\/\/www.anne-thewes.de\/wp\/?page_id=85"},"modified":"2023-07-24T12:13:24","modified_gmt":"2023-07-24T10:13:24","slug":"mein-weg","status":"publish","type":"page","link":"https:\/\/anne-thewes.de\/?page_id=85","title":{"rendered":"Mein Weg"},"content":{"rendered":"<p style=\"text-align: right;\"><strong>&#8222;Sobald du dich auf den Weg begibst,\u00a0 <\/strong><strong>erscheint der Weg.&#8220;<\/strong><br \/>\nRUMI Zitate<\/p>\n<p style=\"text-align: left;\">&#8222;Gerade weil ich fr\u00fcher so ein <a href=\"http:\/\/anne-thewes.de\/?page_id=1498\">\u00e4ngstliches<\/a> kleines M\u00e4dchen war, freue ich mich, wenn wieder ein kleiner Erdenb\u00fcrger in meiner Praxis steht und mir stolz seine<a href=\"http:\/\/anne-thewes.de\/wp-content\/uploads\/2023\/07\/IMG_0963-002-scaled.jpg\"><img decoding=\"async\" loading=\"lazy\" class=\"size-medium wp-image-6715 alignright\" src=\"http:\/\/anne-thewes.de\/wp-content\/uploads\/2023\/07\/IMG_0963-002-192x300.jpg\" alt=\"\" width=\"192\" height=\"300\" srcset=\"https:\/\/anne-thewes.de\/wp-content\/uploads\/2023\/07\/IMG_0963-002-192x300.jpg 192w, https:\/\/anne-thewes.de\/wp-content\/uploads\/2023\/07\/IMG_0963-002-656x1024.jpg 656w, https:\/\/anne-thewes.de\/wp-content\/uploads\/2023\/07\/IMG_0963-002-768x1199.jpg 768w, https:\/\/anne-thewes.de\/wp-content\/uploads\/2023\/07\/IMG_0963-002-984x1536.jpg 984w, https:\/\/anne-thewes.de\/wp-content\/uploads\/2023\/07\/IMG_0963-002-1312x2048.jpg 1312w, https:\/\/anne-thewes.de\/wp-content\/uploads\/2023\/07\/IMG_0963-002-scaled.jpg 1640w\" sizes=\"(max-width: 192px) 100vw, 192px\" \/><\/a> Schult\u00fcte zeigt. Er kennt jetzt keine <a href=\"http:\/\/anne-thewes.de\/?page_id=1498\">\u00c4ngste<\/a> mehr, er ist gewappnet, mutig und entspannt, denn er hat eine abgeschlossene<a href=\"http:\/\/anne-thewes.de\/?page_id=2242\"> hom\u00f6opathische Behandlung<\/a> hinter sich.<\/p>\n<p>In meiner Jugend litt ich unter gro\u00dfer Ersch\u00f6pfung, meine <a href=\"http:\/\/anne-thewes.de\/?page_id=1659\">Leistungen in der Schule lie\u00dfen nach<\/a> \u2013 aber niemand erkannte die Ursache, <a href=\"http:\/\/anne-thewes.de\/?page_id=2208\">ein Pfeiffersches Dr\u00fcsenfieber, das Epstein-Barr Virus.<\/a><\/p>\n<p>Wie gut, wenn es damals eine Frau Thewes gegeben h\u00e4tte, die meine Erkrankung mit einem<a href=\"http:\/\/anne-thewes.de\/?page_id=79\"> kinesiologischen Muskeltest<\/a> h\u00e4tte austesten k\u00f6nnen.<\/p>\n<p style=\"text-align: left;\">Heute macht es mich dankbar, <a href=\"http:\/\/anne-thewes.de\/?page_id=2242\">kranken Kindern<\/a> und Jugendlichen helfen zu k\u00f6nnen. Durch eine gesicherte Diagnose f\u00fchlen sich die Heranwachsenden verstanden und ernst genommen.\u00a0 Mit dem richtigen <a href=\"http:\/\/anne-thewes.de\/?page_id=2242\">hom\u00f6opathischen Mittel<\/a> entwickeln die Kinder St\u00e4rke und Selbstvertrauen f\u00fcr ihren kindlichen Reifeprozess.<\/p>\n<p style=\"text-align: left;\">Dank meiner eigenen Lebenserfahrungen ist es mir besonders wichtig, mit gro\u00dfer Sorgfalt und intensiver Anamnese herauszufinden: \u201e<a href=\"http:\/\/anne-thewes.de\/?page_id=3678\">Warum ist der Patient erkrankt&#8220;<\/a> und wie kann die Erkrankung geheilt werden?<\/p>\n<p style=\"text-align: left;\">Ich bin meinen Patienten dankbar, die mir in den letzten Jahren ihr Vertrauen entgegen gebracht haben und durch die ich soviel lernen durfte.<br \/>\nOhne SIE w\u00e4re ich nicht <a href=\"http:\/\/anne-thewes.de\/?page_id=975\">die Heilpraktikerin<\/a>,<br \/>\ndie ich heute bin.&#8220;<br \/>\n<a href=\"http:\/\/anne-thewes.de\/wp-content\/uploads\/2013\/02\/IMG_1897-003.jpg\"><img decoding=\"async\" loading=\"lazy\" class=\"alignnone size-medium wp-image-3384\" src=\"http:\/\/anne-thewes.de\/wp-content\/uploads\/2013\/02\/IMG_1897-003-267x300.jpg\" alt=\"\" width=\"267\" height=\"300\" srcset=\"https:\/\/anne-thewes.de\/wp-content\/uploads\/2013\/02\/IMG_1897-003-267x300.jpg 267w, https:\/\/anne-thewes.de\/wp-content\/uploads\/2013\/02\/IMG_1897-003-768x864.jpg 768w, https:\/\/anne-thewes.de\/wp-content\/uploads\/2013\/02\/IMG_1897-003-910x1024.jpg 910w\" sizes=\"(max-width: 267px) 100vw, 267px\" \/><\/a><\/p>\n<p style=\"text-align: left;\"><strong>PS:<\/strong> <strong>&#8222;Wenn Sie mehr \u00fcber mich erfahren m\u00f6chten, so klicken Sie auf den Link:<br \/>\n<\/strong><br \/>\n<a href=\"http:\/\/anne-thewes.de\/?page_id=975\">&#8222;<strong><span style=\"text-decoration: underline;\">Zu meiner Person<\/span>!&#8220;<\/strong><\/a><\/p>\n<h5 style=\"text-align: left;\"><strong><span style=\"text-decoration: underline;\"><a href=\"http:\/\/anne-thewes.de\/wp-content\/uploads\/2015\/05\/20170831_103515-001.jpg\" rel=\"attachment wp-att-4069\"><img decoding=\"async\" loading=\"lazy\" class=\"alignnone size-medium wp-image-4069\" src=\"http:\/\/anne-thewes.de\/wp-content\/uploads\/2015\/05\/20170831_103515-001-203x300.jpg\" alt=\"20170831_103515-001\" width=\"203\" height=\"300\" srcset=\"https:\/\/anne-thewes.de\/wp-content\/uploads\/2015\/05\/20170831_103515-001-203x300.jpg 203w, https:\/\/anne-thewes.de\/wp-content\/uploads\/2015\/05\/20170831_103515-001-768x1133.jpg 768w, https:\/\/anne-thewes.de\/wp-content\/uploads\/2015\/05\/20170831_103515-001-694x1024.jpg 694w\" sizes=\"(max-width: 203px) 100vw, 203px\" \/><\/a><a href=\"http:\/\/anne-thewes.de\/wp-content\/uploads\/2015\/05\/20170831_103503-001.jpg\" rel=\"attachment wp-att-4070\"><img decoding=\"async\" loading=\"lazy\" class=\"size-medium wp-image-4070 alignleft\" src=\"http:\/\/anne-thewes.de\/wp-content\/uploads\/2015\/05\/20170831_103503-001-213x300.jpg\" alt=\"20170831_103503-001\" width=\"213\" height=\"300\" srcset=\"https:\/\/anne-thewes.de\/wp-content\/uploads\/2015\/05\/20170831_103503-001-213x300.jpg 213w, https:\/\/anne-thewes.de\/wp-content\/uploads\/2015\/05\/20170831_103503-001-768x1081.jpg 768w, https:\/\/anne-thewes.de\/wp-content\/uploads\/2015\/05\/20170831_103503-001-727x1024.jpg 727w\" sizes=\"(max-width: 213px) 100vw, 213px\" \/><\/a><\/span><\/strong><\/h5>\n","protected":false},"excerpt":{"rendered":"<p>&#8222;Sobald du dich auf den Weg begibst,\u00a0 erscheint der Weg.&#8220; RUMI Zitate &#8222;Gerade weil ich fr\u00fcher so ein \u00e4ngstliches kleines M\u00e4dchen war, freue ich mich, wenn wieder ein kleiner Erdenb\u00fcrger in meiner Praxis steht und mir stolz seine Schult\u00fcte zeigt. Er kennt jetzt keine \u00c4ngste mehr, er ist gewappnet, mutig und entspannt, denn er hat [&hellip;]<\/p>\n","protected":false},"author":2,"featured_media":2847,"parent":0,"menu_order":0,"comment_status":"open","ping_status":"open","template":"","meta":{"footnotes":""},"_links":{"self":[{"href":"https:\/\/anne-thewes.de\/index.php?rest_route=\/wp\/v2\/pages\/85"}],"collection":[{"href":"https:\/\/anne-thewes.de\/index.php?rest_route=\/wp\/v2\/pages"}],"about":[{"href":"https:\/\/anne-thewes.de\/index.php?rest_route=\/wp\/v2\/types\/page"}],"author":[{"embeddable":true,"href":"https:\/\/anne-thewes.de\/index.php?rest_route=\/wp\/v2\/users\/2"}],"replies":[{"embeddable":true,"href":"https:\/\/anne-thewes.de\/index.php?rest_route=%2Fwp%2Fv2%2Fcomments&post=85"}],"version-history":[{"count":109,"href":"https:\/\/anne-thewes.de\/index.php?rest_route=\/wp\/v2\/pages\/85\/revisions"}],"predecessor-version":[{"id":6717,"href":"https:\/\/anne-thewes.de\/index.php?rest_route=\/wp\/v2\/pages\/85\/revisions\/6717"}],"wp:featuredmedia":[{"embeddable":true,"href":"https:\/\/anne-thewes.de\/index.php?rest_route=\/wp\/v2\/media\/2847"}],"wp:attachment":[{"href":"https:\/\/anne-thewes.de\/index.php?rest_route=%2Fwp%2Fv2%2Fmedia&parent=85"}],"curies":[{"name":"wp","href":"https:\/\/api.w.org\/{rel}","templated":true}]}}