{"id":95,"date":"2015-05-01T19:55:25","date_gmt":"2015-05-01T17:55:25","guid":{"rendered":"http:\/\/www.anne-thewes.de\/wp\/?page_id=95"},"modified":"2025-05-23T18:16:54","modified_gmt":"2025-05-23T16:16:54","slug":"bei-welchen-erkrankungen-kann-naturheilkunde-helfen","status":"publish","type":"page","link":"https:\/\/anne-thewes.de\/?page_id=95","title":{"rendered":"Bei welchen Erkrankungen kann Naturheilkunde helfen?"},"content":{"rendered":"<p style=\"text-align: left;\"><strong><span class=\"st\">Und es kam der Tag, da das Risiko,<br \/>\nin der Knospe zu verharren,<br \/>\nschmerzlicher wurde als das Risiko zu bl\u00fchen.<br \/>\n<\/span><\/strong><span class=\"st\">Ana\u00eds Nin<\/span><\/p>\n<p style=\"text-align: left;\"><strong><span style=\"text-decoration: underline;\">Bei welchen Erkrankungen kann<br \/>\n<\/span><\/strong><span style=\"text-decoration: underline;\"><strong>Naturheilkunde helfen?<\/strong><br \/>\n<\/span>Grunds\u00e4tzlich bei allen akuten und<br \/>\nchronischen Erkrankungen &#8211;<br \/>\nk\u00f6rperlicher und seelischer Art , wie z.B.<\/p>\n<p><strong>Psychische Erkrankungen<\/strong><br \/>\nwie <a href=\"http:\/\/anne-thewes.de\/?page_id=3678\">Depressionen, \u00c4ngste und Spannungen,<\/a><br \/>\nStresserkrankungen wie Burnout und Ersch\u00f6pfung sowie<br \/>\n<a href=\"http:\/\/anne-thewes.de\/?page_id=1498\">Panik, Flugangst, Pr\u00fcfungsangst, Lampenfieber,<\/a><br \/>\n<a href=\"http:\/\/anne-thewes.de\/?page_id=1498\">Trauer, Kummer<br \/>\n<\/a><a href=\"http:\/\/anne-thewes.de\/?page_id=90\">Posttraumatische Belastungsst\u00f6rungen (PTBS)<\/a><\/p>\n<p><a href=\"http:\/\/anne-thewes.de\/?page_id=3678\"><strong>\u00dcberforderungssyndrom<\/strong><\/a><br \/>\nSie befinden sich auf der Leiter nach ganz oben?<br \/>\nUnd pl\u00f6tzlich entwickeln sich Versagens\u00e4ngste,<br \/>\nMinderwertigkeitsgef\u00fchle, \u00c4ngste, es nicht zu schaffen?<\/p>\n<p style=\"text-align: left;\"><strong>Chronische Erkrankungen<br \/>\n<\/strong>wie neurologische Erkrankungen wie &#8211; <a href=\"http:\/\/anne-thewes.de\/?page_id=4422\">EBV (Epstein-Barr-Virus)<br \/>\n<\/a><a href=\"http:\/\/anne-thewes.de\/?page_id=4422\">Schilddr\u00fcsenerkrankungen, wie Hashimoto Thyreoiditits<\/a><br \/>\nsowie Erkrankungen des Zentralen Nervensystems<br \/>\nwie Trigeminus- und Fascialisl\u00e4hmung bzw. Neuralgien,<br \/>\n<a href=\"http:\/\/anne-thewes.de\/?page_id=4422\">G\u00fcrtelrose, Herpes Zoster oder Herpes simplex<\/a><br \/>\nHautproblemen wie Neurodermitits, Psoriasis, Juckreiz<br \/>\nAugenerkrankungen wie Gerstenk\u00f6rner<br \/>\nOhrenerkrankungen, Ohrgr\u00e4usche, Tinnitus, Schwerh\u00f6rigkeit<br \/>\nAtemwegserkrankungen, Sarkoidose<br \/>\nHerz-Kreislauferkrankungen<br \/>\nDurchblutungsst\u00f6rungen arterieller oder ven\u00f6ser Art<br \/>\nKrampfaderleiden<br \/>\nMagen- und Darmbeschwerden<br \/>\nBlasen- und Nierenerkrankungen<br \/>\n<a href=\"http:\/\/anne-thewes.de\/?page_id=4422\">Prostatabeschwerden<\/a><br \/>\ngyn\u00e4kologischen Erkrankungen &#8211;<br \/>\nWechseljahre und Kinderwunsch<br \/>\n(Mit Informationen zur bioidentischen Hormonsubstitution)<br \/>\nrheumatischen Beschwerden<br \/>\nR\u00fccken- und Gelenkbeschwerden, Osteoporose<br \/>\nKopfschmerzen, Migr\u00e4ne,<br \/>\nAllergien &#8211; Nahrungsmittelunvertr\u00e4glichkeiten<\/p>\n<p><strong>Akute Erkrankungen<\/strong><br \/>\nwie Magen- und Darminfekte<br \/>\nHarnwegsinfekte<br \/>\nSeekrankheit, Reis\u00fcbelkeit<br \/>\ngrippale und virale Infekte<br \/>\nsowie die Nachbehandlung von bakteriellen und viralen Infekten<br \/>\nZ. B. dem <a href=\"http:\/\/anne-thewes.de\/?page_id=2208\">Eppstein-Barr Virus (Mononukleose\/Pfeiffersches Dr\u00fcsenfieber)<\/a><\/p>\n<p><strong>Kinderwunsch<\/strong> mit Informationen zur bioidentischen Hormonsubstitution<br \/>\nInformationen zur Substitution von Hormonglobulis<br \/>\nAusleitung der Pille<br \/>\nsowie Anleitung zum<strong> \u201cNestbau\u201d<\/strong><\/p>\n<p><strong>Sowie:<\/strong><br \/>\nFolgebehandlung nach Operationen, Narkosen und Blutverlust<br \/>\nFolgebehandlung nach Knochenbr\u00fcchen mit verz\u00f6gerter Kallusbildung,<br \/>\nWundheilungsst\u00f6rungen und Nervenverletzungen und Narbenbildung<br \/>\nFolgebehandlung nach Unf\u00e4llen und Schock<\/p>\n<p>Begleittherapie bei Chemotherapie und Bestrahlung<\/p>\n<p><span style=\"text-decoration: underline;\"><strong>Gesundheitsvorsorge &amp; Pr\u00e4vention<\/strong><\/span><\/p>\n<p>NATURHEILKUNDE IST GEEIGENET F\u00dcR DIE<br \/>\nBEHANDLUNG ALLER AKUTEN UND<br \/>\nCHRONISCHEN ERKRANKUNGEN!<\/p>\n<p>&nbsp;<\/p>\n","protected":false},"excerpt":{"rendered":"<p>Und es kam der Tag, da das Risiko, in der Knospe zu verharren, schmerzlicher wurde als das Risiko zu bl\u00fchen. Ana\u00eds Nin Bei welchen Erkrankungen kann Naturheilkunde helfen? Grunds\u00e4tzlich bei allen akuten und chronischen Erkrankungen &#8211; k\u00f6rperlicher und seelischer Art , wie z.B. Psychische Erkrankungen wie Depressionen, \u00c4ngste und Spannungen, Stresserkrankungen wie Burnout und Ersch\u00f6pfung [&hellip;]<\/p>\n","protected":false},"author":2,"featured_media":6608,"parent":552,"menu_order":1,"comment_status":"open","ping_status":"closed","template":"","meta":{"footnotes":""},"_links":{"self":[{"href":"https:\/\/anne-thewes.de\/index.php?rest_route=\/wp\/v2\/pages\/95"}],"collection":[{"href":"https:\/\/anne-thewes.de\/index.php?rest_route=\/wp\/v2\/pages"}],"about":[{"href":"https:\/\/anne-thewes.de\/index.php?rest_route=\/wp\/v2\/types\/page"}],"author":[{"embeddable":true,"href":"https:\/\/anne-thewes.de\/index.php?rest_route=\/wp\/v2\/users\/2"}],"replies":[{"embeddable":true,"href":"https:\/\/anne-thewes.de\/index.php?rest_route=%2Fwp%2Fv2%2Fcomments&post=95"}],"version-history":[{"count":98,"href":"https:\/\/anne-thewes.de\/index.php?rest_route=\/wp\/v2\/pages\/95\/revisions"}],"predecessor-version":[{"id":5094,"href":"https:\/\/anne-thewes.de\/index.php?rest_route=\/wp\/v2\/pages\/95\/revisions\/5094"}],"up":[{"embeddable":true,"href":"https:\/\/anne-thewes.de\/index.php?rest_route=\/wp\/v2\/pages\/552"}],"wp:featuredmedia":[{"embeddable":true,"href":"https:\/\/anne-thewes.de\/index.php?rest_route=\/wp\/v2\/media\/6608"}],"wp:attachment":[{"href":"https:\/\/anne-thewes.de\/index.php?rest_route=%2Fwp%2Fv2%2Fmedia&parent=95"}],"curies":[{"name":"wp","href":"https:\/\/api.w.org\/{rel}","templated":true}]}}